{"id":3942,"date":"2024-08-04T17:33:36","date_gmt":"2024-08-04T17:33:36","guid":{"rendered":"https:\/\/shercards.com\/index.php\/product\/coaching-game-points-of-you\/"},"modified":"2025-10-20T10:34:17","modified_gmt":"2025-10-20T10:34:17","slug":"coaching-game-points-of-you","status":"publish","type":"product","link":"https:\/\/shercards.com\/es\/producto\/coaching-game-points-of-you\/","title":{"rendered":"Juego de coaching Puntos de ti"},"content":{"rendered":"<p>El juego de coaching Points of You\u2122, creado por los coaches israel\u00edes Yaron Golan y Efrat Shani, es una herramienta probada en el tiempo que es universalmente adecuada tanto para el trabajo grupal como individual con clientes o profesionales de ayuda. <\/p>\n<p> Las tarjetas tambi\u00e9n se pueden utilizar para autoentrenamiento, porque\u2026 las instrucciones describen claramente todos los matices de su uso y proporcionan algoritmos claros de funcionamiento.<\/p>\n<p> Adem\u00e1s, el juego Points of You\u2122 se puede utilizar en los entrenamientos como calentamiento, como respuesta a una petici\u00f3n o como una \u00faltima palabra de despedida para los participantes.<\/p>\n<p> El juego incluye:<\/p>\n<p> \u2022nbsp;nbsp;nbsp;nbsp;65 tarjetas, cada una de las cuales combina una imagen (fotograf\u00eda de alta calidad) y una palabra (concepto);<br \/> \u2022nbsp;nbsp;nbsp;nbsp;Libro-instrucciones que, adem\u00e1s de las explicaciones necesarias, incluyen cuentos, par\u00e1bolas y aforismos;<br \/> \u2022nbsp;nbsp;nbsp;nbsp;El campo de juego, que da estructura al proceso de juego.<br \/> \u2022nbsp;nbsp;nbsp;nbsp; Capacitaci\u00f3n y charla con presentadores<\/p>\n<p> Trabajar con cartas activa ambos hemisferios del cerebro, lo que permite ampliar significativamente la percepci\u00f3n, ir m\u00e1s all\u00e1 del pensamiento racional y atraer el subconsciente para resolver los problemas existentes y alcanzar los objetivos. <\/p>\n<p> Como lo demuestra la pr\u00e1ctica, con la ayuda del juego de coaching Points of You\u2122, que estimula simult\u00e1neamente tanto la l\u00f3gica como la imaginaci\u00f3n, la mayor\u00eda de las personas reciben mucho m\u00e1s r\u00e1pido una respuesta a su solicitud, que puede relacionarse con la mayor\u00eda de las tareas de diferentes \u00e1reas de la vida (carrera, finanzas, relaciones, autorrealizaci\u00f3n, etc.)<br \/> <\/br><\/br><\/p>","protected":false},"excerpt":{"rendered":"<p>El juego de entrenamiento Points of You\u2122, creado por los entrenadores israel\u00edes Yaron Golan y Efrat Shani, es una herramienta probada en el tiempo que<\/p>","protected":false},"featured_media":3943,"comment_status":"open","ping_status":"open","template":"","meta":[],"product_brand":[],"product_cat":[55],"product_tag":[],"class_list":{"0":"post-3942","1":"product","2":"type-product","3":"status-publish","4":"has-post-thumbnail","6":"product_cat-goal-dream-analysis-of-situations-events","8":"first","9":"outofstock","10":"product-type-simple"},"_links":{"self":[{"href":"https:\/\/shercards.com\/es\/wp-json\/wp\/v2\/product\/3942","targetHints":{"allow":["GET"]}}],"collection":[{"href":"https:\/\/shercards.com\/es\/wp-json\/wp\/v2\/product"}],"about":[{"href":"https:\/\/shercards.com\/es\/wp-json\/wp\/v2\/types\/product"}],"replies":[{"embeddable":true,"href":"https:\/\/shercards.com\/es\/wp-json\/wp\/v2\/comments?post=3942"}],"wp:featuredmedia":[{"embeddable":true,"href":"https:\/\/shercards.com\/es\/wp-json\/wp\/v2\/media\/3943"}],"wp:attachment":[{"href":"https:\/\/shercards.com\/es\/wp-json\/wp\/v2\/media?parent=3942"}],"wp:term":[{"taxonomy":"product_brand","embeddable":true,"href":"https:\/\/shercards.com\/es\/wp-json\/wp\/v2\/product_brand?post=3942"},{"taxonomy":"product_cat","embeddable":true,"href":"https:\/\/shercards.com\/es\/wp-json\/wp\/v2\/product_cat?post=3942"},{"taxonomy":"product_tag","embeddable":true,"href":"https:\/\/shercards.com\/es\/wp-json\/wp\/v2\/product_tag?post=3942"}],"curies":[{"name":"wp","href":"https:\/\/api.w.org\/{rel}","templated":true}]}}