{"id":3946,"date":"2024-08-04T17:33:36","date_gmt":"2024-08-04T17:33:36","guid":{"rendered":"https:\/\/shercards.com\/index.php\/product\/transformational-psychological-game-vicara\/"},"modified":"2025-10-20T10:34:17","modified_gmt":"2025-10-20T10:34:17","slug":"transformational-psychological-game-vicara","status":"publish","type":"product","link":"https:\/\/shercards.com\/es\/producto\/transformational-psychological-game-vicara\/","title":{"rendered":"Juego psicol\u00f3gico transformacional \u201cVicara\u201d"},"content":{"rendered":"<p>Autor Chernysheva Ekaterina. <\/p>\n<p> Equipo:nbsp;nbsp; <br \/> 1 bolsa para almacenamiento de 20*30 cm.<br \/> Campo sobre lienzo 60*60 cm.<br \/> Alfabeto de madera (letras y n\u00fameros de madera).<br \/> Figuras geom\u00e9tricas de vidrio.<br \/> En blanco para trabajar.<br \/> Manual metodol\u00f3gico del juego.<br \/> Carpeta de pl\u00e1stico.<\/p>\n<p> El tiempo aproximado del juego depende del n\u00famero de participantes: juego individual 1,5-2 horas, grupo 2,5-3 horas.&lt; br&gt; N\u00famero de participantes \u2013 hasta 8 personas.<\/p>\n<p> Juego de transformaci\u00f3n \u201cVikara\u201dDescripci\u00f3n: Juego \u201cVikara\u201d<br \/> Vikara se traduce del s\u00e1nscrito como Evoluci\u00f3n, cambio.nbsp;nbsp;<br \/> A todos nos encantan las predicciones, las se\u00f1ales del destino, las pistas del universo. <br \/> Este juego te dar\u00e1 todo esto y mucho m\u00e1s. Tiene profundidad, sabidur\u00eda y signos m\u00e1gicos.<br \/> El juego de transformaci\u00f3n \u201cVicara\u201d te ayudar\u00e1 a revelar el secreto, a ver las situaciones y toda tu vida de forma m\u00e1s amplia y multifac\u00e9tica. <br \/> Este juego puede servir para comprender y vivir diferentes situaciones de la vida.<br \/> Es posible que peri\u00f3dicamente te encuentres en situaciones similares, vivas seg\u00fan el mismo escenario, \u201cpises el mismo rastrillo\u201d y te preguntes constantemente: \u201c\u00bfPor qu\u00e9 esto?, \u00bfPor qu\u00e9 a m\u00ed?\u201d, etc., y no encuentres la respuesta, no la veas.<br \/> Si est\u00e1s listo para vivir y tomar lecciones en diferentes situaciones de la vida y gracias al juego, tu vida comenzar\u00e1 a transformarse de la mejor manera para ti, gracias al conocimiento adquirido, la informaci\u00f3n y los mensajes curativos.<br \/> Y no solo eso. El juego \u201cVicara\u201d, si lo deseas, puede desencadenar una serie de situaciones en tu vida, gracias a las cuales podr\u00e1s completar con \u00e9xito las lecciones necesarias y transformar tu vida para mejor. Y esto ya no es realmente un juego. Todo comenzar\u00e1 a suceder en la realidad. <br \/> El juego tambi\u00e9n se puede utilizar activamente tanto en la vida personal como en la actividad profesional: a trav\u00e9s de investigaciones durante la pr\u00e1ctica consultiva y terap\u00e9utica, as\u00ed como en clases magistrales, formaciones y presentaciones.<\/p>\n<p> \u00bfQu\u00e9 consultas ayuda a resolver el juego? :<br \/> \u2022 decidir el camino del desarrollo futuro y elegir pasos espec\u00edficos para alcanzar los objetivos<br \/> \u2022 revela tu propio potencial, ve esas oportunidades que no notas<br \/> \u2022 descubre tus fortalezas y debilidades <br \/> \u2022nbsp;nbsp ;nbsp;nbsp;priorizar correctamente en la vida, entender en qu\u00e9 centrarse<br \/> \u2022 encontrar apoyo interno para la confianza en s\u00ed mismo.<br \/> Te ayudar\u00e1 a aprobar con \u00e9xito y vivir la lecci\u00f3n de vida necesaria.<br \/> \u2022 tomar la elecci\u00f3n correcta en una situaci\u00f3n dif\u00edcil.<br \/> \u2022 armonizar las relaciones con la pareja.<br \/> El tiempo aproximado del juego depende del n\u00famero de participantes: juego individual 1,5-2 horas, grupo 2,5-3 horas.<br > N\u00famero de participantes \u2013 hasta 8 personas.<\/p>\n<p> MACs recomendadas para el juego \u201cVitara\u201d:<br \/> Cualquier recurso universal: \u2013 \u201cEmociones\u201d, \u201cEmociones del destino\u201d, \u201cAcerca de ti\u201d, \u201cLecciones del alma\u201d, etc. d. O cualquier recurso. <br \/> \u00bfAlguna carta sobre c\u00f3mo trabajar con arquetipos: \u201cArquetipos\u201d, \u201cArquetipos de cuentos de hadas\u201d, \u201cArquetipos y sombras\u201d, etc.?<\/p>\n<p> Cartas asociativas metaf\u00f3ricas \u201cEl camino del h\u00e9roe\u201d (+ \u201cRecurso elemental\u201d). <br \/> Para la carta \u201ctalism\u00e1n\u201d, puedes utilizar cualquier baraja de tarot o MAC.<br \/> Cualquier tarjeta con creencias limitantes. O cualquier texto que las limite.<\/p>\n<p> Es posible ense\u00f1ar el juego por parte del autor, con la emisi\u00f3n de un certificado.<br \/> <\/br><\/p>","protected":false},"excerpt":{"rendered":"<p>Autor Ekaterina Chernysheva. Equipo:nbsp;nbsp; 1 bolsanbsp;nbsp;para almacenamiento 20*30 cm. Campo sobre lienzo 60*60 cm. Alfabeto de madera (letras y n\u00fameros hechos<\/p>","protected":false},"featured_media":3947,"comment_status":"open","ping_status":"open","template":"","meta":[],"product_brand":[],"product_cat":[55],"product_tag":[],"class_list":{"0":"post-3946","1":"product","2":"type-product","3":"status-publish","4":"has-post-thumbnail","6":"product_cat-goal-dream-analysis-of-situations-events","8":"first","9":"outofstock","10":"product-type-simple"},"_links":{"self":[{"href":"https:\/\/shercards.com\/es\/wp-json\/wp\/v2\/product\/3946","targetHints":{"allow":["GET"]}}],"collection":[{"href":"https:\/\/shercards.com\/es\/wp-json\/wp\/v2\/product"}],"about":[{"href":"https:\/\/shercards.com\/es\/wp-json\/wp\/v2\/types\/product"}],"replies":[{"embeddable":true,"href":"https:\/\/shercards.com\/es\/wp-json\/wp\/v2\/comments?post=3946"}],"wp:featuredmedia":[{"embeddable":true,"href":"https:\/\/shercards.com\/es\/wp-json\/wp\/v2\/media\/3947"}],"wp:attachment":[{"href":"https:\/\/shercards.com\/es\/wp-json\/wp\/v2\/media?parent=3946"}],"wp:term":[{"taxonomy":"product_brand","embeddable":true,"href":"https:\/\/shercards.com\/es\/wp-json\/wp\/v2\/product_brand?post=3946"},{"taxonomy":"product_cat","embeddable":true,"href":"https:\/\/shercards.com\/es\/wp-json\/wp\/v2\/product_cat?post=3946"},{"taxonomy":"product_tag","embeddable":true,"href":"https:\/\/shercards.com\/es\/wp-json\/wp\/v2\/product_tag?post=3946"}],"curies":[{"name":"wp","href":"https:\/\/api.w.org\/{rel}","templated":true}]}}