{"id":3976,"date":"2024-08-04T17:38:54","date_gmt":"2024-08-04T17:38:54","guid":{"rendered":"https:\/\/shercards.com\/index.php\/product\/transformation-game-11-keys\/"},"modified":"2025-10-20T10:34:17","modified_gmt":"2025-10-20T10:34:17","slug":"transformation-game-11-keys","status":"publish","type":"product","link":"https:\/\/shercards.com\/es\/producto\/transformation-game-11-keys\/","title":{"rendered":"Juego de transformaci\u00f3n \u201c11 llaves\u201d"},"content":{"rendered":"<p><em>Autoras de m\u00e9todos \u00fanicos para resolver problemas: Olga Gudkova y Yana Konanykhina \u2013 practicantes de juegos, t\u00e9cnicas de juegos, presentadoras de juegos transformacionales, autoras del curso de formaci\u00f3n \u201cC\u00f3digo personal de \u00e9xito\u201d.<\/em><br \/><em>La esencia del juego es que cada participante pueda sumergirse en su vida, formular una intenci\u00f3n o meta y escribir instrucciones paso a paso para implementar su plan.<\/em><em>.<\/em><br \/><em>El set para presentadores incluye:<\/em> <\/p>\n<li> <em>Campo de juego de 90cm por 60cm fabricado con tela de pancarta<\/em><\/li>\n<li><em>Tarjetas principales con mensajes \u2013 64 piezas<\/em><\/li>\n<li><em>Instrucciones detalladas que te permiten jugar el juego sin entrenamiento.<\/em><\/li>\n<li><em>Fichas: Llave-talism\u00e1n 5 piezas<\/em><\/li>\n<li><em>Tarjetas adicionales \u201cMiedos\u201d \u2013 32 piezas&lt; \/em&gt;<\/li>\n<li><em>Tarjetas adicionales \u201cQu\u00e9 aprender\u201d \u2013 32 piezas<\/em><\/li>\n<li><em>Cubo 3 piezas (dodecaedro, hex\u00e1gono, hex\u00e1gono)<\/em> <\/li>\n<li><em>Bolsanbsp;<\/em><\/li>\n<li><em>Tubo<\/em><\/li>\n<p> Adem\u00e1s: Formaci\u00f3n en el juego para aquellos que no son presentadores profesionales, pero que realmente quieren probarse a s\u00ed mismos en un nuevo rol: 10.000 rublos. Recibir\u00e1s un juego con una consulta de una hora del autor sobre las reglas del juego y un certificado del presentador. Coste total: 35.000 rublos. (juego + consulta del autor + certificado).<br \/> <strong><em><br \/> Efectos del juego:<\/br><\/em><\/strong> <\/p>\n<ul>\n<li><em> Elaboraci\u00f3n profunda de la solicitud\/objetivos\/intenciones<\/em><\/li>\n<li><em> Conciencia de tus creencias limitantes<\/em><\/li>\n<li><em> Trabajando a trav\u00e9s de obst\u00e1culos y miedos<\/em><\/li>\n<li> <em> Conciencia de sus patrones de comportamiento<\/em><\/li>\n<li><em> Ampliando oportunidades y recursos<\/em><\/li>\n<li><em> Comprender las fortalezas que es importante desarrollar<\/em> <\/li>\n<li><em> Mejor comprensi\u00f3n de ti mismo<\/em><\/li>\n<li><em> Plan de acci\u00f3n para alcanzar el objetivo, instrucciones paso a paso<\/em><\/li>\n<li><em> Inspiraci\u00f3n y energ\u00eda para la acci\u00f3n.<\/em><\/li>\n<li><em> Con el apoyo de los dem\u00e1s, una persona entiende que no est\u00e1 sola en sus problemas.<\/em><\/li>\n<\/ul>\n<p> Hemos desarrollado un juego que permite especificar deseos, intenciones y objetivos, as\u00ed como comprender qu\u00e9 es lo que impide y qu\u00e9 es lo que ayuda en el camino hacia la realizaci\u00f3n. Hemos prestado mucha atenci\u00f3n a la formulaci\u00f3n de intenciones y objetivos. El juego permite trabajar esta cuesti\u00f3n con mucho cuidado.<br \/><em>Para ello, los participantes emprenden un viaje a trav\u00e9s de sus vidas hasta el pa\u00eds de las hadas de las \u201c11 Llaves\u201d. All\u00ed se enfrentan a sus cualidades internas, actitudes profundamente arraigadas que les impiden vivir con facilidad y tomar sus propias decisiones. Durante el viaje, tienen la oportunidad de liberarse de ellas y despejar su camino hacia el cumplimiento de su intenci\u00f3n. Cada tirada de dados ayuda a una persona a ver posibilidades y soluciones en las que no hab\u00eda pensado.<\/em><br \/><em>En el tablero hay ocho casas: \u201cCasa del coraje\u201d, \u201cCasa de la alegr\u00eda\u201d, \u201cCasa de la confianza\u201d, \u201cCasa de la verdad\u201d, \u201cCasa del amor\u201d, \u201cCasa de la conciencia\u201d, \u201cCasa de los deseos\u201d, \u201cCasa de la libre elecci\u00f3n\u201d. La tarea de los participantes es seguir el camino que los llevar\u00e1 a la realizaci\u00f3n de sus planes. En el proceso de pasar por el camino, los participantes se concentran en varias manifestaciones y cualidades que ayudan o dificultan el logro de resultados. Aqu\u00ed se realiza el trabajo de la conciencia y el subconsciente con la ayuda de cartas b\u00e1sicas y adicionales.<\/em><br \/>El juego contiene varias opciones de juego, lo que ayuda a diversificar el enfoque para resolver problemas.<br \/><em>El viaje no implica una competici\u00f3n entre los participantes, no hay ganadores ni perdedores. El juego invita a la persona a dialogar con su yo interior. La interacci\u00f3n de los participantes entre s\u00ed es muy importante, ya que produce un efecto positivo y r\u00e1pido.<\/em><br \/><em>Despu\u00e9s del juego, se producen cambios en la vida de los participantes. Es importante centrar la atenci\u00f3n de los jugadores en observar este proceso y registrar el resultado. El juego lleva la conciencia y el subconsciente de una persona a un estado de equilibrio en todos los niveles. Tambi\u00e9n permite comprender que todo en la vida es posible, que ni siquiera es necesario realizar acciones activas, sino cambiar las actitudes internas para lograr resultados. A veces es al rev\u00e9s: no hay que pensar demasiado, sino ponerse a hacerlo. Pero para cada uno de los participantes, el juego ofrecer\u00e1 su propia opci\u00f3n personal.<\/em><br \/> <\/br><\/p>","protected":false},"excerpt":{"rendered":"<p>Autoras de m\u00e9todos \u00fanicos para resolver problemas: Olga Gudkova y Yana Konanykhina \u2013 practicantes de juegos, t\u00e9cnicas de juegos, presentadoras de m\u00e9todos transformacionales<\/p>","protected":false},"featured_media":3977,"comment_status":"open","ping_status":"open","template":"","meta":[],"product_brand":[],"product_cat":[55],"product_tag":[],"class_list":{"0":"post-3976","1":"product","2":"type-product","3":"status-publish","4":"has-post-thumbnail","6":"product_cat-goal-dream-analysis-of-situations-events","8":"first","9":"outofstock","10":"product-type-simple"},"_links":{"self":[{"href":"https:\/\/shercards.com\/es\/wp-json\/wp\/v2\/product\/3976","targetHints":{"allow":["GET"]}}],"collection":[{"href":"https:\/\/shercards.com\/es\/wp-json\/wp\/v2\/product"}],"about":[{"href":"https:\/\/shercards.com\/es\/wp-json\/wp\/v2\/types\/product"}],"replies":[{"embeddable":true,"href":"https:\/\/shercards.com\/es\/wp-json\/wp\/v2\/comments?post=3976"}],"wp:featuredmedia":[{"embeddable":true,"href":"https:\/\/shercards.com\/es\/wp-json\/wp\/v2\/media\/3977"}],"wp:attachment":[{"href":"https:\/\/shercards.com\/es\/wp-json\/wp\/v2\/media?parent=3976"}],"wp:term":[{"taxonomy":"product_brand","embeddable":true,"href":"https:\/\/shercards.com\/es\/wp-json\/wp\/v2\/product_brand?post=3976"},{"taxonomy":"product_cat","embeddable":true,"href":"https:\/\/shercards.com\/es\/wp-json\/wp\/v2\/product_cat?post=3976"},{"taxonomy":"product_tag","embeddable":true,"href":"https:\/\/shercards.com\/es\/wp-json\/wp\/v2\/product_tag?post=3976"}],"curies":[{"name":"wp","href":"https:\/\/api.w.org\/{rel}","templated":true}]}}