{"id":4147,"date":"2024-08-04T17:57:56","date_gmt":"2024-08-04T17:57:56","guid":{"rendered":"https:\/\/shercards.com\/index.php\/product\/universal-team-game-signs-of-ancestors\/"},"modified":"2025-10-20T10:34:17","modified_gmt":"2025-10-20T10:34:17","slug":"universal-team-game-signs-of-ancestors","status":"publish","type":"product","link":"https:\/\/shercards.com\/es\/producto\/universal-team-game-signs-of-ancestors\/","title":{"rendered":"Juego de equipo universal \u201cSe\u00f1ales de los antepasados\u201d"},"content":{"rendered":"<p>Autora: Anastasia Reshetnikova, coach empresarial, consultora empresarial, autora y desarrolladora de soluciones de juego para la eficacia empresarial y personal.<br \/><strong>Contenido:<\/strong> <\/p>\n<ul>\n<li>25 tarjetas;<\/li>\n<p> &lt; li&gt;Instrucciones;<\/li>\n<\/ul>\n<p> El objetivo principal del juego es desarrollar habilidades de comunicaci\u00f3n multifuncionales: la capacidad de comunicarse de forma fruct\u00edfera, colaborar y comprender el lenguaje y el estilo de pensamiento de los dem\u00e1s para lograr objetivos comunes.<br \/>El juego \u201cSe\u00f1ales de los antepasados\u201d desarrolla habilidades de liderazgo y planificaci\u00f3n estrat\u00e9gica, la capacidad de comunicarse de forma productiva y resolver problemas de equipo de forma r\u00e1pida y eficaz. El juego permite analizar el grado de implicaci\u00f3n y las estrategias de comportamiento de los participantes. Puede servir como punto de partida para los temas: interacci\u00f3n en equipo, roles en un equipo, liderazgo, capacidad de escuchar y conectar el pensamiento estrat\u00e9gico, transmitir sus pensamientos a los compa\u00f1eros de equipo.<br \/> Momento: <\/p>\n<ul>\n<li>Juego \u2013 20 minutos<\/li>\n<li>Discusi\u00f3n \u2013 10-15 minutos.<\/li>\n<\/ul>\n<p> <em>El juego consta de 4 etapas: nbsp;<\/em> <\/p>\n<li>Los participantes reciben instrucciones: deben colocar las cartas en la secuencia correcta. Se dan 20 minutos para debatir. Despu\u00e9s de este tiempo, los jugadores tendr\u00e1n 1 minuto para colocar las cartas boca abajo en la secuencia elegida. Restricciones: sus cartas no pueden ser mostradas a otros participantes y (o) pasadas de mano en mano, no se puede interactuar a trav\u00e9s de escritos o dibujos. Solo de forma oral, describiendo las im\u00e1genes con palabras.<\/li>\n<li>Los participantes reciben tarjetas en igual n\u00famero.<\/li>\n<li>El cron\u00f3metro se pone en marcha. En un plazo de 20 minutos, los participantes toman una decisi\u00f3n en equipo sobre el orden en que colocar\u00e1n las cartas. Despu\u00e9s de 20 minutos, las cartas se colocan boca abajo en el orden que se determin\u00f3 durante el debate.<\/li>\n<li>Uno de los participantes gira las cartas hacia arriba.<\/li>\n<p> <strong>Discusi\u00f3n<br \/> <\/br>Preguntas que pueden plantearse al final del juego: <\/p>\n<ul>\n<li>\u00bfC\u00f3mo te sientes? \u00bfC\u00f3mo te sientes?<\/li>\n<li>\u00bfQu\u00e9 exactamente le ayud\u00f3 y le dificult\u00f3 alcanzar su objetivo?<\/li>\n<li>\u00bfC\u00f3mo cambiar\u00edas tu estrategia de comportamiento si tuvieras la oportunidad de volver a jugar?<\/li>\n<li >\u00bfQu\u00e9 valor tiene el juego para ti? \u00bfQu\u00e9 cosas nuevas has entendido y aprendido?<\/li>\n<\/ul>\n<p> <\/br><\/br><\/p>","protected":false},"excerpt":{"rendered":"<p>Autora: Anastasia Reshetnikova, coach de negocios, consultora de negocios, autora y desarrolladora de soluciones de juego para la eficacia empresarial y personal.Contenido: 25 cartas;<\/p>","protected":false},"featured_media":4148,"comment_status":"open","ping_status":"open","template":"","meta":[],"product_brand":[],"product_cat":[47],"product_tag":[],"class_list":{"0":"post-4147","1":"product","2":"type-product","3":"status-publish","4":"has-post-thumbnail","6":"product_cat-money-finance-business-games","8":"first","9":"outofstock","10":"product-type-simple"},"_links":{"self":[{"href":"https:\/\/shercards.com\/es\/wp-json\/wp\/v2\/product\/4147","targetHints":{"allow":["GET"]}}],"collection":[{"href":"https:\/\/shercards.com\/es\/wp-json\/wp\/v2\/product"}],"about":[{"href":"https:\/\/shercards.com\/es\/wp-json\/wp\/v2\/types\/product"}],"replies":[{"embeddable":true,"href":"https:\/\/shercards.com\/es\/wp-json\/wp\/v2\/comments?post=4147"}],"wp:featuredmedia":[{"embeddable":true,"href":"https:\/\/shercards.com\/es\/wp-json\/wp\/v2\/media\/4148"}],"wp:attachment":[{"href":"https:\/\/shercards.com\/es\/wp-json\/wp\/v2\/media?parent=4147"}],"wp:term":[{"taxonomy":"product_brand","embeddable":true,"href":"https:\/\/shercards.com\/es\/wp-json\/wp\/v2\/product_brand?post=4147"},{"taxonomy":"product_cat","embeddable":true,"href":"https:\/\/shercards.com\/es\/wp-json\/wp\/v2\/product_cat?post=4147"},{"taxonomy":"product_tag","embeddable":true,"href":"https:\/\/shercards.com\/es\/wp-json\/wp\/v2\/product_tag?post=4147"}],"curies":[{"name":"wp","href":"https:\/\/api.w.org\/{rel}","templated":true}]}}