{"id":4180,"date":"2024-08-04T18:00:41","date_gmt":"2024-08-04T18:00:41","guid":{"rendered":"https:\/\/shercards.com\/index.php\/product\/psychological-game-me-and-money\/"},"modified":"2025-10-20T10:34:17","modified_gmt":"2025-10-20T10:34:17","slug":"psychological-game-me-and-money","status":"publish","type":"product","link":"https:\/\/shercards.com\/es\/producto\/psychological-game-me-and-money\/","title":{"rendered":"Juego psicol\u00f3gico \u201cYo y el dinero\u201d"},"content":{"rendered":"<p>Autora: Tatyana Kuznetsova \u2013 psic\u00f3loga, practicante de juegos, fundadora de BURO | Juegos psicol\u00f3gicos.<br \/> Dise\u00f1o: Oksana Sergienko <br \/> <\/br> Equipo:<br \/> Bolsa de la compra 35,5 cm x 39 cm<br \/> Campo plegable 60\u00d760<br \/> 24 cubiertas \u2013 tama\u00f1o 11\u00d78<br \/> 6 cubiertas \u2013 tama\u00f1o 9\u00d76,5<br \/> Cubo hexagonal <br \/> Cubo \u201cS\u00ed, No, Probablemente\u201d<br \/> En formato electr\u00f3nico: <br \/> Instrucciones<br \/> Hoja de ruta para el juego <br \/> <\/br> Capacitaci\u00f3n:<br \/> Desconectado en Mosc\u00fa<br \/> En l\u00ednea en cualquier parte del mundo<br \/> Pasar\u00e1s por una partida magistral con el autor del juego. El entrenamiento dura una media de 2-3 horas, gracias a las cuales el juego se adaptar\u00e1 r\u00e1pidamente a tu pr\u00e1ctica. <br \/> <\/br> BONOS:<br \/> 1. Acceso a los materiales del curso \u201cgaming PRACTICE\u201d en canal cerrado de Telegram.<br \/> 2. Consulta de una hora con un especialista en marketing de BUREAU | Psychological Games. An\u00e1lisis de redes sociales, c\u00f3mo trabajar con clientes, qu\u00e9 funnels de venta poner en marcha, etc.<br \/> El juego se puede jugar tanto en l\u00ednea como fuera de l\u00ednea. <\/p>\n<p> Tama\u00f1o del bolso de mano: 35,5 cm x 39 cm<br \/> Peso: 2,8 kg<\/p>\n<p> La idea del juego es observar la circulaci\u00f3n del dinero en la vida de una persona. Incluye 4 fases y cada fase es responsable de su propia subpersonalidad financiera. <br \/>1. BANQUILLO<br \/> Gana dinero utilizando el potencial personal de una persona, sus habilidades, energ\u00eda y tiempo.<br \/>2. COLECCIONISTA<br \/> Recauda dinero: cuenta los esfuerzos que ha realizado una persona y luego presenta esta factura a la sociedad (fijando un precio por sus servicios y trabajo).<br \/>3. GUARDI\u00c1N<br \/> Guarda el dinero, lo distribuye seg\u00fan las necesidades, decide en qu\u00e9 ahorrar y en qu\u00e9 gastar ahora.<br \/>4. GASTADOR<br \/> Gasta dinero, es responsable de garantizar que se utilice en una determinada cantidad, en un plazo determinado y para determinadas necesidades.<br \/>Durante el juego, observamos estas fases desde diferentes \u00e1ngulos: c\u00f3mo est\u00e1n entrelazadas, cu\u00e1les de estas fases son las m\u00e1s importantes y cu\u00e1les requieren atenci\u00f3n.<br \/>Un grupo suele estar formado por hasta 4 personas. En promedio, tocar para un grupo lleva 2,5 horas, dependiendo de la din\u00e1mica del grupo. <\/p>\n<p> \u00bfQu\u00e9 dudas se pueden resolver con la ayuda de un juego?<br \/> \u00bfC\u00f3mo alcanzar un nuevo nivel financiero?<br \/> \u00bfQu\u00e9 obstaculiza mi crecimiento financiero?<br \/> \u00bfC\u00f3mo llevar un proyecto a un nuevo nivel?<br \/> \u00bfQu\u00e9 me impide ahorrar la cantidad requerida?<br \/> \u00bfC\u00f3mo comprar inmuebles, coches, etc.?<br \/> \u00bfC\u00f3mo proporcionarse un \u201ccolch\u00f3n de seguridad\u201d?<br \/> \u00bfC\u00f3mo romper el techo financiero? <br \/> \u00bfC\u00f3mo dejar de tener miedo a quedarse sin dinero?<br \/> \u00bfC\u00f3mo dejar de gastar dinero r\u00e1pidamente?<br \/> \u00bfC\u00f3mo iniciar tu crecimiento y desarrollo? <br \/> \u00bfC\u00f3mo superar tus miedos y obst\u00e1culos?<br \/> \u00bfC\u00f3mo alcanzar sus objetivos de negocio?<\/p>\n<p> \u00bfQui\u00e9n puede convertirse en maestro del juego?<br \/>Psic\u00f3logos y profesionales del juego<br \/> \u00a1Las solicitudes de temas financieros son siempre relevantes! Con el juego, puedes analizar r\u00e1pidamente la situaci\u00f3n actual de tus clientes.<br \/>Entrenadores<br \/> El juego ser\u00e1 una excelente herramienta en tu pr\u00e1ctica, que te ayudar\u00e1 a comprender r\u00e1pidamente la situaci\u00f3n actual y desarrollar un plan para trabajar en una solicitud financiera.<br \/>Mentores<br \/> Si usted se dedica a la mentor\u00eda, el juego le ayudar\u00e1 a evaluar el punto \u201cA\u201d de su aprendiz y prescribir un plan de acci\u00f3n claro para lograr el punto \u201cB\u201d.<br \/>Especialistas en RRHH<br \/> A trav\u00e9s del juego analizar\u00e1s los objetivos y valores, las estrategias de comportamiento, las fortalezas y debilidades de cada equipo participante. Encontrar\u00e1s motivaciones y recursos comunes para el equipo.<br \/>El juego es adecuado para ti si eres<br \/> Cansado de consultas constantes<br \/> Si est\u00e1s cansado de una gran cantidad de consultas y est\u00e1s buscando nuevas herramientas, entonces mi juego es perfecto para ti. Al introducir el juego en tu pr\u00e1ctica, puedes aumentar el flujo de clientes, tu l\u00ednea de productos y, en consecuencia, tus ganancias.<br \/>\u00bfQuieres empezar a liderar eventos grupales?<br \/> Mi juego ser\u00e1 un excelente comienzo para dirigir grupos. Si a\u00fan no has tenido experiencia en este \u00e1mbito, el paquete incluye el acceso a los materiales del curso \u201cPR\u00c1CTICA DE JUEGO\u201d, donde encontrar\u00e1s todo lo necesario para comenzar a trabajar con un grupo.<br \/>\u00bfQuieres aumentar tus ingresos por la pr\u00e1ctica?<br \/> No es ning\u00fan secreto que los eventos grupales te permiten ganar m\u00e1s. Por ejemplo, si fijas el precio de un juego en 4.000 rublos, ganar\u00e1s 16.000 rublos por un juego grupal. En funci\u00f3n del juego, puedes realizar una formaci\u00f3n o tutor\u00eda con un precio m\u00e1s alto. El comercial de BUREAU te explicar\u00e1 c\u00f3mo hacerlo durante una consulta.<br \/>\u00bfQuieres implementar una herramienta moderna?<br \/> La pr\u00e1ctica de juegos y los juegos de transformaci\u00f3n son cada vez m\u00e1s populares cada a\u00f1o, porque son r\u00e1pidos, seguros y efectivos. A menudo, en un juego es m\u00e1s f\u00e1cil para el cliente abrirse. Despu\u00e9s del juego, los clientes suelen comenzar una terapia a largo plazo.<br \/>Proceso del juego &#039;Yo y el dinero&#039;<br \/> El movimiento por el campo se realiza mediante cubos y fichas.<br \/>En cada subpersonalidad, el movimiento se produce en espiral. Cada espiral incluye recursos y causas.<br \/>Recursos:<br \/> Perspectiva<br \/> Acci\u00f3n<br \/> Opini\u00f3n<br \/> Habilidades<br \/> Principios<br \/> Fuerza<br \/>Causas:<br \/> Beneficios secundarios<br > Pensamiento<br \/> Necesidades<br \/> Historias familiares<br \/> Miedos<br \/> Creencias<br \/>A medida que avanza por el campo, el l\u00edder del juego mantiene un di\u00e1logo con cada participante y hace preguntas que ayudan a llegar a la verdadera esencia de la solicitud.<br \/>B 4 personas participan en el juego. Pueden dialogar con un amigo y dar su opini\u00f3n.<br \/>M\u00e1s sobre las subpersonalidades<br \/>OBSERVADOR DE P\u00c1JAROS<br \/> Obviamente, gana dinero. Y es importante que conozcamos en detalle sus rasgos de car\u00e1cter y su rutina diaria. \u00bfPara qu\u00e9? En general, ganar dinero es un desperdicio del potencial personal de una persona, de sus habilidades, de su energ\u00eda y de su tiempo.<br \/> \u2800<br \/> Esto significa que nuestro sustentador interior debe ser capaz de desenvolverse en esta sociedad que nos rodea, de vivir y trabajar seg\u00fan sus reglas. Debe tener ciertas cualidades y preferencias.<br \/> \u2800<br \/> Por ejemplo, una situaci\u00f3n previsible y una situaci\u00f3n con certeza le resultar\u00e1n mucho m\u00e1s cercanas que los milagros, porque las consecuencias interfieren con la estabilidad.<br \/> \u2800<br \/> Donde hay incertidumbre, nuestro asalariado puede perder estabilidad y no sentirse muy bien. Por eso, suele evitar cosas nuevas. Pero es importante que sea capaz de asumir riesgos.<br \/> \u2800<br \/> Nuestro sustentador de familia proviene del verbo \u201cdeber\u00eda\u201d y, por lo tanto, para \u00e9l el trabajo es solo trabajo. Por supuesto, est\u00e1 influenciado por otras subpersonalidades, con sus propias tareas y objetivos. <br \/>COLECCIONISTA<br \/> La inclusi\u00f3n de la subpersonalidad del Coleccionista supone un fuerte cambio de conciencia. Se diferencia del Sost\u00e9n de la Familia no s\u00f3lo en sus responsabilidades, sino tambi\u00e9n en sus rasgos de car\u00e1cter. <br \/>Esta subpersonalidad debe saber d\u00f3nde, por qu\u00e9 y cu\u00e1nto se le debe pagar. Poseer los rasgos de car\u00e1cter necesarios para lograr que la sociedad cumpla (a veces con inflexibilidad) sus obligaciones.<br \/> \u2800<br \/> No siempre se trata de arrogancia y dureza. La subpersonalidad del Recolector puede funcionar de forma mucho m\u00e1s sutil. <br \/>El Recaudador tambi\u00e9n debe ser capaz de tener en cuenta todos los esfuerzos del Adquirente, no olvidarlos y no meterlos en un solo saco. Establecer varios canales para la recepci\u00f3n del dinero, ser responsable de su integridad, calidad y velar por que no se obstruyan. <br \/>GUARDI\u00c1N<br \/> La subpersonalidad Guardi\u00e1n es due\u00f1a de un sistema de almacenamiento complejo y estructurado, que, por parad\u00f3jico que parezca, cambia din\u00e1micamente. <br \/>Los deberes del tutor incluyen: <br \/>1. Dividir nuestros ahorros en importantes, grandes y corrientes. Por ejemplo, repartirlos en \u201csobres\u201d para la educaci\u00f3n de los hijos y la compra de una casa, pago de vivienda y vacaciones, alimentaci\u00f3n y necesidades diarias. <br \/>2. Decide en qu\u00e9 moneda guardar\u00e1s el dinero. Si se trata de un custodio bien desarrollado, lo guardar\u00e1 en diferentes monedas.<br \/>3. Decide si dar el dinero o no.<br \/>4. Clasifica el dinero recibido, prepara un \u201csobre\u201d de gastos para otras subpersonalidades. <br \/>\u00a1Es en esta fase cuando el dinero pasa de recibirse a gastarse! Pero tambi\u00e9n aqu\u00ed hay trampas.<br \/>A veces el custodio es codicioso y retiene el dinero, impidiendo que circule por las cuatro fases. <br \/>O puede que el guardi\u00e1n est\u00e9 completamente lleno de agujeros. Por mucho dinero que entra, sale mucho dinero. Entonces nuestro guardi\u00e1n no tiene la energ\u00eda para distribuir y hacer funcionar plenamente todas las subpersonalidades. <br \/>GASTADOR<br \/> La subpersonalidad del Gastador es responsable de garantizar que el dinero se gaste en una cierta cantidad, dentro de un cierto per\u00edodo de tiempo y para ciertas necesidades de una persona.<br \/> \u2800<br \/> Al recibir dinero para gastos del Guardi\u00e1n, no debe colocarlo en un solo \u201csobre\u201d. Es importante saber que la energ\u00eda del dinero es m\u00e1s espec\u00edfica y \u00fanica de lo que parece a primera vista.<br \/> \u2800<br \/> Por lo tanto, el gastador debe tener claro con qu\u00e9 tipo de dinero (importante o corriente) est\u00e1 trabajando en ese momento, lo que requiere que en cada caso tenga atributos y acciones diferentes.<br \/>El Gastador tambi\u00e9n influye mucho en otras subpersonalidades.<br \/> \u2800<br \/> Puede ser un recurso para el que gana: quiere gastar dinero en alg\u00fan lugar y le informa de ello, lo inspira. O, por el contrario, puede desconectarlo: entonces el que gana deja de ser creativo y comienza a ganar dinero de manera mec\u00e1nica y est\u00fapida para d\u00e1rselo al que gasta. Y lo tira a diestro y siniestro.<br \/> \u2800<br \/> Si el Gastador compra sin pensar, entonces el Guardi\u00e1n tambi\u00e9n empieza a sufrir, porque debe satisfacer las necesidades del Gastador todo el tiempo.<br \/> \u2800<br \/> El Coleccionista, a su vez, est\u00e1 en tensi\u00f3n, pensando d\u00f3nde puede juntar dinero para pas\u00e1rselo al Gastador, pasando por alto al Guardi\u00e1n. <\/p>\n<p> Para que el Gastador sea razonable y comprenda por qu\u00e9 y en qu\u00e9 gasta su dinero, qu\u00e9 necesidad satisface, para inspirar a otras subpersonalidades, \u00a1todas deben actuar al un\u00edsono! As\u00ed el recipiente del dinero dentro de nosotros funcionar\u00e1 bien y de manera continua.<\/p>","protected":false},"excerpt":{"rendered":"<p>Autora: Tatiana Kuznetsova \u2013 psic\u00f3loga, especialista en juegos, fundadora de BURO | Psychological Games. Dise\u00f1o: Oksana Sergienko Equipamiento: Shopper 35,5 cm<\/p>","protected":false},"featured_media":4181,"comment_status":"open","ping_status":"open","template":"","meta":[],"product_brand":[],"product_cat":[47],"product_tag":[],"class_list":{"0":"post-4180","1":"product","2":"type-product","3":"status-publish","4":"has-post-thumbnail","6":"product_cat-money-finance-business-games","8":"first","9":"outofstock","10":"product-type-simple"},"_links":{"self":[{"href":"https:\/\/shercards.com\/es\/wp-json\/wp\/v2\/product\/4180","targetHints":{"allow":["GET"]}}],"collection":[{"href":"https:\/\/shercards.com\/es\/wp-json\/wp\/v2\/product"}],"about":[{"href":"https:\/\/shercards.com\/es\/wp-json\/wp\/v2\/types\/product"}],"replies":[{"embeddable":true,"href":"https:\/\/shercards.com\/es\/wp-json\/wp\/v2\/comments?post=4180"}],"wp:featuredmedia":[{"embeddable":true,"href":"https:\/\/shercards.com\/es\/wp-json\/wp\/v2\/media\/4181"}],"wp:attachment":[{"href":"https:\/\/shercards.com\/es\/wp-json\/wp\/v2\/media?parent=4180"}],"wp:term":[{"taxonomy":"product_brand","embeddable":true,"href":"https:\/\/shercards.com\/es\/wp-json\/wp\/v2\/product_brand?post=4180"},{"taxonomy":"product_cat","embeddable":true,"href":"https:\/\/shercards.com\/es\/wp-json\/wp\/v2\/product_cat?post=4180"},{"taxonomy":"product_tag","embeddable":true,"href":"https:\/\/shercards.com\/es\/wp-json\/wp\/v2\/product_tag?post=4180"}],"curies":[{"name":"wp","href":"https:\/\/api.w.org\/{rel}","templated":true}]}}