{"id":4308,"date":"2024-08-04T18:16:27","date_gmt":"2024-08-04T18:16:27","guid":{"rendered":"https:\/\/shercards.com\/index.php\/product\/transformational-psychological-game-on-the-path-to-happiness-relationship\/"},"modified":"2025-10-20T10:34:17","modified_gmt":"2025-10-20T10:34:17","slug":"transformational-psychological-game-on-the-path-to-happiness-relationship","status":"publish","type":"product","link":"https:\/\/shercards.com\/es\/producto\/transformational-psychological-game-on-the-path-to-happiness-relationship\/","title":{"rendered":"Juego psicol\u00f3gico transformador \u201cEn el camino hacia la felicidad. Relaciones\u201d"},"content":{"rendered":"<p>Autora: Ksenia Krylova \u2013 psic\u00f3loga, especialista certificada en el trabajo con MAC, autora de un curso de formaci\u00f3n sobre MAC, practicante de Theta-healing, practicante de juegos, practicante de Access Bars, presentadora de juegos transformacionales, participante numerosa en festivales de juegos psicol\u00f3gicos de mesa, autora de la baraja \u201c120 recursos para hombres y mujeres\u201d, \u201cRelaciones. En el camino a la felicidad\u201d, \u201cMotivaci\u00f3n. En el camino a la felicidad\u201d, nbsp; y tambi\u00e9n autora del juego de transformaci\u00f3n \u201cEn el camino a la felicidad. Relaciones\u201d y de la marca nbsp; \u201cEn el camino a la felicidad\u201d.<br \/><strong>Incluye:<\/strong> <\/p>\n<li>Campo de juego sobre tejido de primera calidad<\/li>\n<li>Baraja de cartas metaf\u00f3ricas \u201cRelaciones. En el camino de la felicidad\u201d, 100 cartas plastificadas en brillo<\/li>\n<li>Baraja de cartas metaf\u00f3ricas \u201cPersonajes\u201d, 20 cartas plastificadas en brillo<\/li>\n<li>Baraja de texto \u201cMensajes\u201d, 50 cartas laminadas en brillo<\/li>\n<p> es&gt; <\/p>\n<li>Baraja de texto \u201cConfiguraci\u00f3n\u201d, 50 cartas laminadas en brillo<\/li>\n<li>Baraja de texto \u201cBonus\u201d, 50 cartas laminadas en brillo<\/li>\n<li>Baraja de texto \u201cPreguntas\u201d, 50 cartas laminadas en brillo<\/li>\n<li>Juego de cartas \u201cMensajes para ti desde el campo de juego\u201d 20 piezas<\/li>\n<li>Juego de piedras m\u00e1gicas \u201cTalentos\u201d 40 piezas<\/li>\n<li>Juego de fichas de juego de madera natural 6 piezas<\/li>\n<li>Dados de 6 caras<\/li>\n<li>Certificado de l\u00edder (emitido por el autor al finalizar la capacitaci\u00f3n)<\/li>\n<li>Hoja de jugador 10 piezas<\/li>\n<li>Juegos con embalaje de marca<\/li>\n<li>Instrucciones para el presentador<\/li>\n<li>Bolsas de organza en el color del juego para barajas de texto, piedras m\u00e1gicas, fichas y cubos.<\/li>\n<li>Conjunto de formaci\u00f3n en v\u00eddeo del autor, en el que se incluyen los conceptos b\u00e1sicos para aprender a trabajar con un Mac y los conceptos b\u00e1sicos de la pr\u00e1ctica de juegos.<\/li>\n<li>Chat cerrado para apoyar a los presentadores.<\/li>\n<p> El juego incluye todo lo necesario para el presentador y los jugadores.<br \/> \u00a1Este juego te ayudar\u00e1 a mirar las relaciones desde una nueva perspectiva, aportar armon\u00eda y calidez, mejorar su calidad y devolverle el amor verdadero a ti y a tus clientes!<br \/>El juego consta de 8 etapas. Al igual que en la vida, cada pareja pasa por estas etapas. Alguien rompe una relaci\u00f3n en una etapa y entra en una nueva, comenzando todo de nuevo, alguien se queda estancado en una de las etapas y contin\u00faa viviendo en ella sin desarrollarse, mientras que alguien gana experiencia y avanza, junto con su pareja, hacia el verdadero, verdadero amor. Para aquellos que a\u00fan no tienen una relaci\u00f3n, el juego ayuda a no cometer errores en la vida y pasar por estas etapas primero en el campo de juego. Y luego entrar conscientemente en una relaci\u00f3n, dejando todos los escenarios y escenarios en el pasado. El juego se puede jugar un n\u00famero ilimitado de veces. Tanto mujeres como hombres pueden jugar. E incluso junto con su pareja.<br \/>\u00a1Pasa por todas las etapas del juego y tu relaci\u00f3n brillar\u00e1 con nuevos colores!<br \/>De etapa en etapa, en tu camino te encontrar\u00e1s con actitudes negativas, escenarios gen\u00e9ricos, errores, tarjetas para resolverlos, as\u00ed como mensajes y bonificaciones que te recompensar\u00e1n y apoyar\u00e1n cuando sea necesario. Las tarjetas metaf\u00f3ricas incluidas en el juego te ayudar\u00e1n a profundizar y encontrar recursos para resolver todas las consultas y lesiones que surjan durante el juego. El juego tambi\u00e9n tiene una caracter\u00edstica \u00fanica: \u00a1estos son personajes! \u00a1Los personajes principales que te guiar\u00e1n a trav\u00e9s de todas las etapas del juego hacia tu objetivo y tu solicitud! Y piedras de talento que muestran claramente si tus acciones en las relaciones son correctas y qu\u00e9 m\u00e1s se debe hacer. A pesar de su profundidad, \u00a1el juego es muy ingenioso! \u00a1Ella cambia de estado! \u00a1Y nadie permanece indiferente despu\u00e9s de completarlo!<br \/>Mec\u00e1nica del juego.<br \/>El juego consta de 8 etapas. Al igual que en la vida, cada pareja pasa por estas etapas. Alguien rompe una relaci\u00f3n en una etapa y entra en una nueva, comenzando todo de nuevo, alguien se queda estancado en una de las etapas y contin\u00faa viviendo en ella sin desarrollarse, mientras que alguien gana experiencia y avanza, junto con su pareja, hacia el amor verdadero, \u00a1verdadero!<br \/>El juego comienza en el centro del mandala. Todos los jugadores colocan sus fichas en el centro. El jugador que inicia el juego primero se presenta, expresa su solicitud y elige un personaje del juego al azar de la baraja de retratos. Las ni\u00f1as de la parte femenina de la baraja, los hombres de la parte masculina. Luego, lanzando un dado, determina: &quot;\u00bfCu\u00e1ntos talentos tiene ya para crear relaciones armoniosas?&quot; El presentador le da al jugador tantos guijarros, cu\u00e1ntos cayeron en los dados.<br \/>Luego, el jugador lanza los dados y comienza a moverse por el campo, contando las casillas desde el n\u00famero 1. Para no confundirse sobre d\u00f3nde ir a lo largo del campo, nos centramos en los n\u00fameros, vamos; del 1 al n\u00famero 50. Pasamos por todas las etapas. Las piedras de talento son la moneda del juego. Cuando un jugador llega a 10 talentos en una partida, los intercambia con un compa\u00f1ero y saca una carta del mazo de personajes del oponente. Trabajamos profundamente con estas cartas, las t\u00e9cnicas de elaboraci\u00f3n est\u00e1n en las instrucciones del video.<br \/>Alguien consigue un compa\u00f1ero y pasa al nivel de socios, y alguien llega al final del juego solo. Todo en el juego es metaf\u00f3rico, cada elemento del juego significa algo, todo est\u00e1 pensado hasta el m\u00e1s m\u00ednimo detalle.<\/p>\n<p> \u00a1Las instrucciones en video contienen 20 lecciones, luego de estudiarlas te imbuir\u00e1s de la filosof\u00eda del juego, comprender\u00e1s toda la mec\u00e1nica y sentir\u00e1s su profundidad!<\/p>","protected":false},"excerpt":{"rendered":"<p>Autora: Ksenia Krylova \u2013 psic\u00f3loga, especialista certificada en el trabajo con MAC, autora de un curso de capacitaci\u00f3n sobre MAC, practicante de Theta-healing,<\/p>","protected":false},"featured_media":4309,"comment_status":"open","ping_status":"open","template":"","meta":[],"product_brand":[],"product_cat":[19],"product_tag":[],"class_list":{"0":"post-4308","1":"product","2":"type-product","3":"status-publish","4":"has-post-thumbnail","6":"product_cat-relationships-sex","8":"first","9":"outofstock","10":"product-type-simple"},"_links":{"self":[{"href":"https:\/\/shercards.com\/es\/wp-json\/wp\/v2\/product\/4308","targetHints":{"allow":["GET"]}}],"collection":[{"href":"https:\/\/shercards.com\/es\/wp-json\/wp\/v2\/product"}],"about":[{"href":"https:\/\/shercards.com\/es\/wp-json\/wp\/v2\/types\/product"}],"replies":[{"embeddable":true,"href":"https:\/\/shercards.com\/es\/wp-json\/wp\/v2\/comments?post=4308"}],"wp:featuredmedia":[{"embeddable":true,"href":"https:\/\/shercards.com\/es\/wp-json\/wp\/v2\/media\/4309"}],"wp:attachment":[{"href":"https:\/\/shercards.com\/es\/wp-json\/wp\/v2\/media?parent=4308"}],"wp:term":[{"taxonomy":"product_brand","embeddable":true,"href":"https:\/\/shercards.com\/es\/wp-json\/wp\/v2\/product_brand?post=4308"},{"taxonomy":"product_cat","embeddable":true,"href":"https:\/\/shercards.com\/es\/wp-json\/wp\/v2\/product_cat?post=4308"},{"taxonomy":"product_tag","embeddable":true,"href":"https:\/\/shercards.com\/es\/wp-json\/wp\/v2\/product_tag?post=4308"}],"curies":[{"name":"wp","href":"https:\/\/api.w.org\/{rel}","templated":true}]}}