{"id":433,"date":"2024-08-04T11:32:48","date_gmt":"2024-08-04T11:32:48","guid":{"rendered":"https:\/\/shercards.com\/index.php\/product\/cards-questions-simple-and-complex\/"},"modified":"2025-10-20T10:47:05","modified_gmt":"2025-10-20T10:47:05","slug":"cards-questions-simple-and-complex","status":"publish","type":"product","link":"https:\/\/shercards.com\/es\/producto\/cards-questions-simple-and-complex\/","title":{"rendered":"Tarjetas \u201cPreguntas: simples y complejas\u201d"},"content":{"rendered":"<p>Tarjetas con preguntas que ayudar\u00e1n a trabajar con cualquier baraja de cartas metaf\u00f3ricas, Tarot u or\u00e1culos sobre cualquier tema.<br \/>Autor: Irina Fedorova Artista: Ekaterina Beltsova<br \/>El set incluye: 80 tarjetas de 70 x 104 mm, instrucciones con t\u00e9cnicas de trabajo, caja.<br \/>Al trabajar con cualquier baraja de cartas, tarot u or\u00e1culo, las cartas de preguntas pueden ser de gran ayuda. Esta baraja puede utilizarse para consultas psicol\u00f3gicas, an\u00e1lisis y elaboraci\u00f3n de situaciones concretas, as\u00ed como para la introspecci\u00f3n y el autoconocimiento.<br \/>Las preguntas cubren una amplia variedad de temas relacionados con acciones probables, sentimientos, estado emocional, desarrollo personal, autodeterminaci\u00f3n y prop\u00f3sito.&lt; br&gt;La baraja contiene preguntas que no se pueden responder con monos\u00edlabos. Cada una de ellas requiere una respuesta completa, meditada y detallada, que se puede averiguar de varias maneras: utilizando cualquier otra baraja de cartas con im\u00e1genes e historias o analizando los pensamientos que surgen, pensando en ellos y dici\u00e9ndolos en voz alta.<br \/>Una pregunta adicional de esta baraja puede ser aplicable a todas las cartas del dise\u00f1o y no depende del momento de uso, porque esto contribuye a la b\u00fasqueda de nuevas direcciones para el trabajo posterior y a una inmersi\u00f3n m\u00e1s profunda en el tema.<br \/> Caracter\u00edsticas de la baraja \u201cPreguntas: simples y complejas\u201d<br \/> En estas tarjetas no solo est\u00e1n escritas las preguntas en s\u00ed, sino tambi\u00e9n im\u00e1genes abstractas. La artista que las pint\u00f3 es Ekaterina Beltsova. Estos dibujos pueden ayudarte a prepararte para trabajar en la b\u00fasqueda de una respuesta, as\u00ed como a crear el trasfondo emocional necesario.<br \/>Si se consideran m\u00e1s convenientes las t\u00e9cnicas meditativas, estas im\u00e1genes tambi\u00e9n pueden ayudar a alcanzar un estado de trance ligero, ya que estando en trance se pueden extraer respuestas a preguntas de inter\u00e9s del inconsciente.<br \/>Pero si surgen dificultades con tales m\u00e9todos de trabajo o su inadecuaci\u00f3n, la baraja tambi\u00e9n es adecuada en el trabajo terap\u00e9utico (si se utiliza) o simplemente en la reflexi\u00f3n independiente sobre el tema existente.<br \/>Y, por supuesto, se pueden utilizar cualquier otra baraja de cartas, como las cartas asociativas metaf\u00f3ricas, las barajas del tarot o las del or\u00e1culo.<br \/>Las cartas asociativas metaf\u00f3ricas (MAC) son una t\u00e9cnica psicol\u00f3gica proyectiva. La percepci\u00f3n de las im\u00e1genes es puramente individual y cada persona, al mirar la imagen, experimentar\u00e1 sentimientos y emociones radicalmente diferentes a las impresiones de otra persona. En las cartas metaf\u00f3ricas no existe una distribuci\u00f3n estricta de significados y significados, lo que no se puede decir de otras herramientas de adivinaci\u00f3n.<br \/>Los significados establecidos y generalmente aceptados se encuentran, por regla general, en el tarot o en los or\u00e1culos. Pero tambi\u00e9n se pueden utilizar como cartas metaf\u00f3ricas, si no se utiliza un folleto con explicaciones. Este tipo de trabajo, en mi opini\u00f3n, es m\u00e1s ecol\u00f3gico y preferible, ya que en una situaci\u00f3n as\u00ed es imposible influir en el resultado final del razonamiento desde fuera y, por tanto, se puede empezar a confiar m\u00e1s en uno mismo y sentirse due\u00f1o de la propia vida.<br \/>T\u00e9cnicas para trabajar con la baraja <br \/>\u201cLibre flujo de pensamientos\u201d<br \/>Esta t\u00e9cnica implica un modo libre: el cliente puede sacar de forma independiente tarjetas con preguntas y pensar sobre un tema determinado. Se le permite expresar sus pensamientos. Se puede reforzar el trabajo de autoan\u00e1lisis con preguntas orientadoras o aclaratorias.<br \/>Si trabajas de forma individual, tambi\u00e9n puedes intentar analizar la situaci\u00f3n. Es preferible hacerlo en voz alta o escribir tus pensamientos hasta encontrar la respuesta.<br \/>Si en cada caso se asigna un tema de trabajo espec\u00edfico, el proceso ser\u00e1 mucho m\u00e1s exitoso y fruct\u00edfero. El tema puede ser tanto sobre distintas \u00e1reas de la vida (trabajo, familia, sociedad, b\u00fasqueda de un prop\u00f3sito, etc.) como sobre una situaci\u00f3n concreta (por ejemplo, el matrimonio).<br \/>\u201cCreando un dise\u00f1o \u00fanico\u201d<br \/>B En diversas fuentes (libros, medios de comunicaci\u00f3n, redes sociales, Internet) se puede encontrar una gran cantidad de t\u00e9cnicas y dise\u00f1os. Muchos utilizan dise\u00f1os ya preparados. Sin embargo, con la ayuda de la baraja \u201cPreguntas: simples y complejas\u201d, puede crear un dise\u00f1o individual y \u00fanico cada vez.<br \/>Se puede trabajar con la baraja tanto abierta como cerrada. Al crear una baraja abierta, hay que seleccionar de la baraja exactamente aquellas cartas que, desde nuestro punto de vista, sean las m\u00e1s adecuadas para esta baraja. Una vez seleccionadas las cartas (no deben ser demasiadas, la probabilidad de confusi\u00f3n es muy alta), hay que disponerlas sobre la mesa en el orden que se desee. Y despu\u00e9s se puede trabajar con cada pregunta por separado, utilizando cartas de cualquier otra baraja con im\u00e1genes o historias.<br \/>La disposici\u00f3n de las cartas boca abajo es similar a la descrita anteriormente. La \u00fanica diferencia es que aqu\u00ed se toman las cartas a ciegas.<br \/>Podr\u00e1s descubrir qu\u00e9 m\u00e9todo es el m\u00e1s adecuado para ti experimentando con la baraja.<br \/>\u201cPregunta al azar\u201d<br \/>1. Una vez determinado el tema del trabajo, es necesario sacar una o m\u00e1s cartas de la baraja (no juntas, sino estrictamente secuencialmente) y buscar la respuesta a la pregunta formulada utilizando cualquier otra baraja.<br \/>2. De cualquier baraja que sea adecuada para un tema determinado, hay que escoger una o dos cartas que puedan ayudar a encontrar la respuesta. Las cartas se pueden sacar boca abajo o boca arriba. Por ejemplo, en una consulta psicol\u00f3gica es preferible escoger las cartas boca arriba, ya que esto puede provocar resistencia o aprensi\u00f3n en el cliente. Tambi\u00e9n es posible un experimento comparativo: para buscar la respuesta a una pregunta, se pueden sacar dos cartas, una boca abajo y la otra boca arriba.<br \/>3. Despu\u00e9s de una cuidadosa consideraci\u00f3n y an\u00e1lisis de las im\u00e1genes, es necesario sacar otra carta boca abajo, respondiendo a la pregunta: \u201c\u00bfQu\u00e9 no veo o no quiero ver?\u201d<br \/>Con la ayuda de esta tarjeta se puede realizar algo muy importante, pero debido a algunas circunstancias que no son evidentes para el cliente o consultor.<br \/>Al finalizar el ejercicio, es necesario analizar los resultados y llegar a conclusiones.<br \/>\u201cPregunta del asistente\u201d<br \/>Esta t\u00e9cnica se puede utilizar para trabajar con cualquier solicitud. Primero se examinan las interferencias y los recursos y luego se explora la situaci\u00f3n de manera m\u00e1s completa y amplia.<br \/>1. Para cada uno de los siguientes aspectos, debes sacar 2 o 3 cartas boca abajo de cualquier mazo con im\u00e1genes:<br \/>\u201c\u00bfCu\u00e1les son mis debilidades en esta situaci\u00f3n? \u00bfQu\u00e9 no debo hacer?\u201d<br \/>\u201c\u00bfCu\u00e1les son mis puntos fuertes? \u00bfQu\u00e9 debo hacer?\u201d<br \/>2. Luego, una vez cerrada la situaci\u00f3n, debes sacar una o m\u00e1s cartas de la baraja \u201cPreguntas: simples y complejas\u201d, que te llevar\u00e1n a otro vector de estudio de la situaci\u00f3n.<\/p>\n<p> A la hora de buscar una respuesta, puedes utilizar tu mazo de trabajo: saca una o dos cartas y, al final del trabajo, analiza los resultados y saca conclusiones. <\/br><\/br><\/p>","protected":false},"excerpt":{"rendered":"<p>Tarjetas con preguntas que ayudar\u00e1n a trabajar con cualquier baraja de cartas metaf\u00f3ricas, Tarot u or\u00e1culos sobre cualquier temaAutor:<\/p>","protected":false},"featured_media":434,"comment_status":"open","ping_status":"open","template":"","meta":[],"product_brand":[],"product_cat":[29],"product_tag":[],"class_list":{"0":"post-433","1":"product","2":"type-product","3":"status-publish","4":"has-post-thumbnail","6":"product_cat-text","8":"first","9":"outofstock","10":"purchasable","11":"product-type-simple"},"_links":{"self":[{"href":"https:\/\/shercards.com\/es\/wp-json\/wp\/v2\/product\/433","targetHints":{"allow":["GET"]}}],"collection":[{"href":"https:\/\/shercards.com\/es\/wp-json\/wp\/v2\/product"}],"about":[{"href":"https:\/\/shercards.com\/es\/wp-json\/wp\/v2\/types\/product"}],"replies":[{"embeddable":true,"href":"https:\/\/shercards.com\/es\/wp-json\/wp\/v2\/comments?post=433"}],"wp:featuredmedia":[{"embeddable":true,"href":"https:\/\/shercards.com\/es\/wp-json\/wp\/v2\/media\/434"}],"wp:attachment":[{"href":"https:\/\/shercards.com\/es\/wp-json\/wp\/v2\/media?parent=433"}],"wp:term":[{"taxonomy":"product_brand","embeddable":true,"href":"https:\/\/shercards.com\/es\/wp-json\/wp\/v2\/product_brand?post=433"},{"taxonomy":"product_cat","embeddable":true,"href":"https:\/\/shercards.com\/es\/wp-json\/wp\/v2\/product_cat?post=433"},{"taxonomy":"product_tag","embeddable":true,"href":"https:\/\/shercards.com\/es\/wp-json\/wp\/v2\/product_tag?post=433"}],"curies":[{"name":"wp","href":"https:\/\/api.w.org\/{rel}","templated":true}]}}