{"id":4378,"date":"2024-08-04T18:22:00","date_gmt":"2024-08-04T18:22:00","guid":{"rendered":"https:\/\/shercards.com\/index.php\/product\/transformation-game-satori\/"},"modified":"2025-10-20T10:34:17","modified_gmt":"2025-10-20T10:34:17","slug":"transformation-game-satori","status":"publish","type":"product","link":"https:\/\/shercards.com\/es\/producto\/transformation-game-satori\/","title":{"rendered":"Juego de transformaci\u00f3n \u201cSatori\u201d"},"content":{"rendered":"<p>El juego del perd\u00f3n radical \u201cSATORI\u201d.<br \/>El juego \u201cSatori\u201d no es solo un juego terap\u00e9utico de transformaci\u00f3n. Es un juego de entrenamiento, gracias al cual, de forma l\u00fadica y suave, ayuda a trabajar con las emociones negativas y las situaciones estresantes y est\u00e1 dise\u00f1ado para ayudar a una persona a recuperar la armon\u00eda interior perdida, restaurar la calma y la confianza en s\u00ed mismo.<br \/><strong>Contenido del juego:<\/strong> <\/p>\n<ul>\n<li>campo de juego 45,5 x 45,5 cm;<\/li>\n<li>rueda con flecha;<\/li>\n<li>cubo 1 pieza;<\/li>\n<li>libro, mensaje a los jugadores;<\/li>\n<li>gu\u00eda del juego 5 piezas;<\/li>\n<li>Tarjeta de juego personal 5 uds;<\/li>\n<li>Tarjeta \u201cJuego de la culpa\u201d 1 uds.;<\/li>\n<li>tarjetas \u201cPa\u00eds de V\u00edctimas-Puertas-Satori\u201d 5 uds;<\/li>\n<li>patatas fritas 5 uds;<\/li>\n<li>tarjetas 5 uds; li&gt;\n<li>Tarjetas \u201cCreencia\u201d 48 uds;<\/li>\n<li>Tarjetas \u201cQu\u00e9 pas\u00f3\u201d 24 uds.<\/li>\n<li>Tarjetas \u201cNueva Historia\u201d 36 uds;<\/li>\n<li>Tarjetas \u201cEvento\u201d 24 uds.;<\/li>\n<li>Tarjetas \u201cContexto\u201d 24 uds;<\/li>\n<li>Tarjetas \u201cKarma\u201d 24 uds;<\/li>\n<li>Tarjetas \u201cBloque de energ\u00eda\u201d 49 uds: 7 colores, 7 tarjetas de cada color.<\/li>\n<\/ul>\n<p> El juego est\u00e1 empaquetado en una caja de cart\u00f3n.<\/p>\n<p> El proceso del juego \u201cSatori\u201d te permitir\u00e1 concentrarte en perdonar a la persona que, en tu opini\u00f3n, te arruina la vida.<br \/>A lo largo de nuestra vida experimentamos muchas emociones negativas: ira, rabia, dolor, culpa\u2026<br \/>Pero la velocidad de la vida y la falta de experiencia muchas veces no nos permiten vivirlas, aprender de ellas y dejarlas ir.&lt; br&gt;Los escondemos en un rinc\u00f3n apartado de nuestra alma, fingiendo que simplemente no existen, y sin embargo no desaparecen en ninguna parte, sino que contin\u00faan envenenando nuestro ser.<br \/>El juego \u201cSatori\u201d se centra en perdonar, darse cuenta y eliminar cualquier resentimiento que hayas acumulado hacia \u00e9l a lo largo de los a\u00f1os.<br \/>El juego ofrece resultados sorprendentes que ayudan a una persona a realizar un cambio energ\u00e9tico.<\/p>\n<p> N\u00famero de jugadores de 1 a 5.Duraci\u00f3n aproximada de 3 a 5 horas.<\/p>","protected":false},"excerpt":{"rendered":"<p>El juego del perd\u00f3n radical \u201cSATORI\u201d. El juego \u201cSatori\u201d no es s\u00f3lo un juego terap\u00e9utico transformacional. Es un juego de entrenamiento, gracias<\/p>","protected":false},"featured_media":4379,"comment_status":"open","ping_status":"open","template":"","meta":[],"product_brand":[],"product_cat":[18],"product_tag":[],"class_list":{"0":"post-4378","1":"product","2":"type-product","3":"status-publish","4":"has-post-thumbnail","6":"product_cat-psychological-games-2","8":"first","9":"outofstock","10":"product-type-simple"},"_links":{"self":[{"href":"https:\/\/shercards.com\/es\/wp-json\/wp\/v2\/product\/4378","targetHints":{"allow":["GET"]}}],"collection":[{"href":"https:\/\/shercards.com\/es\/wp-json\/wp\/v2\/product"}],"about":[{"href":"https:\/\/shercards.com\/es\/wp-json\/wp\/v2\/types\/product"}],"replies":[{"embeddable":true,"href":"https:\/\/shercards.com\/es\/wp-json\/wp\/v2\/comments?post=4378"}],"wp:featuredmedia":[{"embeddable":true,"href":"https:\/\/shercards.com\/es\/wp-json\/wp\/v2\/media\/4379"}],"wp:attachment":[{"href":"https:\/\/shercards.com\/es\/wp-json\/wp\/v2\/media?parent=4378"}],"wp:term":[{"taxonomy":"product_brand","embeddable":true,"href":"https:\/\/shercards.com\/es\/wp-json\/wp\/v2\/product_brand?post=4378"},{"taxonomy":"product_cat","embeddable":true,"href":"https:\/\/shercards.com\/es\/wp-json\/wp\/v2\/product_cat?post=4378"},{"taxonomy":"product_tag","embeddable":true,"href":"https:\/\/shercards.com\/es\/wp-json\/wp\/v2\/product_tag?post=4378"}],"curies":[{"name":"wp","href":"https:\/\/api.w.org\/{rel}","templated":true}]}}