{"id":4390,"date":"2024-08-04T18:22:00","date_gmt":"2024-08-04T18:22:00","guid":{"rendered":"https:\/\/shercards.com\/index.php\/product\/psychotherapeutic-game-healing-the-inner-child\/"},"modified":"2025-10-20T10:34:17","modified_gmt":"2025-10-20T10:34:17","slug":"psychotherapeutic-game-healing-the-inner-child","status":"publish","type":"product","link":"https:\/\/shercards.com\/es\/producto\/psychotherapeutic-game-healing-the-inner-child\/","title":{"rendered":"Juego psicoterap\u00e9utico \u201cSanando al Ni\u00f1o Interior\u201d."},"content":{"rendered":"<p><strong>Autor :nbsp;<\/strong>Irina Orda<br \/><strong>Contenido del juego:<\/strong><br \/> Instrucciones para el juego \u2013 1 ud.<br \/> Campo de juego 70*70cm \u2013 1 ud.<br > Patatas fritas variadas \u2013 6 uds.<br \/> Tarjetas con preguntas para la 3\u00aa etapa \u2013 24 uds.<br \/> Tarjetas con preguntas para la 4\u00aa etapa \u2013 5 uds.<br \/> Tarjetas con respuestas para la 4\u00aa etapa \u2013 30 uds.<br \/> Cuestionarios de muestra para uso posterior en el juego \u2013 4 uds.<br \/> Cartas metaf\u00f3ricas (100 piezas por baraja) \u201cSanando al Ni\u00f1o Interior\u201d \u2013 1 paquete.<br \/> Capacitaci\u00f3n por Skype \u2013 2 horas.<br \/> Certificado en formato electr\u00f3nico.<br \/> Espa\u00f1olEl juego \u201cSanando al Ni\u00f1o Interior\u201d es una excelente herramienta para que un psic\u00f3logo trabaje con el estado emocional de una persona, lo que le permite gradualmente: Acceder directamente a sus recuerdos de la infancia. Recuerde expresar los sentimientos reprimidos desde la posici\u00f3n de un adulto. Convertirse en un padre amable y sabio para s\u00ed mismo. Desh\u00e1gase del resentimiento y la culpa. Limpie profundamente el espacio interior, lo que conduce a la curaci\u00f3n humana. El juego \u201cSanando al Ni\u00f1o Interior\u201d se basa en la Teor\u00eda de los Ciclos de Siete A\u00f1os de la Vida Humana y el An\u00e1lisis Transaccional de Eric Berne. El juego implica pasar por tres etapas de la vida de una persona, que le permiten sumergirse en varios estados de su infancia para determinar en qu\u00e9 per\u00edodo surgieron dificultades, sacar a la superficie sus creencias destructivas para un mayor trabajo con nuestro ni\u00f1o interior, lo que ayudar\u00e1 a lograr la armon\u00eda con uno mismo. La cuarta etapa final del juego le permite descubrir a su ni\u00f1o interior, conocerlo, sumergirse en sus experiencias y determinar sus necesidades y encontrar una oportunidad para tenderle una mano. Las etapas plantean ciertos traumas, dolor no aceptado o reprimido. Al fin y al cabo, con el tiempo, las capas de nuestra relaci\u00f3n con el mundo van creciendo en la pureza de nuestro ser. \u00c9sta es toda nuestra historia de infancia. \u00c9ste es nuestro dolor, nuestros agravios, nuestras heridas y nuestros miedos. \u00c9ste es nuestro \u201cni\u00f1o herido\u201d. Entonces nos protegemos del entorno, cada uno se pone una m\u00e1scara que le conviene. As\u00ed es como nos manifestamos en la sociedad. \u00c9sta es nuestra imagen externa, la forma en que nos comunicamos con la gente, c\u00f3mo nos mostramos ante la gente. Hemos desarrollado un cierto gui\u00f3n que se reproducir\u00e1 a lo largo de nuestras vidas una y otra vez, como un disco. Hasta que no nos demos cuenta y veamos los patrones, no querremos salir de este c\u00edrculo y quitarnos las m\u00e1scaras, exponiendo nuestro rostro. El juego \u201cSanar al ni\u00f1o interior\u201d es una oportunidad para ver este gui\u00f3n y cambiarlo, pasar por todas las etapas, sanar el dolor, soltar y conectar con tu ni\u00f1o interior.<br \/>Las tarjetas metaf\u00f3ricas \u201cSanando al ni\u00f1o interior\u201d, que se incluyen en el paquete de este juego, ayudan con la ayuda de im\u00e1genes a profundizar e identificar experiencias y actitudes internas de la infancia.<br \/> Esta baraja de cartas metaf\u00f3ricas se puede utilizar como una herramienta psicol\u00f3gica independiente, separada del juego, y te ayudar\u00e1 a resolver las siguientes tareas:<br \/> \u2013 sumergirse en la infancia, en los recuerdos de la infancia \u2013 elevar los estados emocionales negativos \u2013 identificar las actitudes negativas de la infancia \u2013 transformar las actitudes negativas en positivas<br \/> \u2013 \u201cconoce\u201d a tu Ni\u00f1o Interior<br \/> \u2013 \u201ccomunicarse\u201d con su Ni\u00f1o Interior \u2013 encontrar recursos internos en usted mismo \u2013 darse cuenta de sus conflictos internos.<br \/> Y esta baraja tambi\u00e9n puede convertirse en un buen asistente para trabajar con ni\u00f1os a partir de 3 a\u00f1os.<\/p>","protected":false},"excerpt":{"rendered":"<p>Autor: Irina Orda Contenido del juego: Instrucciones de juego \u2013 1 pieza Campo de juego de 70*70 cm \u2013 1 pieza Fichas variadas \u2013<\/p>","protected":false},"featured_media":4391,"comment_status":"open","ping_status":"open","template":"","meta":[],"product_brand":[],"product_cat":[18],"product_tag":[],"class_list":{"0":"post-4390","1":"product","2":"type-product","3":"status-publish","4":"has-post-thumbnail","6":"product_cat-psychological-games-2","8":"first","9":"outofstock","10":"product-type-simple"},"_links":{"self":[{"href":"https:\/\/shercards.com\/es\/wp-json\/wp\/v2\/product\/4390","targetHints":{"allow":["GET"]}}],"collection":[{"href":"https:\/\/shercards.com\/es\/wp-json\/wp\/v2\/product"}],"about":[{"href":"https:\/\/shercards.com\/es\/wp-json\/wp\/v2\/types\/product"}],"replies":[{"embeddable":true,"href":"https:\/\/shercards.com\/es\/wp-json\/wp\/v2\/comments?post=4390"}],"wp:featuredmedia":[{"embeddable":true,"href":"https:\/\/shercards.com\/es\/wp-json\/wp\/v2\/media\/4391"}],"wp:attachment":[{"href":"https:\/\/shercards.com\/es\/wp-json\/wp\/v2\/media?parent=4390"}],"wp:term":[{"taxonomy":"product_brand","embeddable":true,"href":"https:\/\/shercards.com\/es\/wp-json\/wp\/v2\/product_brand?post=4390"},{"taxonomy":"product_cat","embeddable":true,"href":"https:\/\/shercards.com\/es\/wp-json\/wp\/v2\/product_cat?post=4390"},{"taxonomy":"product_tag","embeddable":true,"href":"https:\/\/shercards.com\/es\/wp-json\/wp\/v2\/product_tag?post=4390"}],"curies":[{"name":"wp","href":"https:\/\/api.w.org\/{rel}","templated":true}]}}