{"id":4433,"date":"2024-08-04T18:27:06","date_gmt":"2024-08-04T18:27:06","guid":{"rendered":"https:\/\/shercards.com\/index.php\/product\/projective-transformational-game-technique-journey-to-financial-well-being\/"},"modified":"2025-10-20T10:34:17","modified_gmt":"2025-10-20T10:34:17","slug":"projective-transformational-game-technique-journey-to-financial-well-being","status":"publish","type":"product","link":"https:\/\/shercards.com\/es\/producto\/projective-transformational-game-technique-journey-to-financial-well-being\/","title":{"rendered":"T\u00e9cnica de juego transformacional proyectivo \u201cVIAJE AL BIENESTAR FINANCIERO\u201d"},"content":{"rendered":"<p>Autor \u2013 Natalia Buravtsova <br \/> Editorial \u201cMAK-Taller de Natalia Buravtsova\u201d<br \/>Incluye:<br \/> \u2013 campo de transformaci\u00f3n (29 x 42 cm, papel grueso, laminado),<br \/> \u2013 descripci\u00f3n metodol\u00f3gica (12 p\u00e1ginas), <br \/> \u2013 10 tarjetas de instrucciones (10,5 x 14,8 cm).<br \/>Breve descripci\u00f3n:<br \/> La t\u00e9cnica tiene como objetivo la concientizaci\u00f3n y correcci\u00f3n de escenarios monetarios negativos y la formaci\u00f3n de estrategias de comportamiento constructivas.<br \/> El trabajo incluye 9 etapas, cada una de las cuales contiene instrucciones que describen el tema y el algoritmo del trabajo (las instrucciones se presentan en tarjetas separadas).<br \/> En la descripci\u00f3n metodol\u00f3gica se detallan las metas y objetivos del trabajo, consejos y ejemplos.<br \/> La t\u00e9cnica se puede utilizar en trabajos individuales y grupales. <br \/> Trabajar con la metodolog\u00eda implica 5-6 horas de trabajo en grupo o 4-5 sesiones de trabajo individual.<br \/> El trabajo en grupo formado por 4 a 8 personas es el m\u00e1s eficaz.<br \/> Descripci\u00f3n detallada:<br \/> Cada uno de nosotros tiene su propia idea de lo que es el bienestar financiero y c\u00f3mo lograrlo, pero no se puede lograr con un movimiento de varita m\u00e1gica. <br \/> \u00c9ste es el camino que tendr\u00e1s que recorrer, adquiriendo importante experiencia de vida\u2026<br \/> La t\u00e9cnica del juego transformacional proyectivo \u201cVIAJE AL BIENESTAR FINANCIERO\u201d es una herramienta psicol\u00f3gica dirigida a:<br \/> \u2013 la formaci\u00f3n de un pensamiento monetario eficaz y de estrategias eficaces de comportamiento en situaciones de incertidumbre;<br \/> \u2013 correcci\u00f3n de actitudes monetarias destructivas y decisiones de escenarios;<br \/> \u2013 formaci\u00f3n y desarrollo de la actividad personal y de la responsabilidad a la hora de tomar decisiones financieras importantes,<br \/> \u2013 concientizaci\u00f3n y desarrollo de recursos personales que contribuyan al logro de metas monetarias significativas.<br \/> La forma m\u00e1s efectiva es trabajar secuencialmente con cada etapa, pero (dependiendo de la solicitud del cliente) es posible utilizar una etapa espec\u00edfica como una t\u00e9cnica separada. <\/p>\n<p> Tareas transformacionales de cada etapa:<br \/> Etapa 1. Comienza el viaje. Tareas:nbsp; clarificaci\u00f3n de la posici\u00f3n de vida inicial de los participantes (cliente); ideas sobre el bienestar financiero; metas e intenciones, experiencias y expectativas asociadas al viaje; identificaci\u00f3n de actitudes monetarias b\u00e1sicas que ten\u00edan los participantes al momento de comenzar a trabajar.nbsp; Etapa 2. Naufragio. Objetivos: clarificar las reacciones de los participantes ante situaciones estresantes; correcci\u00f3n de actitudes monetarias destructivas; trabajar con actitudes monetarias inconscientes.<br \/> Etapa 3. Desembarco en la isla. Objetivos: desarrollo de recursos de adaptaci\u00f3n y autoaceptaci\u00f3n.<br \/> Etapa 4. Encuentro con los abor\u00edgenes. Objetivos: desarrollo de la flexibilidad en el pensamiento monetario, formaci\u00f3n y desarrollo de la adaptabilidad en diversas situaciones financieras.<br \/> Etapa 5. Prueba. Objetivos: elaboraci\u00f3n y correcci\u00f3n de actitudes y estrategias inconscientes del pensamiento monetario.<br \/> Etapa 6. Festival de ideas monetarias. Objetivos: desarrollo de la creatividad en el pensamiento monetario e interacci\u00f3n constructiva en la implementaci\u00f3n de ideas de negocio.<br \/> Etapa 7. Regreso al barco. Objetivos: desarrollo de la autocomprensi\u00f3n, recuperaci\u00f3n del estado de los recursos, desarrollo de la actividad personal.<br \/> Etapa 8. \u00c1rbol del \u00e9xito financiero. Objetivos: planificar proyectos empresariales futuros.<br \/> Etapa 9. Lecciones de vida. Objetivos: tomar conciencia y aceptar los conocimientos adquiridos durante el \u201cviaje\u201d; clarificar los objetivos y valores de la vida.<br \/>La aplicaci\u00f3n de la metodolog\u00eda implica el uso de tarjetas asociativas metaf\u00f3ricas.<br \/> Conjuntos recomendados: \u201cEquipaje: escenarios financieros\u201d (autora N. Buravtsova); \u201cAlegor\u00edas\u201d (autora N. Buravtsova), \u201cNonimals\u201d (autora N. Buravtsova); \u201cMoney Deck\u201d (autores: Yu. Evsyukova, N. Gerasimova); \u201cEl mundo del dinero\u201d (autor A. Maksimov); \u201cSolicitud de dinero\u201d (autor E. Baksan); cualquier otro conjunto MAC similar.<br \/>\u201cVIAJE AL BIENESTAR FINANCIERO\u201d es una oportunidad para analizar cosas muy serias de una manera relajada, inusual y con cierta dosis de humor y sacar conclusiones importantes. <br \/> La t\u00e9cnica se convertir\u00e1 en un asistente fiable tanto para principiantes en el mundo del juego como para psic\u00f3logos consultores, as\u00ed como para especialistas que quieran ampliar su gama de modelos psicocorreccionales utilizados.<\/p>\n<p> nbsp;\u201cVIAJE AL BIENESTAR FINANCIERO\u201d es una oportunidad para relajarse, ser inusual y analizar cosas muy serias con cierta cantidad de humor y sacar conclusiones importantes.<\/p>","protected":false},"excerpt":{"rendered":"<p>Autor \u2013 Natalia Buravtsova Editorial \u201cMAK-Taller de Natalia Buravtsova\u201d Incluye: \u2013 campo de transformaci\u00f3n (29 x 42 cm, papel grueso, laminado),<\/p>","protected":false},"featured_media":4434,"comment_status":"open","ping_status":"open","template":"","meta":[],"product_brand":[],"product_cat":[18],"product_tag":[],"class_list":{"0":"post-4433","1":"product","2":"type-product","3":"status-publish","4":"has-post-thumbnail","6":"product_cat-psychological-games-2","8":"first","9":"outofstock","10":"product-type-simple"},"_links":{"self":[{"href":"https:\/\/shercards.com\/es\/wp-json\/wp\/v2\/product\/4433","targetHints":{"allow":["GET"]}}],"collection":[{"href":"https:\/\/shercards.com\/es\/wp-json\/wp\/v2\/product"}],"about":[{"href":"https:\/\/shercards.com\/es\/wp-json\/wp\/v2\/types\/product"}],"replies":[{"embeddable":true,"href":"https:\/\/shercards.com\/es\/wp-json\/wp\/v2\/comments?post=4433"}],"wp:featuredmedia":[{"embeddable":true,"href":"https:\/\/shercards.com\/es\/wp-json\/wp\/v2\/media\/4434"}],"wp:attachment":[{"href":"https:\/\/shercards.com\/es\/wp-json\/wp\/v2\/media?parent=4433"}],"wp:term":[{"taxonomy":"product_brand","embeddable":true,"href":"https:\/\/shercards.com\/es\/wp-json\/wp\/v2\/product_brand?post=4433"},{"taxonomy":"product_cat","embeddable":true,"href":"https:\/\/shercards.com\/es\/wp-json\/wp\/v2\/product_cat?post=4433"},{"taxonomy":"product_tag","embeddable":true,"href":"https:\/\/shercards.com\/es\/wp-json\/wp\/v2\/product_tag?post=4433"}],"curies":[{"name":"wp","href":"https:\/\/api.w.org\/{rel}","templated":true}]}}