{"id":4440,"date":"2024-08-04T18:27:06","date_gmt":"2024-08-04T18:27:06","guid":{"rendered":"https:\/\/shercards.com\/index.php\/product\/transformation-game-know-yourself\/"},"modified":"2025-10-20T10:34:16","modified_gmt":"2025-10-20T10:34:16","slug":"transformation-game-know-yourself","status":"publish","type":"product","link":"https:\/\/shercards.com\/es\/producto\/transformation-game-know-yourself\/","title":{"rendered":"Juego de transformaci\u00f3n \u201cCon\u00f3cete a ti mismo\u201d"},"content":{"rendered":"<p>Autor: Oksana Konovalova, analista de sistemas de dise\u00f1o humano, practicante de juegos, autora del juego de transformaci\u00f3n Know Yourself.<br \/>El juego del \u201cCon\u00f3cete a ti mismo\u201d:<br \/> te ayuda a ver los puntos d\u00e9biles que te impiden avanzar;<br \/> muestra las fortalezas que puedes usar para resistir;<br \/> un recurso con el que puedes restaurar tu energ\u00eda;<br \/>Y tambi\u00e9n te ayuda a comprenderte mejor y aceptarte a ti mismo.<\/p>\n<p> El juego incluye:<br \/> 1. Campo 60*80 cm (tela). 2. Baraja de cartas asociativas metaf\u00f3ricas \u201cCon\u00f3cete a ti mismo\u201d \u2013 70 piezas;<br \/> 3. Baraja de cartas metaf\u00f3ricas \u201cInspiraci\u00f3n\u201d \u2013 45 piezas;<br \/> 4. Tarjetas con tareas \u2013 52 piezas;<br \/> 5. Cubo de 6 caras;<br \/> 6. Chips multicolores 6 piezas;<br \/> 7. El jugador forma 6 piezas (+ en formato electr\u00f3nico);<br \/> 8. L\u00e1pices de colores;<br \/> 9. Pluma;<br \/> 10. Bolso impermeable, elegante y de alta calidad.<br \/> 11. Certificado del presentador;<br \/> 12. V\u00eddeo did\u00e1ctico del juego y los principios b\u00e1sicos del sistema de Dise\u00f1o Humano;<br \/> 13. Reuni\u00f3n online con el presentador.<br \/>FORMATOS DE JUEGO: grupal, individual, offline, online.<br \/> N\u00famero de jugadores por juego:<br \/> M\u00ednimo \u2013 1,<br \/> M\u00e1ximo: ilimitado. Puedes jugar en un campo con un gran n\u00famero de participantes.<br \/> \u00d3ptimo \u2013 4-5.<br \/> Tiempo de juego: de 2 a 4 horas.<br \/> Hora est\u00e1ndar 3 horas.<br \/>Despu\u00e9s de comprar el juego, deber\u00e1s ponerte en contacto con el autor. Se enviar\u00e1 electr\u00f3nicamente por correo electr\u00f3nico: materiales para jugar en l\u00ednea, <br \/> Instrucciones, ficha de jugador y v\u00eddeo de entrenamiento. \u00a1\u00a1\u00a1El certificado se entrega al finalizar el entrenamiento!!!<br \/> Para los presentadores hay un chat de soporte constante, y p\u00e1ginas en redes sociales donde se presentar\u00e1n todos los presentadores.<\/p>\n<p> Peso: 1,1 kg<br \/> Dimensiones en embalaje: 30* 40 cm<br \/> Fecha de lanzamiento: diciembre de 2023<br \/>Acerca del juego:<br \/> El juego transformacional \u201cCon\u00f3cete a ti mismo\u201d te ayuda a aceptar tu identidad, tomar tu lugar y encontrar tu camino. <br \/>\u00a1Este es un juego universal que realmente te ayuda a conocerte a ti mismo! El juego est\u00e1 basado en el sistema de Dise\u00f1o Humano.<br \/>El Dise\u00f1o Humano es un sistema de autoconocimiento que, a partir del lugar y el momento de nacimiento de una persona, permite determinar su car\u00e1cter y su prop\u00f3sito en la vida. Describe las caracter\u00edsticas de una persona y, teniendo en cuenta estos datos, le ofrece formas de hacer su vida m\u00e1s armoniosa.<br \/> El juego es \u00fanico porque puede ser realizado tanto por un analista del sistema de Dise\u00f1o Humano como por una persona no familiarizada con el sistema.<br \/>Durante el juego el participante recorre los centros de energ\u00eda y recibe respuestas a sus preguntas. <br \/> Las tareas de cada centro revelan la tem\u00e1tica de este centro.<br \/> El juego comienza con el centro de la ra\u00edz, que es el centro m\u00e1s bajo del campo. El centro de la ra\u00edz es responsable del movimiento, el impulso y la energ\u00eda de la adrenalina. <br \/> El siguiente centro en el camino es el Emocional. Aqu\u00ed est\u00e1n nuestros sentimientos y emociones.<br \/> Luego est\u00e1 el centro sacro, que es la energ\u00eda de la vida, del placer, de la sexualidad.<br \/> Luego nos movemos al centro del Bazo, este es el centro de la salud, de los instintos, de la intuici\u00f3n. <br \/> El Centro G es el centro de la autodeterminaci\u00f3n, la br\u00fajula interna de una persona, el centro del amor.<br \/> Una vez en el centro del Ego, el participante presta atenci\u00f3n a su autoestima y fuerza de voluntad.<br \/> A continuaci\u00f3n, el Centro de la Garganta es la autoexpresi\u00f3n, la voz y la manifestaci\u00f3n en el mundo.&lt; br&gt; En el centro de Ajna est\u00e1 nuestro pensamiento, mente y todo lo que dicta nuestra cabeza.<br \/> Al llegar al \u00faltimo centro, el m\u00e1s alto, el parietal, el jugador termina el juego y recibe la carta de inspiraci\u00f3n, ya que el centro parietal es el centro de la inspiraci\u00f3n.<br \/>Puedes entrar al juego con o sin solicitud alguna, para conocerte a ti mismo.<br \/>La veracidad de la petici\u00f3n se comprueba con un dado. El juego comienza desde el centro inferior, el de la ra\u00edz, y termina cuando el participante llega al centro superior, el parietal.<br \/>Este es un juego para aquellos que:<br \/> \u2013 quieren conocerse a s\u00ed mismos<br \/> \u2013 Estoy cansado y no s\u00e9 a d\u00f3nde ir despu\u00e9s&lt; br&gt; \u2013 quiere disfrutar cada momento<br \/> \u2013 quiere cambiar algo en su vida<br \/> \u2013 est\u00e1 listo para tomar acci\u00f3n.<\/p>\n<p> El juego se puede jugar un n\u00famero ilimitado de veces. <\/br><\/br><\/p>","protected":false},"excerpt":{"rendered":"<p>Autora: Oksana Konovalova, analista de sistemas de dise\u00f1o humano, practicante de juegos, autora del juego de transformaci\u00f3n Know Yourself. El juego \u201cKnow Yourself\u201d: ayuda<\/p>","protected":false},"featured_media":4441,"comment_status":"open","ping_status":"open","template":"","meta":[],"product_brand":[],"product_cat":[18],"product_tag":[],"class_list":{"0":"post-4440","1":"product","2":"type-product","3":"status-publish","4":"has-post-thumbnail","6":"product_cat-psychological-games-2","8":"first","9":"outofstock","10":"product-type-simple"},"_links":{"self":[{"href":"https:\/\/shercards.com\/es\/wp-json\/wp\/v2\/product\/4440","targetHints":{"allow":["GET"]}}],"collection":[{"href":"https:\/\/shercards.com\/es\/wp-json\/wp\/v2\/product"}],"about":[{"href":"https:\/\/shercards.com\/es\/wp-json\/wp\/v2\/types\/product"}],"replies":[{"embeddable":true,"href":"https:\/\/shercards.com\/es\/wp-json\/wp\/v2\/comments?post=4440"}],"wp:featuredmedia":[{"embeddable":true,"href":"https:\/\/shercards.com\/es\/wp-json\/wp\/v2\/media\/4441"}],"wp:attachment":[{"href":"https:\/\/shercards.com\/es\/wp-json\/wp\/v2\/media?parent=4440"}],"wp:term":[{"taxonomy":"product_brand","embeddable":true,"href":"https:\/\/shercards.com\/es\/wp-json\/wp\/v2\/product_brand?post=4440"},{"taxonomy":"product_cat","embeddable":true,"href":"https:\/\/shercards.com\/es\/wp-json\/wp\/v2\/product_cat?post=4440"},{"taxonomy":"product_tag","embeddable":true,"href":"https:\/\/shercards.com\/es\/wp-json\/wp\/v2\/product_tag?post=4440"}],"curies":[{"name":"wp","href":"https:\/\/api.w.org\/{rel}","templated":true}]}}