{"id":4444,"date":"2024-08-04T18:27:06","date_gmt":"2024-08-04T18:27:06","guid":{"rendered":"https:\/\/shercards.com\/index.php\/product\/transformational-psychological-game-immersion-in-yourself\/"},"modified":"2025-10-20T10:33:43","modified_gmt":"2025-10-20T10:33:43","slug":"transformational-psychological-game-immersion-in-yourself","status":"publish","type":"product","link":"https:\/\/shercards.com\/es\/producto\/transformational-psychological-game-immersion-in-yourself\/","title":{"rendered":"Juego psicol\u00f3gico transformador \u201cInmersi\u00f3n en ti mismo\u201d"},"content":{"rendered":"<p>La autora y artista Marina Sholukhina, editorial \u201cOQprint\u201d<\/p>\n<p> Contenido:<br \/> \u2013 Campo de tela 60*60 cm;<br \/> \u2013 Cubo d10;<br \/> \u2013 Patatas fritas 6 uds.;<br \/> - Instrucciones; <br \/> \u2013 Entrenamiento (para acceder al entrenamiento debes contactar con el autor del juego);<br \/> - Caja;<br \/> \u2013 Certificado de presentador;<br \/> \u2013 Versi\u00f3n online en formato de presentaci\u00f3n ppt.<\/p>\n<p> Peso, dimensiones:<br \/> 400 gramos<br \/> 23*17*6<\/p>\n<p> Doble partido. Se juegan 2 partidos en un mismo campo:<\/p>\n<p> 1.nbsp;nbsp;nbsp;nbsp;\u201cInmersi\u00f3n en ti mismo\u201d es un profundo juego psicol\u00f3gico transformador que te ayudar\u00e1 a explorar las profundidades de tu alma y encontrar el equilibrio interior. Invitamos a los participantes a sumergirse en una profundidad que sea segura para ellos y a deshacerse gradualmente de los factores innecesarios que interfieren con la vida al m\u00e1ximo.<br \/> El juego ofrece transformaciones \u00fanicas de experiencias y estados, permitiendo a los participantes obtener una nueva perspectiva sobre s\u00ed mismos y el mundo que los rodea. Les ayudar\u00e1 a revelar lo que los retiene y a liberarse de la carga del pasado, as\u00ed como a encontrar en la experiencia de vida los recursos necesarios para continuar el camino hacia adelante.<br \/> Durante el juego trabajaremos con miedos y creencias limitantes para dar cabida al amor, la felicidad y las nuevas ideas. Ver\u00e1s tu fuerza y encontrar\u00e1s motivaci\u00f3n interior para alcanzar tus objetivos y mejorar tu calidad de vida.<br \/> Tambi\u00e9n comprender\u00e1s de d\u00f3nde sacar fuerzas y recursos, y aprender\u00e1s a utilizarlos para tus propios fines. Este juego te ayudar\u00e1 a comprender tus aspiraciones, miedos y dudas, y te dar\u00e1 la oportunidad de sentirte m\u00e1s seguro y con m\u00e1s recursos.<br \/> Entonces, si est\u00e1s buscando una herramienta para ganar tranquilidad mental, motivaci\u00f3n interna para alcanzar objetivos, entonces el juego \u201cInmersi\u00f3n en ti mismo\u201d es una gran opci\u00f3n para ti. <br \/> Sum\u00e9rgete en el fascinante mundo del juego y descubre nuevas oportunidades y perspectivas.<\/p>\n<p> 2.nbsp;nbsp;nbsp;nbsp;El juego de entretenimiento ser\u00e1 una excelente manera de pasar el tiempo en compa\u00f1\u00eda de amigos y familiares. Este juego est\u00e1 dise\u00f1ado para aquellos que quieren re\u00edr, relajarse y disfrutar del agradable ambiente del juego.<br \/> No se trata simplemente de una serie de tareas que hay que completar, sino que se ha creado teniendo en cuenta que cada jugador disfrute al m\u00e1ximo del juego y se sienta el centro de atenci\u00f3n.<\/p>\n<p> Individual 1-1,5 horas<br \/> Grupo 5-6 personas 3-3,5 horas<\/p>\n<p> El juego es adecuado para despedidas de soltera, fiestas, desayunos con un especialista.<\/p>\n<p> Este juego es adecuado para presentadores que trabajan con solicitudes relacionadas con:<br \/> \u2013 con sentimientos, emociones, estado interno; <br \/> \u2013 con \u00e9xito y autorrealizaci\u00f3n, con temas de finanzas y negocios; <br \/> \u2013 con las relaciones; <br \/> \u2013 con desilusiones y agravios; <br \/> \u2013 con autoestima, confianza en s\u00ed mismo y autoaceptaci\u00f3n; <br \/> \u2013 con l\u00edmites personales y la capacidad de decir \u201cno\u201d; <br \/> \u2013 con ganar confianza en ti mismo y en tus recursos; <br \/> \u2013 con la manifestaci\u00f3n de uno mismo en el mundo y el miedo a expresarse. <\/p>\n<p> Para jugar el juego, se recomienda utilizar cartas asociativas metaf\u00f3ricas, es decir, cualquier mazo universal y de recursos.<\/p>\n<p> <\/br><\/p>","protected":false},"excerpt":{"rendered":"<p>Autora y artista Marina Sholukhina, editorial \u201cOQprint\u201d Contenido: \u2013 Campo de tela 60*60 cm; \u2013 Cubo d10; \u2013 Fichas 6<\/p>","protected":false},"featured_media":4445,"comment_status":"open","ping_status":"closed","template":"","meta":[],"product_brand":[],"product_cat":[18],"product_tag":[],"class_list":{"0":"post-4444","1":"product","2":"type-product","3":"status-publish","4":"has-post-thumbnail","6":"product_cat-psychological-games-2","8":"first","9":"outofstock","10":"product-type-simple"},"_links":{"self":[{"href":"https:\/\/shercards.com\/es\/wp-json\/wp\/v2\/product\/4444","targetHints":{"allow":["GET"]}}],"collection":[{"href":"https:\/\/shercards.com\/es\/wp-json\/wp\/v2\/product"}],"about":[{"href":"https:\/\/shercards.com\/es\/wp-json\/wp\/v2\/types\/product"}],"replies":[{"embeddable":true,"href":"https:\/\/shercards.com\/es\/wp-json\/wp\/v2\/comments?post=4444"}],"wp:featuredmedia":[{"embeddable":true,"href":"https:\/\/shercards.com\/es\/wp-json\/wp\/v2\/media\/4445"}],"wp:attachment":[{"href":"https:\/\/shercards.com\/es\/wp-json\/wp\/v2\/media?parent=4444"}],"wp:term":[{"taxonomy":"product_brand","embeddable":true,"href":"https:\/\/shercards.com\/es\/wp-json\/wp\/v2\/product_brand?post=4444"},{"taxonomy":"product_cat","embeddable":true,"href":"https:\/\/shercards.com\/es\/wp-json\/wp\/v2\/product_cat?post=4444"},{"taxonomy":"product_tag","embeddable":true,"href":"https:\/\/shercards.com\/es\/wp-json\/wp\/v2\/product_tag?post=4444"}],"curies":[{"name":"wp","href":"https:\/\/api.w.org\/{rel}","templated":true}]}}