{"id":4566,"date":"2024-08-04T18:37:21","date_gmt":"2024-08-04T18:37:21","guid":{"rendered":"https:\/\/shercards.com\/index.php\/product\/psychological-cards-the-abcs-of-family-education\/"},"modified":"2025-10-20T10:33:43","modified_gmt":"2025-10-20T10:33:43","slug":"psychological-cards-the-abcs-of-family-education","status":"publish","type":"product","link":"https:\/\/shercards.com\/es\/producto\/psychological-cards-the-abcs-of-family-education\/","title":{"rendered":"Fichas psicol\u00f3gicas \u201cEl ABC de la educaci\u00f3n familiar\u201d"},"content":{"rendered":"<p>\u2022nbsp;nbsp;nbsp;nbsp;Nombre de la baraja \u201cEl ABC de la Educaci\u00f3n Familiar\u201d<br \/> \u2022nbsp;nbsp;nbsp;nbsp;Autor: Ekaterina Nikitina <br \/> \u2022nbsp;nbsp;nbsp;nbsp;Artista: Elena Sennikova <br > \u2022nbsp;nbsp;nbsp;nbsp;Editorial: \u201cBukvitsa\u201d<br \/> \u2022nbsp;nbsp;nbsp;nbsp;Contenido: 21 postales, tama\u00f1o 120 mm x 170 mm (Cartulina), las instrucciones de uso se encuentran en la portada del juego de postales. <br \/> \u2022nbsp;nbsp;nbsp;nbsp;Peso: 120 g.<\/p>\n<p> Las postales est\u00e1n destinadas a padres, psic\u00f3logos y educadores sociales. El objetivo de \u201cEl ABC de la educaci\u00f3n familiar\u201d es ayudar a los padres a encontrar el camino hacia el coraz\u00f3n de su hijo, a ver la relaci\u00f3n con el ni\u00f1o de una manera nueva, que se convertir\u00e1 en un apoyo para resolver situaciones de comunicaci\u00f3n dif\u00edciles. <\/p>\n<p> En el anverso de la postal hay un maravilloso dibujo de unos simp\u00e1ticos erizos y una declaraci\u00f3n afor\u00edstica o un extracto de una obra literaria. <br \/> En el reverso de la postal encontrar\u00e1 consejos que le permitir\u00e1n aprender c\u00f3mo padres e hijos pueden llegar a ser verdaderamente cercanos. \u201cEl ABC de la educaci\u00f3n familiar\u201d es un regalo maravilloso para los padres y todos los adultos que participan en la crianza de los hijos.<br \/> nbsp;nbsp;nbsp;nbsp;<br \/> \u00a1Puedes mirar y comentar las tramas de estas maravillosas tarjetas con tus hijos! \u00a1Los ni\u00f1os estar\u00e1n encantados!<br \/> <\/br><\/p>","protected":false},"excerpt":{"rendered":"<p>\u2022nbsp;nbsp;nbsp;nbsp;Nombre de la baraja \u201cEl ABC de la educaci\u00f3n familiar\u201d \u2022nbsp;nbsp;nbsp;nbsp;Autor: Ekaterina Nikitina \u2022nbsp;nbsp;nbsp;nbsp;Artista: Elena Sennikova \u2022nbsp;nbsp;nbsp;nbsp;Editorial: \u201cBukvitsa\u201d \u2022nbsp;nbsp;nbsp;nbsp;Contenido: 21 postales,<\/p>","protected":false},"featured_media":4567,"comment_status":"open","ping_status":"open","template":"","meta":[],"product_brand":[],"product_cat":[62],"product_tag":[],"class_list":{"0":"post-4566","1":"product","2":"type-product","3":"status-publish","4":"has-post-thumbnail","6":"product_cat-psychological-cards","8":"first","9":"outofstock","10":"product-type-simple"},"_links":{"self":[{"href":"https:\/\/shercards.com\/es\/wp-json\/wp\/v2\/product\/4566","targetHints":{"allow":["GET"]}}],"collection":[{"href":"https:\/\/shercards.com\/es\/wp-json\/wp\/v2\/product"}],"about":[{"href":"https:\/\/shercards.com\/es\/wp-json\/wp\/v2\/types\/product"}],"replies":[{"embeddable":true,"href":"https:\/\/shercards.com\/es\/wp-json\/wp\/v2\/comments?post=4566"}],"wp:featuredmedia":[{"embeddable":true,"href":"https:\/\/shercards.com\/es\/wp-json\/wp\/v2\/media\/4567"}],"wp:attachment":[{"href":"https:\/\/shercards.com\/es\/wp-json\/wp\/v2\/media?parent=4566"}],"wp:term":[{"taxonomy":"product_brand","embeddable":true,"href":"https:\/\/shercards.com\/es\/wp-json\/wp\/v2\/product_brand?post=4566"},{"taxonomy":"product_cat","embeddable":true,"href":"https:\/\/shercards.com\/es\/wp-json\/wp\/v2\/product_cat?post=4566"},{"taxonomy":"product_tag","embeddable":true,"href":"https:\/\/shercards.com\/es\/wp-json\/wp\/v2\/product_tag?post=4566"}],"curies":[{"name":"wp","href":"https:\/\/api.w.org\/{rel}","templated":true}]}}