{"id":4571,"date":"2024-08-04T18:37:21","date_gmt":"2024-08-04T18:37:21","guid":{"rendered":"https:\/\/shercards.com\/index.php\/product\/psychological-cards-our-children-are-happy-when-we\/"},"modified":"2025-10-20T10:33:43","modified_gmt":"2025-10-20T10:33:43","slug":"psychological-cards-our-children-are-happy-when-we","status":"publish","type":"product","link":"https:\/\/shercards.com\/es\/producto\/psychological-cards-our-children-are-happy-when-we\/","title":{"rendered":"Tarjetas psicol\u00f3gicas \u201cNuestros hijos son felices cuando nosotros\u2026\u201d"},"content":{"rendered":"<p>\u2022nbsp;nbsp;nbsp;nbsp;Nombre de la baraja \u201cNuestros hijos son felices cuando nosotros\u2026\u201d<br \/> \u2022nbsp;nbsp;nbsp;nbsp;Autor: Ekaterina Nikitina <br \/> \u2022nbsp;nbsp;nbsp;nbsp;Artista: Natalya Potapenko<br \/> \u2022nbsp;nbsp;nbsp;nbsp;Editorial: \u201cBukvitsa\u201d<br \/> \u2022nbsp;nbsp;nbsp;nbsp;Incluye: 28 postales, tama\u00f1o 150 mm x 145 mm (Cartulina)<br \/> \u2022nbsp; nbsp;nbsp;nbsp;Peso: 125 g.<\/p>\n<p> Las postales est\u00e1n destinadas a padres, psic\u00f3logos, educadores sociales y todos los adultos que participan en la crianza de un ni\u00f1o. <br \/> Las palabras que decimos tienen un gran impacto en nuestros hijos, ayud\u00e1ndolos o impidi\u00e9ndoles ser felices, saludables y exitosos. Sin embargo, a veces es dif\u00edcil para los padres encontrar las palabras adecuadas.<\/p>\n<p> En el anverso de la tarjeta hay un dibujo que representa una situaci\u00f3n de interacci\u00f3n con un ni\u00f1o. En el reverso de la tarjeta hay frases que los padres pueden utilizar en la comunicaci\u00f3n diaria con su hijo para construir relaciones m\u00e1s armoniosas. Son frases que ayudan al ni\u00f1o a sentirse apoyado y cre\u00eddo en \u00e9l, le hacen sentir que lo amas, lo sabes, aceptas que est\u00e1 bien.<\/p>\n<p> La forma en que hablamos con nuestros hijos se convierte con el tiempo en su voz interior. Y un d\u00eda, en momentos en que el ni\u00f1o se sienta inseguro y con el coraz\u00f3n pesado, cuando est\u00e9 lejos de ti, las palabras de sus padres vendr\u00e1n a tu mente, le ayudar\u00e1n a comprender la situaci\u00f3n y a afrontar las pruebas y sorpresas de la vida adulta. <br \/> <\/br><\/p>","protected":false},"excerpt":{"rendered":"<p>\u2022nbsp;nbsp;nbsp;nbsp;Nombre de la baraja \u201cNuestros hijos son felices cuando nosotros\u2026\u201d \u2022nbsp;nbsp;nbsp;nbsp;Autor: Ekaterina Nikitina \u2022nbsp;nbsp;nbsp;nbsp;Artista: Natalya Potapenko \u2022nbsp;nbsp;nbsp;nbsp;Editorial: \u201cBukvitsa\u201d \u2022nbsp;nbsp;nbsp;nbsp;Incluye:<\/p>","protected":false},"featured_media":4572,"comment_status":"open","ping_status":"open","template":"","meta":[],"product_brand":[],"product_cat":[62],"product_tag":[],"class_list":{"0":"post-4571","1":"product","2":"type-product","3":"status-publish","4":"has-post-thumbnail","6":"product_cat-psychological-cards","8":"first","9":"outofstock","10":"product-type-simple"},"_links":{"self":[{"href":"https:\/\/shercards.com\/es\/wp-json\/wp\/v2\/product\/4571","targetHints":{"allow":["GET"]}}],"collection":[{"href":"https:\/\/shercards.com\/es\/wp-json\/wp\/v2\/product"}],"about":[{"href":"https:\/\/shercards.com\/es\/wp-json\/wp\/v2\/types\/product"}],"replies":[{"embeddable":true,"href":"https:\/\/shercards.com\/es\/wp-json\/wp\/v2\/comments?post=4571"}],"wp:featuredmedia":[{"embeddable":true,"href":"https:\/\/shercards.com\/es\/wp-json\/wp\/v2\/media\/4572"}],"wp:attachment":[{"href":"https:\/\/shercards.com\/es\/wp-json\/wp\/v2\/media?parent=4571"}],"wp:term":[{"taxonomy":"product_brand","embeddable":true,"href":"https:\/\/shercards.com\/es\/wp-json\/wp\/v2\/product_brand?post=4571"},{"taxonomy":"product_cat","embeddable":true,"href":"https:\/\/shercards.com\/es\/wp-json\/wp\/v2\/product_cat?post=4571"},{"taxonomy":"product_tag","embeddable":true,"href":"https:\/\/shercards.com\/es\/wp-json\/wp\/v2\/product_tag?post=4571"}],"curies":[{"name":"wp","href":"https:\/\/api.w.org\/{rel}","templated":true}]}}