{"id":4586,"date":"2024-08-04T18:38:37","date_gmt":"2024-08-04T18:38:37","guid":{"rendered":"https:\/\/shercards.com\/index.php\/product\/psychological-postcards-everything-in-the-world-is-a-complete-miracle\/"},"modified":"2025-10-20T10:33:43","modified_gmt":"2025-10-20T10:33:43","slug":"psychological-postcards-everything-in-the-world-is-a-complete-miracle","status":"publish","type":"product","link":"https:\/\/shercards.com\/es\/producto\/psychological-postcards-everything-in-the-world-is-a-complete-miracle\/","title":{"rendered":"Postales psicol\u00f3gicas \u201cTodo en el mundo es un completo milagro\u201d"},"content":{"rendered":"<p>Autor: Salmina Sasha<br \/>Editorial: Rech, 2017<br \/>P\u00e1ginas: 15 (Cart\u00f3n)<br \/>Dimensiones: 210\u00d7140 mm<br \/><strong>\u00a1Todo en el mundo es un completo milagro!<\/strong> Y una taza de t\u00e9 arom\u00e1tico, y un cielo azul celeste, y un libro nuevo y emocionante, y viajes largos, y paseos despreocupados bajo la lluvia. Y en esta serie de postales hay quince peque\u00f1os milagros m\u00e1s. \u00a1Elige cualquiera, no te puedes equivocar!<\/p>","protected":false},"excerpt":{"rendered":"<p>Autor: Salmina Sasha Editorial: Rech, 2017 P\u00e1ginas: 15 (Cart\u00f3n) Dimensiones: 210\u00d7140 mm \u00a1Todo en el mundo es un milagro! Y una taza de t\u00e9 fragante,<\/p>","protected":false},"featured_media":4587,"comment_status":"open","ping_status":"open","template":"","meta":[],"product_brand":[],"product_cat":[62],"product_tag":[],"class_list":{"0":"post-4586","1":"product","2":"type-product","3":"status-publish","4":"has-post-thumbnail","6":"product_cat-psychological-cards","8":"first","9":"outofstock","10":"product-type-simple"},"_links":{"self":[{"href":"https:\/\/shercards.com\/es\/wp-json\/wp\/v2\/product\/4586","targetHints":{"allow":["GET"]}}],"collection":[{"href":"https:\/\/shercards.com\/es\/wp-json\/wp\/v2\/product"}],"about":[{"href":"https:\/\/shercards.com\/es\/wp-json\/wp\/v2\/types\/product"}],"replies":[{"embeddable":true,"href":"https:\/\/shercards.com\/es\/wp-json\/wp\/v2\/comments?post=4586"}],"wp:featuredmedia":[{"embeddable":true,"href":"https:\/\/shercards.com\/es\/wp-json\/wp\/v2\/media\/4587"}],"wp:attachment":[{"href":"https:\/\/shercards.com\/es\/wp-json\/wp\/v2\/media?parent=4586"}],"wp:term":[{"taxonomy":"product_brand","embeddable":true,"href":"https:\/\/shercards.com\/es\/wp-json\/wp\/v2\/product_brand?post=4586"},{"taxonomy":"product_cat","embeddable":true,"href":"https:\/\/shercards.com\/es\/wp-json\/wp\/v2\/product_cat?post=4586"},{"taxonomy":"product_tag","embeddable":true,"href":"https:\/\/shercards.com\/es\/wp-json\/wp\/v2\/product_tag?post=4586"}],"curies":[{"name":"wp","href":"https:\/\/api.w.org\/{rel}","templated":true}]}}