{"id":4598,"date":"2024-08-04T18:38:37","date_gmt":"2024-08-04T18:38:37","guid":{"rendered":"https:\/\/shercards.com\/index.php\/product\/set-of-postcards-the-abc-of-your-love\/"},"modified":"2025-10-20T10:33:43","modified_gmt":"2025-10-20T10:33:43","slug":"set-of-postcards-the-abc-of-your-love","status":"publish","type":"product","link":"https:\/\/shercards.com\/es\/producto\/set-of-postcards-the-abc-of-your-love\/","title":{"rendered":"Lote de postales \u201cEl ABC de tu amor\u201d"},"content":{"rendered":"<p>Autor: Irina Venshchikova<br \/>Editorial: Rech, 2020<br \/>N\u00famero de tarjetas: 28 piezas, tama\u00f1o 7,5 cm x 11,5 cm,<br \/>Pa\u00eds: Rusia<br \/>En la baraja encontrar\u00e1s recomendaciones pr\u00e1cticas para salir de situaciones dif\u00edciles que puedan suceder en tu relaci\u00f3n amorosa. Amar y ser amado es una felicidad extraordinaria que puedes crear con tus propias manos.<br \/> La interacci\u00f3n con un ser querido llena de significado nuestras vidas. S\u00f3lo con \u00e9l nos sentimos necesarios, fuertes, inteligentes, realizados, amados y cari\u00f1osos\u2026 o todo lo contrario. El amor no es algo f\u00e1cil, todo puede pasar: per\u00edodos de crisis, conflictos y malentendidos.<br \/>La emocionalidad natural y la vulnerabilidad hacen que las mujeres sean m\u00e1s susceptibles a las experiencias negativas: miedos, resentimientos, incertidumbre, sentimientos de culpa. Se acumulan en el alma femenina, nos privan de paz mental y tranquilidad, nos impiden recibir alegr\u00eda y placer de la vida, ser femeninas y sexys. Adem\u00e1s, no existe un conjunto de reglas sobre c\u00f3mo ser mujer, por lo que las j\u00f3venes que comienzan su vida adulta pueden aprender esto.<br \/>El hombre y la mujer son seres de \u201cplanetas\u201d diferentes, lo que genera muchas dificultades en las relaciones. Estas dificultades pueden convertirse tanto en una fuente de resentimiento y distanciamiento mutuos como en un motivo de mayor acercamiento, desarrollo de la confianza y fortalecimiento del amor.<br \/>No siempre tienes la oportunidad de compartir tus experiencias con alguien. En esos casos, utiliza la ayuda de \u201cEl ABC de tu amor\u201d.<br \/>En una situaci\u00f3n dif\u00edcil, puedes actuar de la siguiente manera: <\/p>\n<li>Cierra los ojos y formula brevemente tu problema internamente.<\/li>\n<li>Luego baraja las cartas y col\u00f3calas frente a ti boca abajo.<\/li>\n<li>Siente qu\u00e9 carta contiene la respuesta, c\u00f3mo ayudarte en tu dificultad.<\/li>\n<p> El prop\u00f3sito de \u201cEl ABC de tu Amor\u201d es ayudarte a ver la relaci\u00f3n con tu hombre de una nueva manera, que se convertir\u00e1 en un apoyo al momento de resolver situaciones dif\u00edciles en el Amor. <\/br><\/p>","protected":false},"excerpt":{"rendered":"<p>Autor: Irina VenshchikovaEditorial: Rech, 2020N\u00famero de cartas: 28 piezas, tama\u00f1o 7,5 cm*11,5 cm,Pa\u00eds: RusiaEn la baraja encontrar\u00e1s informaci\u00f3n pr\u00e1ctica<\/p>","protected":false},"featured_media":4599,"comment_status":"open","ping_status":"open","template":"","meta":[],"product_brand":[],"product_cat":[62],"product_tag":[],"class_list":{"0":"post-4598","1":"product","2":"type-product","3":"status-publish","4":"has-post-thumbnail","6":"product_cat-psychological-cards","8":"first","9":"outofstock","10":"product-type-simple"},"_links":{"self":[{"href":"https:\/\/shercards.com\/es\/wp-json\/wp\/v2\/product\/4598","targetHints":{"allow":["GET"]}}],"collection":[{"href":"https:\/\/shercards.com\/es\/wp-json\/wp\/v2\/product"}],"about":[{"href":"https:\/\/shercards.com\/es\/wp-json\/wp\/v2\/types\/product"}],"replies":[{"embeddable":true,"href":"https:\/\/shercards.com\/es\/wp-json\/wp\/v2\/comments?post=4598"}],"wp:featuredmedia":[{"embeddable":true,"href":"https:\/\/shercards.com\/es\/wp-json\/wp\/v2\/media\/4599"}],"wp:attachment":[{"href":"https:\/\/shercards.com\/es\/wp-json\/wp\/v2\/media?parent=4598"}],"wp:term":[{"taxonomy":"product_brand","embeddable":true,"href":"https:\/\/shercards.com\/es\/wp-json\/wp\/v2\/product_brand?post=4598"},{"taxonomy":"product_cat","embeddable":true,"href":"https:\/\/shercards.com\/es\/wp-json\/wp\/v2\/product_cat?post=4598"},{"taxonomy":"product_tag","embeddable":true,"href":"https:\/\/shercards.com\/es\/wp-json\/wp\/v2\/product_tag?post=4598"}],"curies":[{"name":"wp","href":"https:\/\/api.w.org\/{rel}","templated":true}]}}