{"id":4602,"date":"2024-08-04T18:40:07","date_gmt":"2024-08-04T18:40:07","guid":{"rendered":"https:\/\/shercards.com\/index.php\/product\/psychological-cards-steps-to-wisdom\/"},"modified":"2025-10-20T10:33:43","modified_gmt":"2025-10-20T10:33:43","slug":"psychological-cards-steps-to-wisdom","status":"publish","type":"product","link":"https:\/\/shercards.com\/es\/producto\/psychological-cards-steps-to-wisdom\/","title":{"rendered":"Cartas psicol\u00f3gicas \u201cPasos hacia la sabidur\u00eda\u201d"},"content":{"rendered":"<p>Artista: Borozenets P.<br \/>Editorial: Rech, 2015<br \/>Juego de 25 cartas.<br \/>Dimensiones: 143\u00d7100 mm<br \/>La par\u00e1bola refleja la sabidur\u00eda de los siglos. No insiste, sino que edifica sutilmente, delicadamente. La par\u00e1bola cambia discretamente la percepci\u00f3n que la persona tiene del mundo, de s\u00ed misma y de sus acciones.<br \/>Las postales \u201cPasos hacia la Sabidur\u00eda\u201d te ayudar\u00e1n en tu superaci\u00f3n personal, te apoyar\u00e1n con consejos, te abrir\u00e1n nuevas facetas de tu Ser, te permitir\u00e1n encontrar esa altura de conciencia en la que ganar\u00e1s confianza en tus habilidades y capacidades, y te indicar\u00e1n qu\u00e9 camino seguir.<br \/> <\/br><\/br><\/p>","protected":false},"excerpt":{"rendered":"<p>Artista: Borozenets P.Editorial: Rech, 2015Conjunto de 25 tarjetas.Dimensiones: 143\u00d7100 mmLa par\u00e1bola es un reflejo de la sabidur\u00eda de los siglos.<\/p>","protected":false},"featured_media":4603,"comment_status":"open","ping_status":"open","template":"","meta":[],"product_brand":[],"product_cat":[62],"product_tag":[],"class_list":{"0":"post-4602","1":"product","2":"type-product","3":"status-publish","4":"has-post-thumbnail","6":"product_cat-psychological-cards","8":"first","9":"outofstock","10":"product-type-simple"},"_links":{"self":[{"href":"https:\/\/shercards.com\/es\/wp-json\/wp\/v2\/product\/4602","targetHints":{"allow":["GET"]}}],"collection":[{"href":"https:\/\/shercards.com\/es\/wp-json\/wp\/v2\/product"}],"about":[{"href":"https:\/\/shercards.com\/es\/wp-json\/wp\/v2\/types\/product"}],"replies":[{"embeddable":true,"href":"https:\/\/shercards.com\/es\/wp-json\/wp\/v2\/comments?post=4602"}],"wp:featuredmedia":[{"embeddable":true,"href":"https:\/\/shercards.com\/es\/wp-json\/wp\/v2\/media\/4603"}],"wp:attachment":[{"href":"https:\/\/shercards.com\/es\/wp-json\/wp\/v2\/media?parent=4602"}],"wp:term":[{"taxonomy":"product_brand","embeddable":true,"href":"https:\/\/shercards.com\/es\/wp-json\/wp\/v2\/product_brand?post=4602"},{"taxonomy":"product_cat","embeddable":true,"href":"https:\/\/shercards.com\/es\/wp-json\/wp\/v2\/product_cat?post=4602"},{"taxonomy":"product_tag","embeddable":true,"href":"https:\/\/shercards.com\/es\/wp-json\/wp\/v2\/product_tag?post=4602"}],"curies":[{"name":"wp","href":"https:\/\/api.w.org\/{rel}","templated":true}]}}