{"id":4612,"date":"2024-08-04T18:40:07","date_gmt":"2024-08-04T18:40:07","guid":{"rendered":"https:\/\/shercards.com\/index.php\/product\/psychological-cards-secrets-of-female-power-24-answers-to-one-question\/"},"modified":"2025-10-20T10:33:43","modified_gmt":"2025-10-20T10:33:43","slug":"psychological-cards-secrets-of-female-power-24-answers-to-one-question","status":"publish","type":"product","link":"https:\/\/shercards.com\/es\/producto\/psychological-cards-secrets-of-female-power-24-answers-to-one-question\/","title":{"rendered":"Tarjetas psicol\u00f3gicas \u201cSecretos del poder femenino. 24 respuestas a una pregunta\u201d"},"content":{"rendered":"<p>Autor: Zinkevich-Evstigneeva Tatyana Dmitrievna<br \/>Editorial: Rech, 2016<br \/>24 postales<br \/>Tama\u00f1o: 100x142mm<br \/>\u00bfSabe una mujer todo sobre sus fuerzas? \u00bfSabe siempre c\u00f3mo utilizarlas? A veces a una mujer le falta algo muy peque\u00f1o: una comprensi\u00f3n precisa de en qu\u00e9 direcci\u00f3n debe moverse, de qu\u00e9 debe protegerse o qu\u00e9 debe desarrollar en s\u00ed misma. Este juego es adecuado para esos casos. \u201cSecretos\u201d est\u00e1 elaborado a partir de arquetipos femeninos, tramas arquet\u00edpicas y tramas de relaciones antiguas. Hay que respirar profundamente y exhalar, concentrarse, barajar la baraja de cartas con las \u201cclaves\u201d y hacerse una pregunta: \u201c\u00bfQu\u00e9 tengo que hacer ahora, en qu\u00e9 direcci\u00f3n debo moverme, de qu\u00e9 debo protegerme, qu\u00e9 debo desarrollar en m\u00ed?\u201d Y la respuesta llegar\u00e1.<\/p>","protected":false},"excerpt":{"rendered":"<p>Autora: Tatiana Dmitrievna Zinkevich-EvstigneevaEditorial: Rech, 201624 postalesTama\u00f1o: 100x142mm\u00bfUna mujer sabe todo sobre su fuerza? \u00bfSiempre comprende?<\/p>","protected":false},"featured_media":4613,"comment_status":"open","ping_status":"open","template":"","meta":[],"product_brand":[],"product_cat":[62],"product_tag":[],"class_list":{"0":"post-4612","1":"product","2":"type-product","3":"status-publish","4":"has-post-thumbnail","6":"product_cat-psychological-cards","8":"first","9":"outofstock","10":"product-type-simple"},"_links":{"self":[{"href":"https:\/\/shercards.com\/es\/wp-json\/wp\/v2\/product\/4612","targetHints":{"allow":["GET"]}}],"collection":[{"href":"https:\/\/shercards.com\/es\/wp-json\/wp\/v2\/product"}],"about":[{"href":"https:\/\/shercards.com\/es\/wp-json\/wp\/v2\/types\/product"}],"replies":[{"embeddable":true,"href":"https:\/\/shercards.com\/es\/wp-json\/wp\/v2\/comments?post=4612"}],"wp:featuredmedia":[{"embeddable":true,"href":"https:\/\/shercards.com\/es\/wp-json\/wp\/v2\/media\/4613"}],"wp:attachment":[{"href":"https:\/\/shercards.com\/es\/wp-json\/wp\/v2\/media?parent=4612"}],"wp:term":[{"taxonomy":"product_brand","embeddable":true,"href":"https:\/\/shercards.com\/es\/wp-json\/wp\/v2\/product_brand?post=4612"},{"taxonomy":"product_cat","embeddable":true,"href":"https:\/\/shercards.com\/es\/wp-json\/wp\/v2\/product_cat?post=4612"},{"taxonomy":"product_tag","embeddable":true,"href":"https:\/\/shercards.com\/es\/wp-json\/wp\/v2\/product_tag?post=4612"}],"curies":[{"name":"wp","href":"https:\/\/api.w.org\/{rel}","templated":true}]}}