{"id":4617,"date":"2024-08-04T18:40:07","date_gmt":"2024-08-04T18:40:07","guid":{"rendered":"https:\/\/shercards.com\/index.php\/product\/psychological-cards-treasury-of-vital-forces\/"},"modified":"2025-10-20T10:33:43","modified_gmt":"2025-10-20T10:33:43","slug":"psychological-cards-treasury-of-vital-forces","status":"publish","type":"product","link":"https:\/\/shercards.com\/es\/producto\/psychological-cards-treasury-of-vital-forces\/","title":{"rendered":"Cartas psicol\u00f3gicas \u201cTesoro de fuerzas vitales\u201d"},"content":{"rendered":"<p>Autor: Zinkevich-Evstigneeva, Tatiana Dmitrievna<br \/>Artista: Borozenets P.<br \/>Editorial: Rech, 2016<br \/>P\u00e1ginas: 25 (Cart\u00f3n)<br \/>Dimensiones: 140x98mm<br \/> En la vida se producen situaciones que ponen a prueba nuestra vitalidad. Parece que nos falta, pero esto es una ilusi\u00f3n. No existe la falta de fuerza para resolver un problema. Las pruebas siempre est\u00e1n dentro de nuestras fuerzas y posibilidades. Otra cosa es que la reserva de vitalidad quede sepultada bajo una capa de decepciones, estereotipos o cansancio banal. Nuestros mapas psicol\u00f3gicos le ayudar\u00e1n a descubrir la fuente de la vitalidad, a obtener una nueva perspectiva de las circunstancias y a superarlas con \u00e9xito.<br \/> <\/br><\/br><\/p>","protected":false},"excerpt":{"rendered":"<p>Autor:nbsp;Zinkevich-Evstigneeva, Tatyana Dmitrievna Artista:nbsp;Borozenets P. Editorial:nbsp;Rech, 2016 P\u00e1ginas: 25 (Cart\u00f3n) Dimensiones: 140x98mm Suceden situaciones de la vida que desaf\u00edan nuestra vitalidad. Parece que falta.<\/p>","protected":false},"featured_media":4618,"comment_status":"open","ping_status":"open","template":"","meta":[],"product_brand":[],"product_cat":[62],"product_tag":[],"class_list":{"0":"post-4617","1":"product","2":"type-product","3":"status-publish","4":"has-post-thumbnail","6":"product_cat-psychological-cards","8":"first","9":"outofstock","10":"product-type-simple"},"_links":{"self":[{"href":"https:\/\/shercards.com\/es\/wp-json\/wp\/v2\/product\/4617","targetHints":{"allow":["GET"]}}],"collection":[{"href":"https:\/\/shercards.com\/es\/wp-json\/wp\/v2\/product"}],"about":[{"href":"https:\/\/shercards.com\/es\/wp-json\/wp\/v2\/types\/product"}],"replies":[{"embeddable":true,"href":"https:\/\/shercards.com\/es\/wp-json\/wp\/v2\/comments?post=4617"}],"wp:featuredmedia":[{"embeddable":true,"href":"https:\/\/shercards.com\/es\/wp-json\/wp\/v2\/media\/4618"}],"wp:attachment":[{"href":"https:\/\/shercards.com\/es\/wp-json\/wp\/v2\/media?parent=4617"}],"wp:term":[{"taxonomy":"product_brand","embeddable":true,"href":"https:\/\/shercards.com\/es\/wp-json\/wp\/v2\/product_brand?post=4617"},{"taxonomy":"product_cat","embeddable":true,"href":"https:\/\/shercards.com\/es\/wp-json\/wp\/v2\/product_cat?post=4617"},{"taxonomy":"product_tag","embeddable":true,"href":"https:\/\/shercards.com\/es\/wp-json\/wp\/v2\/product_tag?post=4617"}],"curies":[{"name":"wp","href":"https:\/\/api.w.org\/{rel}","templated":true}]}}