{"id":462,"date":"2024-08-04T11:34:03","date_gmt":"2024-08-04T11:34:03","guid":{"rendered":"https:\/\/shercards.com\/index.php\/product\/metaphorical-cards-perinatellas-birth-canal\/"},"modified":"2025-10-20T10:46:22","modified_gmt":"2025-10-20T10:46:22","slug":"metaphorical-cards-perinatellas-birth-canal","status":"publish","type":"product","link":"https:\/\/shercards.com\/es\/producto\/metaphorical-cards-perinatellas-birth-canal\/","title":{"rendered":"Tarjetas metaf\u00f3ricas \u201cEl canal de parto de PeriNatella\u201d"},"content":{"rendered":"<p>Autores: Natella Kolobova \u2013 candidata de ciencias psicol\u00f3gicas, psic\u00f3loga familiar y perinatal, autora de las barajas MAK, autora y presentadora de capacitaciones y seminarios, autora de la capacitaci\u00f3n sobre el canal del parto. @perinatella<br \/> Elena Podolyan \u2013 artista, autora de las cubiertas MAC @lecreates_art<br \/>La baraja consta de 32 cartas con im\u00e1genes, 8 cartas por cada matriz, 4 aspectos positivos y 4 negativos. La baraja tambi\u00e9n contiene 48 cartas con frases, que est\u00e1n dise\u00f1adas para ampliar la percepci\u00f3n figurativa mediante el trabajo con formas verbales: actitudes y mensajes que se forman en cada per\u00edodo de una matriz en particular.<br \/>Este deck fue creado para ayudar a los formadores y psic\u00f3logos que realizan el canal de formaci\u00f3n \u201cAncestral\u201d, \u201cEnfermer\u00eda\u201d y otros cursos sobre temas perinatales. Adem\u00e1s, con este deck se puede trabajar cualquier tema relacionado con la transici\u00f3n, porque el parto siempre es una transici\u00f3n.<br \/> Los nacimientos simb\u00f3licos \u2013 transiciones \u2013 nos suceden todo el tiempo \u2013 nos mudamos, conseguimos un nuevo trabajo, creamos nuevos proyectos, nos casamos, etc.<br \/> <strong>Ejemplos de ejercicios:<\/strong> <br \/> <strong>1. C\u00f3mo llegu\u00e9 a este mundo.<\/strong> <br \/> Sacamos el sol de cada matriz una carta a la vez, m\u00e1s el sol de cada carta con frase para cada matriz. <br \/> Apertura. Vamos a discutir. <br \/> \u2013 \u00bfQu\u00e9 crees que hab\u00eda en cada matriz? <br \/> \u2013 \u00bfC\u00f3mo te fortaleci\u00f3 esto? <br \/> \u2013 \u00bfC\u00f3mo se debilit\u00f3? Adem\u00e1s, de cualquier mazo de recursos, sacamos una carta de recurso para cada matriz. \u00bfQu\u00e9 s\u00e9 ahora sobre mi recurso? \u00bfC\u00f3mo me ha fortalecido el haber vivido este per\u00edodo? <br \/> <strong>2. Transici\u00f3n.<\/strong> <br \/> Recordamos y describimos una situaci\u00f3n en la que es necesario realizar una transici\u00f3n, alcanzar un nuevo nivel, cambiar de estatus, etc. <br \/> En cada matriz sacamos una tarjeta con una idea, un proyecto, un per\u00edodo de adaptaci\u00f3n, de lucha, de logro, de obtenci\u00f3n de resultados. Hablamos de todas estas etapas. <br \/> BC sacamos de cada matriz el aspecto de sombra, lo que est\u00e1 oculto para nosotros. Integramos, conectamos los aspectos obvios y ocultos. Vamos a discutir. <br \/> <strong>Para trabajar en la formaci\u00f3n del Canal del Parto<\/strong>nbsp;Puedes utilizar la baraja de la siguiente manera: <\/p>\n<li>Al formular la intenci\u00f3n y solicitar la capacitaci\u00f3n de BC, saque una tarjeta para ver d\u00f3nde estaban los recursos y d\u00f3nde estaban las limitaciones. Comp\u00e1rela con su experiencia real (si es posible, pregunte a los padres o a quienes saben c\u00f3mo naci\u00f3 la persona despu\u00e9s de la capacitaci\u00f3n)<\/li>\n<li>Trabajar con tarjetas de frases. Seleccione aquellos mensajes que no son suficientes de mam\u00e1. Encuentre a la persona del grupo que mejor desempe\u00f1ar\u00e1 el papel de madre. En el ejercicio \u201cLa vida en el \u00fatero\u201d, esta persona lee en voz alta estos mensajes de recursos.<\/li>","protected":false},"excerpt":{"rendered":"<p>Autores: Natella Kolobova \u2013 candidata de ciencias psicol\u00f3gicas, psic\u00f3loga familiar y perinatal, autora de las barajas MAK, autora y presentadora de<\/p>","protected":false},"featured_media":463,"comment_status":"open","ping_status":"open","template":"","meta":[],"product_brand":[],"product_cat":[32],"product_tag":[],"class_list":{"0":"post-462","1":"product","2":"type-product","3":"status-publish","4":"has-post-thumbnail","6":"product_cat-perinatal-theme","8":"first","9":"outofstock","10":"purchasable","11":"product-type-simple"},"_links":{"self":[{"href":"https:\/\/shercards.com\/es\/wp-json\/wp\/v2\/product\/462","targetHints":{"allow":["GET"]}}],"collection":[{"href":"https:\/\/shercards.com\/es\/wp-json\/wp\/v2\/product"}],"about":[{"href":"https:\/\/shercards.com\/es\/wp-json\/wp\/v2\/types\/product"}],"replies":[{"embeddable":true,"href":"https:\/\/shercards.com\/es\/wp-json\/wp\/v2\/comments?post=462"}],"wp:featuredmedia":[{"embeddable":true,"href":"https:\/\/shercards.com\/es\/wp-json\/wp\/v2\/media\/463"}],"wp:attachment":[{"href":"https:\/\/shercards.com\/es\/wp-json\/wp\/v2\/media?parent=462"}],"wp:term":[{"taxonomy":"product_brand","embeddable":true,"href":"https:\/\/shercards.com\/es\/wp-json\/wp\/v2\/product_brand?post=462"},{"taxonomy":"product_cat","embeddable":true,"href":"https:\/\/shercards.com\/es\/wp-json\/wp\/v2\/product_cat?post=462"},{"taxonomy":"product_tag","embeddable":true,"href":"https:\/\/shercards.com\/es\/wp-json\/wp\/v2\/product_tag?post=462"}],"curies":[{"name":"wp","href":"https:\/\/api.w.org\/{rel}","templated":true}]}}