{"id":4621,"date":"2024-08-04T18:40:07","date_gmt":"2024-08-04T18:40:07","guid":{"rendered":"https:\/\/shercards.com\/index.php\/product\/psychological-cards-24-money-formulas-game-for-adults\/"},"modified":"2025-10-20T10:33:43","modified_gmt":"2025-10-20T10:33:43","slug":"psychological-cards-24-money-formulas-game-for-adults","status":"publish","type":"product","link":"https:\/\/shercards.com\/es\/producto\/psychological-cards-24-money-formulas-game-for-adults\/","title":{"rendered":"Cartas psicol\u00f3gicas \u201c24 f\u00f3rmulas para el dinero. Juego para adultos\u201d"},"content":{"rendered":"<p>Autor: Zinkevich-Evstigneeva Tatyana Dmitrievna<br \/>Artista: Borozenets P.<br \/>Editorial: Rech, 2016<br \/>P\u00e1ginas: 50 (Cart\u00f3n)<br \/>Dimensiones: 144\u00d798 mm<br \/>\u00bfTe has dado cuenta de cu\u00e1ntas veces al d\u00eda, directa o indirectamente, abordas mentalmente el tema del dinero? \u00bfCu\u00e1nto cuesta? \u00bfD\u00f3nde puedo conseguir dinero? \u00bfC\u00f3mo invertir sabiamente? \u00bfC\u00f3mo no perder? \u00bfPor qu\u00e9 es tan caro? Etc.<br \/>Para no tener problemas con el dinero, es necesario comprender algo sobre \u00e9l. El dinero es un ser vivo y pleno de nuestro planeta. Es un miembro de la sociedad con su propio car\u00e1cter, necesidades y caracter\u00edsticas. La gente dedica gran parte de su energ\u00eda f\u00edsica, emocional y mental al dinero, pero no se esfuerza por comprender sus propiedades espec\u00edficas. Resulta que a la gente no le interesa el dinero como un fen\u00f3meno independiente, un \u201cgrupo \u00e9tnico\u201d separado, una nacionalidad, por as\u00ed decirlo. Adem\u00e1s, la nacionalidad est\u00e1 desapareciendo. Recordemos cu\u00e1l es el volumen de dinero \u201cinvisible\u201d y no monetario en la actualidad.<br \/>Mientras tanto, la gente se esfuerza activamente por tener dinero... Es decir, por tener algo que no les interese. Algunas personas ni siquiera recuerdan lo que est\u00e1 representado en los billetes de diferentes denominaciones. De acuerdo...<\/p>","protected":false},"excerpt":{"rendered":"<p>Autor: Zinkevich-Evstigneeva Tatyana Dmitrievna Artista: Borozenets P. Editorial: Rech, 2016 P\u00e1ginas: 50 (Cart\u00f3n) Dimensiones: 144\u00d798 mm \u00bfHas notado cu\u00e1ntas veces al d\u00eda, directamente<\/p>","protected":false},"featured_media":4622,"comment_status":"open","ping_status":"open","template":"","meta":[],"product_brand":[],"product_cat":[62],"product_tag":[],"class_list":{"0":"post-4621","1":"product","2":"type-product","3":"status-publish","4":"has-post-thumbnail","6":"product_cat-psychological-cards","8":"first","9":"outofstock","10":"product-type-simple"},"_links":{"self":[{"href":"https:\/\/shercards.com\/es\/wp-json\/wp\/v2\/product\/4621","targetHints":{"allow":["GET"]}}],"collection":[{"href":"https:\/\/shercards.com\/es\/wp-json\/wp\/v2\/product"}],"about":[{"href":"https:\/\/shercards.com\/es\/wp-json\/wp\/v2\/types\/product"}],"replies":[{"embeddable":true,"href":"https:\/\/shercards.com\/es\/wp-json\/wp\/v2\/comments?post=4621"}],"wp:featuredmedia":[{"embeddable":true,"href":"https:\/\/shercards.com\/es\/wp-json\/wp\/v2\/media\/4622"}],"wp:attachment":[{"href":"https:\/\/shercards.com\/es\/wp-json\/wp\/v2\/media?parent=4621"}],"wp:term":[{"taxonomy":"product_brand","embeddable":true,"href":"https:\/\/shercards.com\/es\/wp-json\/wp\/v2\/product_brand?post=4621"},{"taxonomy":"product_cat","embeddable":true,"href":"https:\/\/shercards.com\/es\/wp-json\/wp\/v2\/product_cat?post=4621"},{"taxonomy":"product_tag","embeddable":true,"href":"https:\/\/shercards.com\/es\/wp-json\/wp\/v2\/product_tag?post=4621"}],"curies":[{"name":"wp","href":"https:\/\/api.w.org\/{rel}","templated":true}]}}