{"id":4626,"date":"2024-08-04T18:41:54","date_gmt":"2024-08-04T18:41:54","guid":{"rendered":"https:\/\/shercards.com\/index.php\/product\/psychological-cards-roads-of-love-the-beauty-of-relationships\/"},"modified":"2025-10-20T10:33:43","modified_gmt":"2025-10-20T10:33:43","slug":"psychological-cards-roads-of-love-the-beauty-of-relationships","status":"publish","type":"product","link":"https:\/\/shercards.com\/es\/producto\/psychological-cards-roads-of-love-the-beauty-of-relationships\/","title":{"rendered":"Cartas psicol\u00f3gicas \u201cCaminos del amor. La belleza de las relaciones.\u201d"},"content":{"rendered":"<p><strong>Autor:<\/strong> Tatiana Zinkevich-Evstigneeva<br \/> A\u00f1o de publicaci\u00f3n: 2017<br \/> Editorial: Rech<br \/> Dimensiones: 120x80x10 mm<br \/> La baraja consta de 24 cartas, 24 recomendaciones, elaboradas a partir del concepto de tramas arquet\u00edpicas de relaciones adoptado en la Terapia de Cuentos de Hadas Complejos.<br \/> El secreto de la relaci\u00f3n entre un hombre y una mujer ha sido comprendido hace a\u00f1os. Es importante que \u00c9l y Ella mantengan dentro de s\u00ed el deseo constante de recorrer los Senderos del Amor. Quien emprende este viaje debe ir incorporando la Belleza a sus relaciones paso a paso. Y esto, cr\u00e9anme, es mucho trabajo.<br \/> Cuando \u00c9l y Ella se conocen por primera vez, gracias a la chispa del amor que hay en ellos, nace la ilusi\u00f3n de un futuro juntos sin nubes. Parece que todo se resolver\u00e1 \u201cpor s\u00ed solo\u201d, ya que \u201cse aman\u201d. Los caminos del Amor son fascinantes porque los sentimientos mutuos cambian y se fortalecen constantemente. O, por el contrario, se calman y se derrumban, sin llegar a convertirse en Amor Verdadero.<br \/>La baraja contiene 24 cartas, 24 recomendaciones. Antes de sacar una carta de la baraja, reflexiona sobre tu relaci\u00f3n actual. \u00bfQu\u00e9 te revelan los Caminos del Amor en el per\u00edodo actual de tu vida? \u00bfDescubres belleza y alegr\u00eda o te ofrecen una lecci\u00f3n importante? No solo en las dificultades, sino tambi\u00e9n en las alegr\u00edas se requiere una palabra amable y participaci\u00f3n, al menos para poder aceptarlas m\u00e1s plenamente y aprender a agradecerlas sinceramente. Por eso, antes de sacar una carta de la baraja, puedes preguntarte:<br \/> \u00bfQu\u00e9 debo pensar para fortalecer nuestra relaci\u00f3n?<br \/> A la reflexi\u00f3n no le gustan los alborotos ni las palabras vanas. Traen buenos frutos y dones a quienes con coraz\u00f3n puro recorren los caminos del amor.<br \/> \u00a1Deja que los Caminos del Amor te abran nuevas facetas de su Belleza! <\/br><\/br><\/p>","protected":false},"excerpt":{"rendered":"<p>Autor: Tatyana Zinkevich-Evstigneeva A\u00f1o de publicaci\u00f3n: 2017 Editorial: Rech Dimensiones: 120x80x10 mm Hay 24 cartas en la baraja:<\/p>","protected":false},"featured_media":4627,"comment_status":"open","ping_status":"open","template":"","meta":[],"product_brand":[],"product_cat":[62],"product_tag":[],"class_list":{"0":"post-4626","1":"product","2":"type-product","3":"status-publish","4":"has-post-thumbnail","6":"product_cat-psychological-cards","8":"first","9":"outofstock","10":"product-type-simple"},"_links":{"self":[{"href":"https:\/\/shercards.com\/es\/wp-json\/wp\/v2\/product\/4626","targetHints":{"allow":["GET"]}}],"collection":[{"href":"https:\/\/shercards.com\/es\/wp-json\/wp\/v2\/product"}],"about":[{"href":"https:\/\/shercards.com\/es\/wp-json\/wp\/v2\/types\/product"}],"replies":[{"embeddable":true,"href":"https:\/\/shercards.com\/es\/wp-json\/wp\/v2\/comments?post=4626"}],"wp:featuredmedia":[{"embeddable":true,"href":"https:\/\/shercards.com\/es\/wp-json\/wp\/v2\/media\/4627"}],"wp:attachment":[{"href":"https:\/\/shercards.com\/es\/wp-json\/wp\/v2\/media?parent=4626"}],"wp:term":[{"taxonomy":"product_brand","embeddable":true,"href":"https:\/\/shercards.com\/es\/wp-json\/wp\/v2\/product_brand?post=4626"},{"taxonomy":"product_cat","embeddable":true,"href":"https:\/\/shercards.com\/es\/wp-json\/wp\/v2\/product_cat?post=4626"},{"taxonomy":"product_tag","embeddable":true,"href":"https:\/\/shercards.com\/es\/wp-json\/wp\/v2\/product_tag?post=4626"}],"curies":[{"name":"wp","href":"https:\/\/api.w.org\/{rel}","templated":true}]}}