{"id":4632,"date":"2024-08-04T18:41:54","date_gmt":"2024-08-04T18:41:54","guid":{"rendered":"https:\/\/shercards.com\/index.php\/product\/set-of-psychological-postcards-going-through-life-is-easy\/"},"modified":"2025-10-20T10:33:43","modified_gmt":"2025-10-20T10:33:43","slug":"set-of-psychological-postcards-going-through-life-is-easy","status":"publish","type":"product","link":"https:\/\/shercards.com\/es\/producto\/set-of-psychological-postcards-going-through-life-is-easy\/","title":{"rendered":"Conjunto de postales psicol\u00f3gicas \u201cLa vida es f\u00e1cil\u201d"},"content":{"rendered":"<p>Autor: Irina Avidon<br \/>Editorial: Rech, 2020<br \/>N\u00famero de tarjetas: 20 uds., tama\u00f1o 13,5 cm x 9,3 cm,<br \/>Pa\u00eds: Rusia<br \/>Las im\u00e1genes y afirmaciones que se presentan en las cartas ayudar\u00e1n a cualquier mujer a infundir alegr\u00eda y energ\u00eda en su vida. La apoyan en situaciones de elecci\u00f3n y toma de decisiones, la ponen en un estado de \u00e1nimo optimista y creativo e inspiran confianza en sus habilidades.<br \/> <\/br><\/br><\/p>","protected":false},"excerpt":{"rendered":"<p>Autor: Irina AvidonEditorial: Rech, 2020N\u00famero de tarjetas: 20 piezas, tama\u00f1o 13,5 cm* 9,3 cm,Pa\u00eds: RusiaIm\u00e1genes y afirmaciones presentadas en la<\/p>","protected":false},"featured_media":4633,"comment_status":"open","ping_status":"open","template":"","meta":[],"product_brand":[],"product_cat":[62],"product_tag":[],"class_list":{"0":"post-4632","1":"product","2":"type-product","3":"status-publish","4":"has-post-thumbnail","6":"product_cat-psychological-cards","8":"first","9":"outofstock","10":"product-type-simple"},"_links":{"self":[{"href":"https:\/\/shercards.com\/es\/wp-json\/wp\/v2\/product\/4632","targetHints":{"allow":["GET"]}}],"collection":[{"href":"https:\/\/shercards.com\/es\/wp-json\/wp\/v2\/product"}],"about":[{"href":"https:\/\/shercards.com\/es\/wp-json\/wp\/v2\/types\/product"}],"replies":[{"embeddable":true,"href":"https:\/\/shercards.com\/es\/wp-json\/wp\/v2\/comments?post=4632"}],"wp:featuredmedia":[{"embeddable":true,"href":"https:\/\/shercards.com\/es\/wp-json\/wp\/v2\/media\/4633"}],"wp:attachment":[{"href":"https:\/\/shercards.com\/es\/wp-json\/wp\/v2\/media?parent=4632"}],"wp:term":[{"taxonomy":"product_brand","embeddable":true,"href":"https:\/\/shercards.com\/es\/wp-json\/wp\/v2\/product_brand?post=4632"},{"taxonomy":"product_cat","embeddable":true,"href":"https:\/\/shercards.com\/es\/wp-json\/wp\/v2\/product_cat?post=4632"},{"taxonomy":"product_tag","embeddable":true,"href":"https:\/\/shercards.com\/es\/wp-json\/wp\/v2\/product_tag?post=4632"}],"curies":[{"name":"wp","href":"https:\/\/api.w.org\/{rel}","templated":true}]}}