{"id":499,"date":"2024-08-04T11:37:54","date_gmt":"2024-08-04T11:37:54","guid":{"rendered":"https:\/\/shercards.com\/index.php\/product\/metaphorical-associative-cards-home-of-my-soul\/"},"modified":"2025-10-20T10:46:22","modified_gmt":"2025-10-20T10:46:22","slug":"metaphorical-associative-cards-home-of-my-soul","status":"publish","type":"product","link":"https:\/\/shercards.com\/es\/producto\/metaphorical-associative-cards-home-of-my-soul\/","title":{"rendered":"Tarjetas asociativas metaf\u00f3ricas \u201cHogar de mi Alma\u201d"},"content":{"rendered":"<p><strong>Autores:<\/strong> Y. Karaseva y Y. Voronina<br \/>La baraja consta de 100 cartas, en las que est\u00e1n representados castillos de cuentos de hadas e interiores de habitaciones (60 casas y 40 habitaciones).<br \/>Medidas: 9x12cm, cart\u00f3n plastificado, cantos redondeados. Se incluyen instrucciones con 10 ejercicios b\u00e1sicos.<br \/>Las tarjetas con met\u00e1foras se seleccionan de Internet en funci\u00f3n de las necesidades del cliente. Estas tarjetas, incre\u00edblemente ingeniosas y profundas, sumergen al cliente en lo m\u00e1s profundo de s\u00ed mismo, permiti\u00e9ndole alcanzar sus verdaderas necesidades y comprender la situaci\u00f3n.<br \/> Al elegir una o varias im\u00e1genes, la persona se asocia a ellas. De esta manera, las cartas permiten llegar ecol\u00f3gicamente al subconsciente y a la conciencia del cliente de sus problemas y conflictos.<br \/>Se supone que estas cartas permiten al cliente, identific\u00e1ndose con la imagen de la casa y las habitaciones, llegar a su Ser. Entender qui\u00e9n soy, qu\u00e9 quiero, cu\u00e1les son mis verdaderos valores, etc.<br \/>De esta manera, los MAC proporcionan respuestas a preguntas \u00edntimas que no siempre se pueden encontrar por uno mismo.<br \/>Con la ayuda de las cartas \u201cMi casa\u201d (la casa de mi alma), puedes recuperar tu salud mental y espiritual, transformar los estados emocionales negativos (estr\u00e9s, neurosis) en una forma moderada. Estas MAC son capaces de enviarte, como una m\u00e1quina del tiempo, a tu pasado, en el que encontrar\u00e1s todos los recursos que se encuentran latentes en tu interior. Trabajar con un psic\u00f3logo mediante cartas es muy ecol\u00f3gico y seguro para la salud.<br \/><strong>La persona conoce la Casa casi desde el momento en que toma conciencia de su propia personalidad y esta imagen generalizada incluye muchas im\u00e1genes positivas que fortalecen la personalidad de la persona. La imagen de la Casa tambi\u00e9n refleja la personalidad de la persona misma, las relaciones cercanas, el amor, el cuidado, la ternura... Con la imagen de la Casa, cada persona conecta la idea de la Vida, el Amor, los Padres, los Hijos, la Familia... El concepto y la imagen de la Casa conectan a la persona con el mundo, por lo tanto, la Casa tambi\u00e9n refleja el mundo mismo y, al mismo tiempo, las cualidades personales individuales.<br \/><strong>La Casa es uno de los arquetipos (estructuras b\u00e1sicas) m\u00e1s significativos del Universo, y al mismo tiempo, una imagen emocionalmente muy cercana a cada persona!.<\/strong><br \/>Tiene <strong>Una importante funci\u00f3n estabilizadora, curativa y renovadora.<\/strong>, as\u00ed como conectarse con la experiencia de los antepasados, la familia y el inconsciente colectivo.<br \/>El hogar es una de las im\u00e1genes (y realidades concretas) m\u00e1s cercanas, queridas y comprensibles para el ser humano. Muchas personas tienen los sentimientos, recuerdos y esperanzas m\u00e1s brillantes depositados en la imagen del hogar: familia, amor, padres cari\u00f1osos, atenci\u00f3n, comprensi\u00f3n, seguridad, ser amado, hijos, seres queridos, parientes, ternura, belleza, comodidad, calidez, luz, etc.&lt; br&gt;El hogar nos sostiene, nos fortalece, nos da fuerza, conocimiento, sabidur\u00eda. La imagen del hogar nos acompa\u00f1a invisiblemente durante toda nuestra vida\u2026<br \/>El arquetipo de la Casa-Personalidad, de la Casa-Alma ayuda a resolver los problemas de la vida, ayuda a tener m\u00e1s \u00e9xito, a comprenderse mejor a s\u00ed mismo y a los dem\u00e1s, a encontrar la armon\u00eda en las relaciones familiares, a encontrar la alegr\u00eda y la felicidad. Ayuda a superar los conflictos y las neurosis. Esto no es solo una teor\u00eda, no es solo una idea cient\u00edfica, sino algo cercano y comprensible que es \u00fatil para todos. Cada Habitaci\u00f3n de la Casa-Personalidad, cada Piso (convencionalmente, figurativamente \u2013 piso, m\u00e1s cient\u00edficamente \u2013 niveles de arquetipos), te ayudar\u00e1 a visualizar mejor, sentir tus cualidades personales, resolver dificultades, comprenderte m\u00e1s plenamente a ti mismo. Cada Habitaci\u00f3n de la Casa tiene sus propias fortalezas y debilidades especiales, sus propias formas de resolver los problemas de la vida. <\/br><\/p>","protected":false},"excerpt":{"rendered":"<p>Autores: Y. Karaseva y Y. VoroninaLa baraja consta de 100 cartas, en las que se representan castillos de cuentos de hadas e interiores de habitaciones.<\/p>","protected":false},"featured_media":500,"comment_status":"open","ping_status":"open","template":"","meta":[],"product_brand":[],"product_cat":[35],"product_tag":[],"class_list":{"0":"post-499","1":"product","2":"type-product","3":"status-publish","4":"has-post-thumbnail","6":"product_cat-mono-decks-roads-houses-etc","8":"first","9":"outofstock","10":"purchasable","11":"product-type-simple"},"_links":{"self":[{"href":"https:\/\/shercards.com\/es\/wp-json\/wp\/v2\/product\/499","targetHints":{"allow":["GET"]}}],"collection":[{"href":"https:\/\/shercards.com\/es\/wp-json\/wp\/v2\/product"}],"about":[{"href":"https:\/\/shercards.com\/es\/wp-json\/wp\/v2\/types\/product"}],"replies":[{"embeddable":true,"href":"https:\/\/shercards.com\/es\/wp-json\/wp\/v2\/comments?post=499"}],"wp:featuredmedia":[{"embeddable":true,"href":"https:\/\/shercards.com\/es\/wp-json\/wp\/v2\/media\/500"}],"wp:attachment":[{"href":"https:\/\/shercards.com\/es\/wp-json\/wp\/v2\/media?parent=499"}],"wp:term":[{"taxonomy":"product_brand","embeddable":true,"href":"https:\/\/shercards.com\/es\/wp-json\/wp\/v2\/product_brand?post=499"},{"taxonomy":"product_cat","embeddable":true,"href":"https:\/\/shercards.com\/es\/wp-json\/wp\/v2\/product_cat?post=499"},{"taxonomy":"product_tag","embeddable":true,"href":"https:\/\/shercards.com\/es\/wp-json\/wp\/v2\/product_tag?post=499"}],"curies":[{"name":"wp","href":"https:\/\/api.w.org\/{rel}","templated":true}]}}