{"id":53,"date":"2024-08-04T10:57:13","date_gmt":"2024-08-04T10:57:13","guid":{"rendered":"https:\/\/shercards.com\/index.php\/product\/metaphorical-associative-cards-duet\/"},"modified":"2025-10-20T10:48:20","modified_gmt":"2025-10-20T10:48:20","slug":"metaphorical-associative-cards-duet","status":"publish","type":"product","link":"https:\/\/shercards.com\/es\/producto\/metaphorical-associative-cards-duet\/","title":{"rendered":"Tarjetas asociativas metaf\u00f3ricas \u201cDueto\u201d"},"content":{"rendered":"<p><strong>La \u00fanica edici\u00f3n oficial con licencia de la baraja en Rusia.<br \/> <\/br><\/strong><strong>\u00a1Nueva edici\u00f3n!<\/strong><br \/><strong>Editor: <\/strong>Tarjetas MAC<br \/> <strong >Autor:<\/strong>Itik Shmulevich<br \/>Dibujos: Michal Singer<br \/><strong>Contenido:<\/strong> <\/p>\n<ul>\n<li>192 tarjetas: 96 tarjetas con historias y 96 tarjetas con palabras (10, 9 x 7,4 cm, revestimiento de barniz UV, densidad 300 g);<\/li>\n<li>1 libro-gu\u00eda sobre el uso de MAK \u201cDuet\u201d en el trabajo psicol\u00f3gico (46 p\u00e1ginas);<\/li>\n<li>Caja de regalo gruesa (tapa-fondo 21,4 x 13,5 cm). <\/li>\n<\/ul>\n<p> Las tarjetas asociativas metaf\u00f3ricas \u201cD\u00fao\u201d est\u00e1n creadas para trabajar con un gran n\u00famero de solicitudes diferentes relacionadas con las relaciones matrimoniales, las relaciones de pareja y no solo.<br \/> El juego incluye dos barajas: cartas con dibujos que transmiten de forma muy clara sentimientos y vivencias, estilos de comportamiento de las personas en determinadas situaciones, cartas con palabras que ayudan a nombrarlas. De ellas, solo una parte est\u00e1 dedicada a la relaci\u00f3n entre un hombre y una mujer.<br \/> El conjunto contiene im\u00e1genes y palabras que simbolizan las relaciones con uno mismo, con el propio cuerpo, con el trabajo, con la familia, etc., lo que permite ampliar las \u00e1reas de aplicaci\u00f3n de esta baraja. <br \/>MAK \u201cD\u00fao\u201d es una herramienta indispensable en la terapia individual y grupal de conflictos internos y externos, crisis de identidad, relaciones con uno mismo, con el propio cuerpo y con el mundo exterior, en el tratamiento de conflictos interpersonales y familiares.<br \/>El D\u00fao MAK es indispensable en la psicoterapia familiar, en el trabajo con parejas, con ni\u00f1os y sus padres. Con la ayuda del D\u00fao MAK se puede: <\/p>\n<ul>\n<li>Explorar patrones de escenarios de comportamiento en situaciones estresantes;<\/li>\n<li>trabajar con actitudes y creencias que afectan las relaciones con el sexo opuesto;<\/li>\n<li> explorar y analizar la familia y otros sistemas;<\/li>\n<li>buscar salidas a situaciones de conflicto;<\/li>\n<li>trabajar con s\u00edntomas psicosom\u00e1ticos;<\/li>\n<li>ir en busca de un recurso;<\/li>\n<p> &lt; li&gt;Desarrollar la habilidad de tomar decisiones constructivas;<\/li>\n<li>corregir relaciones destructivas en una pareja;<\/li>\n<li>comprender las caracter\u00edsticas de las relaciones entre padres e hijos y de la relaci\u00f3n matrimonial, etc.<\/li>\n<\/ul>\n<p> <strong>Ejercicio n\u00ba 1 \u201cAqu\u00ed y ahora\u201d<br \/> <\/br><\/strong><strong>Meta<\/strong>:identificar y trabajar una demanda actual, diagnosticar un problema de comunicaci\u00f3n en una pareja, desarrollar conciencia en el contexto de relaciones significativas, b\u00fasqueda de recursos para los cambios deseados.<br \/><strong>Paso 1<\/strong>Piensa en una situaci\u00f3n o persona que te preocupe. Baraja ambas barajas y saca dos cartas boca abajo (boca abajo) \u2013 una carta con imagen y una carta con palabra como respuesta a una de las preguntas:<br \/> \u201c\u00bfQu\u00e9 significa esta situaci\u00f3n para m\u00ed?\u201d<br \/> \u201c\u00bfC\u00f3mo termin\u00e9 en tal situaci\u00f3n?\u201d<br \/> <strong>Paso 2. <\/strong>Da vuelta las tarjetas una por una y observa qu\u00e9 pensamientos y sentimientos te evocan.<br \/><strong><em>Preguntas para ayudar:<\/em>&lt; \/fuerte&gt; <\/p>\n<ul>\n<li>\u00bfExiste una conexi\u00f3n entre las tarjetas?<\/li>\n<li>Si es as\u00ed \u00bfqu\u00e9 es?<\/li>\n<li>\u00bfDe qu\u00e9 te est\u00e1n hablando?<\/li>\n<li>\u00bfC\u00f3mo te sentiste en la situaci\u00f3n o en relaci\u00f3n con la persona?<\/li>\n<li>\u00bfC\u00f3mo te comportaste?<\/li>\n<li>\u00bfEn qu\u00e9 estabas pensando?<\/li>\n<li>\u00bfC\u00f3mo llegaste a encontrarte en una situaci\u00f3n que te preocupaba?&lt; \/li&gt;\n<li>\u00bfC\u00f3mo te gustar\u00eda comportarte en esta situaci\u00f3n?<\/li>\n<li>\u00bfC\u00f3mo se comportar\u00eda tu pareja?<\/li>\n<li>\u00bfC\u00f3mo le gustar\u00eda comportarse en esta situaci\u00f3n?<\/li>\n<li>\u00bfC\u00f3mo me vio en esta situaci\u00f3n?<\/li>\n<li>\u00bfCuales son las razones, objetivos y circunstancias de todo lo ocurrido?<\/li>\n<\/ul>\n<p> <strong>Paso 3. <\/strong>Piensa en c\u00f3mo te gustar\u00eda cambiar lo que est\u00e1 sucediendo y saca la carta abierta que describa con mayor precisi\u00f3n tu deseo. \u00c1brela y cu\u00e9ntanos sobre tu deseo.<br \/> <strong>Paso 4.<\/strong> Toma tres cartas boca abajo de la baraja con im\u00e1genes como respuesta a la pregunta: \u201c\u00bfCu\u00e1les son los tres primeros pasos que debo dar para lograr lo que quiero?\u201d Revela las cartas una por una y habla sobre ellas. Haz un plan de acci\u00f3n y escr\u00edbelo en tu diario.<br \/><strong>Ejercicio n\u00ba 2 \u201cEl camino de las dificultades a las oportunidades\u201d<br \/> <\/br><\/strong><strong>Meta:<\/strong> An\u00e1lisis y correcci\u00f3n del estado actual de los c\u00f3nyuges y parejas; b\u00fasqueda de salidas a situaciones de conflicto y de nuevos modelos de comportamiento en las relaciones.<br \/> En esta t\u00e9cnica puedes utilizar cartas tanto boca abajo como boca abajo.<br \/><strong>Paso 1<\/strong>Piensa en las relaciones que m\u00e1s te preocupan. Podr\u00eda ser una relaci\u00f3n: <\/p>\n<ul>\n<li>con un c\u00f3nyuge;<\/li>\n<li>con una pareja;<\/li>\n<li>con los padres;<\/li>\n<li>con ni\u00f1os;<\/li>\n<li>con un amigo;<\/li>\n<li>con colegas\/jefes<\/li>\n<\/ul>\n<p> Tambi\u00e9n puedes trabajar en las relaciones con algo inanimado en tu vida. Por ejemplo, con el dinero, con el \u00e9xito, con el trabajo, etc.<br \/><strong>Paso 2<\/strong>. Pon boca abajo todas las cartas con im\u00e1genes de la baraja MAC \u201cDuet\u201d y bar\u00e1jalas. Saca una carta abiertamente (boca arriba) como respuesta a la pregunta: \u201c\u00bfQu\u00e9 me ayudar\u00e1 a lograr el \u00e9xito deseado en mi relaci\u00f3n actual?\u201d. Estudia el mapa con atenci\u00f3n.<br \/><strong><em>Preguntas para ayudar<\/em><\/strong>: <\/p>\n<ul>\n<li>\u00bfQu\u00e9 ves en \u00e9l?<\/li>\n<li>\u00bfQu\u00e9 fuerzas te ayudar\u00e1n a lograr lo que deseas?<\/li>\n<li>\u00bfQu\u00e9 creencias te apoyar\u00e1n en este camino?<\/li>\n<li>\u00bfQu\u00e9 estilo de comunicaci\u00f3n ser\u00e1 apropiado?<\/li>\n<li>\u00bfEn qu\u00e9 m\u00e1s puedes confiar?<\/li>\n<li> \u00bfC\u00f3mo te sientes cuando hablas de esto?<\/li>\n<li>\u00bfQu\u00e9 canci\u00f3n o melod\u00eda te viene a la mente?<\/li>\n<li>Dime \u00bfc\u00f3mo te sentir\u00e1s cuando todo se haga realidad?<\/li>\n<\/ul>\n<p> <strong >Paso 3<\/strong>Toma una carta del mazo boca abajo o boca arriba, que puede simbolizar algo que puede impedirte lograr lo que quieres. Utilizando las preguntas del paso anterior, explora los posibles obst\u00e1culos.<br \/> <strong>Paso 4<\/strong>Saca tres cartas boca abajo, que se convertir\u00e1n en una carta puente que conecta tus capacidades y limitaciones. Coloca estas cartas entre la carta que representa la dificultad (izquierda) y el \u00e9xito (derecha). \u00bfQu\u00e9 te dar\u00e1 fuerza en el camino de un estado a otro? Observando estas cartas, formula un mensaje para ti, una llamada, haz un plan de varios pasos que te ayudar\u00e1n.<br \/><strong>Ejercicio n\u00ba 3 \u201cMis relaciones\u201d<br \/> <\/br><\/strong><strong>Meta: <\/strong>correcci\u00f3n del estado emocional actual; cambio de actitud ante la situaci\u00f3n, b\u00fasqueda de recursos para superarla.<br \/><strong>Paso 1<\/strong>. Baraja las dos barajas y saca una carta de cada una de ellas, abierta (con la imagen hacia arriba) o boca abajo (boca abajo), (1 carta con imagen y 1 carta con palabra) como respuesta a la pregunta: \u201c\u00bfCu\u00e1les son mis relaciones y cu\u00e1l es su esencia?\u201d Intenta describir tus relaciones usando cartas.<br \/><strong><em>Preguntas para ayudar:<\/em><\/strong> <\/p>\n<ul>\n<li>\u00bfQu\u00e9 tipo de relaci\u00f3n tienes ahora?<\/li>\n<li>\u00bfQu\u00e9 necesitas que te guste de ellos?<\/li>\n<li>\u00bfQu\u00e9 es lo que no te conviene en la relaci\u00f3n?<\/li>\n<li>\u00bfC\u00f3mo te gustar\u00eda que fuera tu relaci\u00f3n?<\/li>\n<\/ul>\n<p> <strong>Paso 2.<\/strong> Saque de dos mazos una carta con una imagen boca abajo y una carta con una palabra como respuesta a la pregunta: \u201c\u00bfQu\u00e9 interfiere en las relaciones?\u201d. Tomen turnos para revelar las cartas, haciendo un seguimiento de sus sentimientos y pensamientos.<br \/> <strong>Paso 3<\/strong>Saque el tercer par de cartas boca abajo de dos barajas como respuesta a la pregunta: \u201c\u00bfQu\u00e9 contribuir\u00e1 al desarrollo de su relaci\u00f3n?\u201d Cu\u00e9ntenos m\u00e1s sobre las cartas.<br \/> <strong>Paso 4<\/strong>Observa con atenci\u00f3n los tres pares de cartas. Escribe una historia coherente. Si lo deseas, escr\u00edbela en tu diario. L\u00e9ela en voz alta, prestando atenci\u00f3n a tus sensaciones y sentimientos corporales. <\/br><\/p>","protected":false},"excerpt":{"rendered":"<p>La \u00fanica edici\u00f3n oficial autorizada de la baraja en Rusia. \u00a1Nueva edici\u00f3n!Editorial: MACardsAutor: Itsik ShmulevichDibujos: Michal SingerContenido: 192 cartas: 96<\/p>","protected":false},"featured_media":54,"comment_status":"open","ping_status":"open","template":"","meta":[],"product_brand":[],"product_cat":[24],"product_tag":[],"class_list":{"0":"post-53","1":"product","2":"type-product","3":"status-publish","4":"has-post-thumbnail","6":"product_cat-relationships-sex-metaphorical-cards","8":"first","9":"outofstock","10":"purchasable","11":"product-type-simple"},"_links":{"self":[{"href":"https:\/\/shercards.com\/es\/wp-json\/wp\/v2\/product\/53","targetHints":{"allow":["GET"]}}],"collection":[{"href":"https:\/\/shercards.com\/es\/wp-json\/wp\/v2\/product"}],"about":[{"href":"https:\/\/shercards.com\/es\/wp-json\/wp\/v2\/types\/product"}],"replies":[{"embeddable":true,"href":"https:\/\/shercards.com\/es\/wp-json\/wp\/v2\/comments?post=53"}],"wp:featuredmedia":[{"embeddable":true,"href":"https:\/\/shercards.com\/es\/wp-json\/wp\/v2\/media\/54"}],"wp:attachment":[{"href":"https:\/\/shercards.com\/es\/wp-json\/wp\/v2\/media?parent=53"}],"wp:term":[{"taxonomy":"product_brand","embeddable":true,"href":"https:\/\/shercards.com\/es\/wp-json\/wp\/v2\/product_brand?post=53"},{"taxonomy":"product_cat","embeddable":true,"href":"https:\/\/shercards.com\/es\/wp-json\/wp\/v2\/product_cat?post=53"},{"taxonomy":"product_tag","embeddable":true,"href":"https:\/\/shercards.com\/es\/wp-json\/wp\/v2\/product_tag?post=53"}],"curies":[{"name":"wp","href":"https:\/\/api.w.org\/{rel}","templated":true}]}}