{"id":5688,"date":"2024-08-04T19:46:59","date_gmt":"2024-08-04T19:46:59","guid":{"rendered":"https:\/\/shercards.com\/index.php\/product\/association-cards-in-psychotherapy-of-destructive-manifestations\/"},"modified":"2025-10-20T10:33:43","modified_gmt":"2025-10-20T10:33:43","slug":"association-cards-in-psychotherapy-of-destructive-manifestations","status":"publish","type":"product","link":"https:\/\/shercards.com\/es\/producto\/association-cards-in-psychotherapy-of-destructive-manifestations\/","title":{"rendered":"\u201cLas tarjetas asociativas en la psicoterapia de las manifestaciones destructivas\u201d"},"content":{"rendered":"<p>Autor: NV Buravtsova.<br \/>A\u00f1o de publicaci\u00f3n: 2018, 420 p\u00e1ginas.<br \/> Tama\u00f1o: 204\u00d7144, tapa blanda.<br \/>El libro es una gu\u00eda pr\u00e1ctica para el uso de tarjetas asociativas metaf\u00f3ricas en psicoterapia de diversas manifestaciones destructivas.<br \/> La singularidad de este libro radica en que describe m\u00e1s de 150 t\u00e9cnicas y algoritmos de trabajo.<br \/> Se examina:<br \/> \u2013 una amplia gama de destrucci\u00f3n en las relaciones interpersonales,<br \/> \u2013 las particularidades de las crisis vitales normativas y no normativas,<br \/> \u2013 diversos tipos de comportamiento desviado,<br \/> \u2013 configuraci\u00f3n del escenario y comportamiento del escenario,<br \/> \u2013 la posibilidad de utilizar tarjetas asociativas en la psicoterapia cognitivo-emotiva,<br \/> \u2013 Se presta atenci\u00f3n al desarrollo y correcci\u00f3n de los estados de recursos, del encanto personal y del carisma.<br \/>Como no es f\u00e1cil encontrar una t\u00e9cnica espec\u00edfica en grandes cantidades trabajando con mapas, el libro incluye un \u201c\u00cdndice de t\u00e9cnicas y algoritmos\u201d, y las t\u00e9cnicas complejas se presentan en p\u00e1rrafos separados, sus nombres se presentan en el contenido.<br \/>Para facilitar la comprensi\u00f3n, al describir cada t\u00e9cnica se indica el objetivo que se pretende conseguir y se indican los juegos de tarjetas asociativas metaf\u00f3ricas recomendadas para trabajar.<br \/>Se ilustran diversas t\u00e9cnicas y algoritmos con ejemplos y fragmentos de trabajo con clientes.<br \/>El libro utiliza los desarrollos del autor:<br \/> \u2013 la t\u00e9cnica de los \u201cEspejos de la Realidad\u201d;<br \/> \u2013 un conjunto de herramientas psicol\u00f3gicas \u201cPSI-case\u201d;<br \/> \u2013 Cartas asociativas, Casa, Alegor\u00edas, Pictogramas, Noanimales y una serie de otras herramientas psicol\u00f3gicas.<br \/>La publicaci\u00f3n se recomienda como gu\u00eda para psic\u00f3logos pr\u00e1cticos, profesores, trabajadores sociales, estudiantes, estudiantes de posgrado y profesores universitarios.<br \/> El libro puede ser \u00fatil no s\u00f3lo para profesionales, sino tambi\u00e9n para personas que atraviesan crisis vitales para superar dificultades existentes y potenciales.<\/p>\n<p> Las t\u00e9cnicas de trabajo con cartas asociativas se convertir\u00e1n en asistentes para muchos en la evaluaci\u00f3n objetiva y resoluci\u00f3n de diversas situaciones; har\u00e1n m\u00e1s claras las decisiones dif\u00edciles de la vida, contribuir\u00e1n al desarrollo y armonizaci\u00f3n de las relaciones, a la conciencia y resoluci\u00f3n de conflictos internos.<\/p>","protected":false},"excerpt":{"rendered":"<p>Autor: NV Buravtsova. A\u00f1o de publicaci\u00f3n: 2018, 420 p\u00e1ginas. Tama\u00f1o: 204\u00d7144, tapa blanda. El libro es una gu\u00eda pr\u00e1ctica para el uso<\/p>","protected":false},"featured_media":5689,"comment_status":"open","ping_status":"open","template":"","meta":[],"product_brand":[],"product_cat":[41],"product_tag":[],"class_list":{"0":"post-5688","1":"product","2":"type-product","3":"status-publish","4":"has-post-thumbnail","6":"product_cat-books-on-metaphorical-cards","8":"first","9":"outofstock","10":"product-type-simple"},"_links":{"self":[{"href":"https:\/\/shercards.com\/es\/wp-json\/wp\/v2\/product\/5688","targetHints":{"allow":["GET"]}}],"collection":[{"href":"https:\/\/shercards.com\/es\/wp-json\/wp\/v2\/product"}],"about":[{"href":"https:\/\/shercards.com\/es\/wp-json\/wp\/v2\/types\/product"}],"replies":[{"embeddable":true,"href":"https:\/\/shercards.com\/es\/wp-json\/wp\/v2\/comments?post=5688"}],"wp:featuredmedia":[{"embeddable":true,"href":"https:\/\/shercards.com\/es\/wp-json\/wp\/v2\/media\/5689"}],"wp:attachment":[{"href":"https:\/\/shercards.com\/es\/wp-json\/wp\/v2\/media?parent=5688"}],"wp:term":[{"taxonomy":"product_brand","embeddable":true,"href":"https:\/\/shercards.com\/es\/wp-json\/wp\/v2\/product_brand?post=5688"},{"taxonomy":"product_cat","embeddable":true,"href":"https:\/\/shercards.com\/es\/wp-json\/wp\/v2\/product_cat?post=5688"},{"taxonomy":"product_tag","embeddable":true,"href":"https:\/\/shercards.com\/es\/wp-json\/wp\/v2\/product_tag?post=5688"}],"curies":[{"name":"wp","href":"https:\/\/api.w.org\/{rel}","templated":true}]}}