{"id":5696,"date":"2024-08-04T19:46:59","date_gmt":"2024-08-04T19:46:59","guid":{"rendered":"https:\/\/shercards.com\/index.php\/product\/ambulance-for-families\/"},"modified":"2025-10-20T10:33:43","modified_gmt":"2025-10-20T10:33:43","slug":"ambulance-for-families","status":"publish","type":"product","link":"https:\/\/shercards.com\/es\/producto\/ambulance-for-families\/","title":{"rendered":"\u201cAmbulancia para familias\u201d"},"content":{"rendered":"<p>Autora: Natalya Manukhina \u2013 candidata a ciencias psicol\u00f3gicas, terapeuta familiar sist\u00e9mica, psic\u00f3loga m\u00e9dica, consultora individual y familiar, coach profesional (ECI), supervisora, profesora de psicolog\u00eda.<\/p>\n<p> Clase NF, 2019<br \/> ISBN: 978-5-86375-242-6<br \/> Tipo de cubierta: Tapa dura<br \/> N\u00famero de p\u00e1ginas: 296<br \/> Formato: 60\u00d788\/16<\/p>\n<p> Este libro est\u00e1 dedicado a un proceso especial: la asistencia psicol\u00f3gica de urgencia. Habla m\u00e1s de ayudar a las familias que a las personas. \u00bfPor qu\u00e9 una ambulancia? Porque las peticiones m\u00e1s frecuentes de las familias son \u201cayuda inmediata, ahora mismo\u201d o \u201cayuda m\u00e1s r\u00e1pida, en poco tiempo\u201d.<br \/>El lector encontrar\u00e1 en el libro numerosos casos pr\u00e1cticos del autor que ilustran el uso de los m\u00e9todos m\u00e1s r\u00e1pidos, incluidos los principios del Modelo Universal de Asistencia Psicol\u00f3gica de Corto Plazo desarrollado por el autor. Tambi\u00e9n contiene esquemas, m\u00e9todos y ejemplos de autoayuda en el seno de la propia familia, lo que hace que el libro sea interesante y accesible para un amplio espectro de lectores.<\/p>\n<p> El libro est\u00e1 dirigido a todos aquellos que est\u00e9n interesados en aplicar los m\u00e9todos de la psicolog\u00eda pr\u00e1ctica en sus vidas, as\u00ed como ayudar a especialistas de diversos perfiles y direcciones. <\/br><\/br><\/p>","protected":false},"excerpt":{"rendered":"<p>Autora: Natalya Manukhina \u2013 candidata a ciencias psicol\u00f3gicas, terapeuta familiar sist\u00e9mica, psic\u00f3loga m\u00e9dica, consultora individual y familiar, coach profesional (ECI),<\/p>","protected":false},"featured_media":5697,"comment_status":"open","ping_status":"open","template":"","meta":[],"product_brand":[],"product_cat":[58],"product_tag":[],"class_list":{"0":"post-5696","1":"product","2":"type-product","3":"status-publish","4":"has-post-thumbnail","6":"product_cat-psychological-literature","8":"first","9":"outofstock","10":"product-type-simple"},"_links":{"self":[{"href":"https:\/\/shercards.com\/es\/wp-json\/wp\/v2\/product\/5696","targetHints":{"allow":["GET"]}}],"collection":[{"href":"https:\/\/shercards.com\/es\/wp-json\/wp\/v2\/product"}],"about":[{"href":"https:\/\/shercards.com\/es\/wp-json\/wp\/v2\/types\/product"}],"replies":[{"embeddable":true,"href":"https:\/\/shercards.com\/es\/wp-json\/wp\/v2\/comments?post=5696"}],"wp:featuredmedia":[{"embeddable":true,"href":"https:\/\/shercards.com\/es\/wp-json\/wp\/v2\/media\/5697"}],"wp:attachment":[{"href":"https:\/\/shercards.com\/es\/wp-json\/wp\/v2\/media?parent=5696"}],"wp:term":[{"taxonomy":"product_brand","embeddable":true,"href":"https:\/\/shercards.com\/es\/wp-json\/wp\/v2\/product_brand?post=5696"},{"taxonomy":"product_cat","embeddable":true,"href":"https:\/\/shercards.com\/es\/wp-json\/wp\/v2\/product_cat?post=5696"},{"taxonomy":"product_tag","embeddable":true,"href":"https:\/\/shercards.com\/es\/wp-json\/wp\/v2\/product_tag?post=5696"}],"curies":[{"name":"wp","href":"https:\/\/api.w.org\/{rel}","templated":true}]}}