{"id":5702,"date":"2024-08-04T19:47:41","date_gmt":"2024-08-04T19:47:41","guid":{"rendered":"https:\/\/shercards.com\/index.php\/product\/psychological-types\/"},"modified":"2025-10-20T10:33:43","modified_gmt":"2025-10-20T10:33:43","slug":"psychological-types","status":"publish","type":"product","link":"https:\/\/shercards.com\/es\/producto\/psychological-types\/","title":{"rendered":"\u201cTipos psicol\u00f3gicos\u201d"},"content":{"rendered":"<p>Editorial: Proyecto Acad\u00e9mico<\/p>\n<p> A\u00f1o de publicaci\u00f3n: 2019<\/p>\n<p> Idioma del texto: ruso<\/p>\n<p> Idioma original: alem\u00e1n<\/p>\n<p> Traducci\u00f3n: Lorie S.; Zelenski V.<\/p>\n<p> Tipo de cubierta: Tapa dura<\/p>\n<p> Formato: 60\u00d790 1\/16<\/p>\n<p> P\u00e1ginas: 538<br \/>Una de las principales obras del destacado psic\u00f3logo del siglo XX Carl Gustav Jung est\u00e1 dedicada al problema de la clasificaci\u00f3n de los tipos de personalidad y contiene una gran cantidad de material sobre este tema. El autor no s\u00f3lo expone su tipolog\u00eda, sino que tambi\u00e9n analiza y sistematiza una enorme cantidad de material de otras \u00e1reas del patrimonio cient\u00edfico y cultural (filosof\u00eda, est\u00e9tica, poes\u00eda), de una u otra manera relacionado con este tema.<\/p>\n<p> El libro ser\u00e1 de inter\u00e9s no s\u00f3lo para psic\u00f3logos, psicoterapeutas, soci\u00f3logos, cultur\u00f3logos, sino tambi\u00e9n simplemente para un lector pensante interesado en los problemas de personalidad.<\/p>\n<p> nbsp; <\/br><\/p>","protected":false},"excerpt":{"rendered":"<p>Editorial: Academic Project A\u00f1o de publicaci\u00f3n: 2019 Idioma del texto: Ruso Idioma original: Alem\u00e1n Traducci\u00f3n: Lorie S.; Zelensky V. Tipo de cubierta:<\/p>","protected":false},"featured_media":5703,"comment_status":"open","ping_status":"open","template":"","meta":[],"product_brand":[],"product_cat":[58],"product_tag":[],"class_list":{"0":"post-5702","1":"product","2":"type-product","3":"status-publish","4":"has-post-thumbnail","6":"product_cat-psychological-literature","8":"first","9":"outofstock","10":"product-type-simple"},"_links":{"self":[{"href":"https:\/\/shercards.com\/es\/wp-json\/wp\/v2\/product\/5702","targetHints":{"allow":["GET"]}}],"collection":[{"href":"https:\/\/shercards.com\/es\/wp-json\/wp\/v2\/product"}],"about":[{"href":"https:\/\/shercards.com\/es\/wp-json\/wp\/v2\/types\/product"}],"replies":[{"embeddable":true,"href":"https:\/\/shercards.com\/es\/wp-json\/wp\/v2\/comments?post=5702"}],"wp:featuredmedia":[{"embeddable":true,"href":"https:\/\/shercards.com\/es\/wp-json\/wp\/v2\/media\/5703"}],"wp:attachment":[{"href":"https:\/\/shercards.com\/es\/wp-json\/wp\/v2\/media?parent=5702"}],"wp:term":[{"taxonomy":"product_brand","embeddable":true,"href":"https:\/\/shercards.com\/es\/wp-json\/wp\/v2\/product_brand?post=5702"},{"taxonomy":"product_cat","embeddable":true,"href":"https:\/\/shercards.com\/es\/wp-json\/wp\/v2\/product_cat?post=5702"},{"taxonomy":"product_tag","embeddable":true,"href":"https:\/\/shercards.com\/es\/wp-json\/wp\/v2\/product_tag?post=5702"}],"curies":[{"name":"wp","href":"https:\/\/api.w.org\/{rel}","templated":true}]}}