{"id":5711,"date":"2024-08-04T19:47:41","date_gmt":"2024-08-04T19:47:41","guid":{"rendered":"https:\/\/shercards.com\/index.php\/product\/body-structure-and-character\/"},"modified":"2025-10-20T10:33:43","modified_gmt":"2025-10-20T10:33:43","slug":"body-structure-and-character","status":"publish","type":"product","link":"https:\/\/shercards.com\/es\/producto\/body-structure-and-character\/","title":{"rendered":"\u201cEstructura corporal y car\u00e1cter\u201d"},"content":{"rendered":"<p>Autor: Ernst Kretschmer<br \/> Traducci\u00f3n del alem\u00e1n: G. Ya. Tartakovsky<\/p>\n<p> Esta publicaci\u00f3n incluye una de las obras m\u00e1s importantes del destacado psic\u00f3logo y psiquiatra alem\u00e1n Ernst Kretschmer, creador de la teor\u00eda de los temperamentos basada en el estudio de las caracter\u00edsticas corporales. En su obra fundamental, Kretschmer, a partir de un amplio material emp\u00edrico, demuestra la relaci\u00f3n entre los principales tipos de estructura corporal y la predisposici\u00f3n a las enfermedades mentales.<br \/>La primera edici\u00f3n del libro en ruso apareci\u00f3 en 1924. Fue la que sirvi\u00f3 de base para esta edici\u00f3n. El texto se acompa\u00f1a de las notas y comentarios necesarios. <\/br><\/p>","protected":false},"excerpt":{"rendered":"<p>Autor: Ernst Kretschmer Traducci\u00f3n del alem\u00e1nnbsp;G.Ya. Tartakovsky Esta publicaci\u00f3n incluye una de las obras m\u00e1s importantes del destacado alem\u00e1n<\/p>","protected":false},"featured_media":5712,"comment_status":"open","ping_status":"open","template":"","meta":[],"product_brand":[],"product_cat":[58],"product_tag":[],"class_list":{"0":"post-5711","1":"product","2":"type-product","3":"status-publish","4":"has-post-thumbnail","6":"product_cat-psychological-literature","8":"first","9":"outofstock","10":"product-type-simple"},"_links":{"self":[{"href":"https:\/\/shercards.com\/es\/wp-json\/wp\/v2\/product\/5711","targetHints":{"allow":["GET"]}}],"collection":[{"href":"https:\/\/shercards.com\/es\/wp-json\/wp\/v2\/product"}],"about":[{"href":"https:\/\/shercards.com\/es\/wp-json\/wp\/v2\/types\/product"}],"replies":[{"embeddable":true,"href":"https:\/\/shercards.com\/es\/wp-json\/wp\/v2\/comments?post=5711"}],"wp:featuredmedia":[{"embeddable":true,"href":"https:\/\/shercards.com\/es\/wp-json\/wp\/v2\/media\/5712"}],"wp:attachment":[{"href":"https:\/\/shercards.com\/es\/wp-json\/wp\/v2\/media?parent=5711"}],"wp:term":[{"taxonomy":"product_brand","embeddable":true,"href":"https:\/\/shercards.com\/es\/wp-json\/wp\/v2\/product_brand?post=5711"},{"taxonomy":"product_cat","embeddable":true,"href":"https:\/\/shercards.com\/es\/wp-json\/wp\/v2\/product_cat?post=5711"},{"taxonomy":"product_tag","embeddable":true,"href":"https:\/\/shercards.com\/es\/wp-json\/wp\/v2\/product_tag?post=5711"}],"curies":[{"name":"wp","href":"https:\/\/api.w.org\/{rel}","templated":true}]}}