{"id":5714,"date":"2024-08-04T19:47:41","date_gmt":"2024-08-04T19:47:41","guid":{"rendered":"https:\/\/shercards.com\/index.php\/product\/in-the-beginning-there-was-education\/"},"modified":"2025-10-20T10:33:43","modified_gmt":"2025-10-20T10:33:43","slug":"in-the-beginning-there-was-education","status":"publish","type":"product","link":"https:\/\/shercards.com\/es\/producto\/in-the-beginning-there-was-education\/","title":{"rendered":"\u201cEn el principio estaba la educaci\u00f3n\u201d"},"content":{"rendered":"<p>Autor: Miller Alis<\/p>\n<p> Traductor: Silaeva IV<\/p>\n<p> Editorial: Proyecto Acad\u00e9mico, 2019<\/p>\n<p> P\u00e1ginas: 296 (Desplazamiento)<\/p>\n<p> Formato: 22,2 x 16 x 1,2<\/p>\n<p> Tipo de cubierta: Papel duro<\/p>\n<p> Para psic\u00f3logos, psicoterapeutas, trabajadores sociales, as\u00ed como cualquier persona interesada en los problemas de la infancia.<br \/>El autor muestra los mecanismos de la crueldad oculta en la educaci\u00f3n de los ni\u00f1os y las ra\u00edces de la violencia. Analizando una serie de historias de vida \u2013 pacientes drogadictos, asesinos de ni\u00f1os y Adolf Hitler \u2013 Miller revela los or\u00edgenes de la extrema destructividad personal de estas personas en su primera infancia: siendo ni\u00f1os, fueron sometidos a tratos crueles y humillaciones, lo que afect\u00f3 sus caracter\u00edsticas personales. Se formulan los principios b\u00e1sicos de la \u201cpedagog\u00eda destructiva\u201d \u2013 educaci\u00f3n infantil represiva y paralizante. <\/br><\/p>","protected":false},"excerpt":{"rendered":"<p>Autor: Miller Alis Traductor: Silaeva IV Editorial: Academic Project, 2019 P\u00e1ginas: 296 (Offset) Formato : 22,2 x 16 x<\/p>","protected":false},"featured_media":5715,"comment_status":"open","ping_status":"open","template":"","meta":[],"product_brand":[],"product_cat":[58],"product_tag":[],"class_list":{"0":"post-5714","1":"product","2":"type-product","3":"status-publish","4":"has-post-thumbnail","6":"product_cat-psychological-literature","8":"first","9":"outofstock","10":"product-type-simple"},"_links":{"self":[{"href":"https:\/\/shercards.com\/es\/wp-json\/wp\/v2\/product\/5714","targetHints":{"allow":["GET"]}}],"collection":[{"href":"https:\/\/shercards.com\/es\/wp-json\/wp\/v2\/product"}],"about":[{"href":"https:\/\/shercards.com\/es\/wp-json\/wp\/v2\/types\/product"}],"replies":[{"embeddable":true,"href":"https:\/\/shercards.com\/es\/wp-json\/wp\/v2\/comments?post=5714"}],"wp:featuredmedia":[{"embeddable":true,"href":"https:\/\/shercards.com\/es\/wp-json\/wp\/v2\/media\/5715"}],"wp:attachment":[{"href":"https:\/\/shercards.com\/es\/wp-json\/wp\/v2\/media?parent=5714"}],"wp:term":[{"taxonomy":"product_brand","embeddable":true,"href":"https:\/\/shercards.com\/es\/wp-json\/wp\/v2\/product_brand?post=5714"},{"taxonomy":"product_cat","embeddable":true,"href":"https:\/\/shercards.com\/es\/wp-json\/wp\/v2\/product_cat?post=5714"},{"taxonomy":"product_tag","embeddable":true,"href":"https:\/\/shercards.com\/es\/wp-json\/wp\/v2\/product_tag?post=5714"}],"curies":[{"name":"wp","href":"https:\/\/api.w.org\/{rel}","templated":true}]}}