{"id":5717,"date":"2024-08-04T19:47:41","date_gmt":"2024-08-04T19:47:41","guid":{"rendered":"https:\/\/shercards.com\/index.php\/product\/the-power-of-the-other-hand-unlocking-the-capabilities-of-the-right-hemisphere\/"},"modified":"2025-10-20T10:33:43","modified_gmt":"2025-10-20T10:33:43","slug":"the-power-of-the-other-hand-unlocking-the-capabilities-of-the-right-hemisphere","status":"publish","type":"product","link":"https:\/\/shercards.com\/es\/producto\/the-power-of-the-other-hand-unlocking-the-capabilities-of-the-right-hemisphere\/","title":{"rendered":"\u201cEl poder de la otra mano. Liberando las capacidades del hemisferio derecho\u201d"},"content":{"rendered":"<p>Autor: Lucia Capaccione<\/p>\n<p> Editorial: G\u00e9nesis<\/p>\n<p> Especificaciones: tapa dura, 208 pp.<\/p>\n<p> \u00bfPor qu\u00e9 la sociedad ha elegido una mano en lugar de la otra durante siglos? \u00bfPor qu\u00e9 es tan dif\u00edcil para una persona diestra realizar las acciones m\u00e1s simples con la mano izquierda y para una persona zurda con la derecha? \u00bfPor qu\u00e9 casi cualquier persona puede volverse ambidiestra (una persona que es h\u00e1bil con ambas manos)?<\/p>\n<p> La autora, con humor y amor por la vida, habla de c\u00f3mo utiliz\u00f3 por primera vez su mano izquierda (es diestra) para dibujar y escribir y descubri\u00f3 una fuente incre\u00edble de ejercicio y terapia para s\u00ed misma. Bas\u00e1ndose en evidencia hist\u00f3rica, teor\u00eda cient\u00edfica e investigaci\u00f3n neuropsicol\u00f3gica, Lucia Capaccione describe las oportunidades que perdemos cuando elegimos usar solo una mano en las tareas cotidianas y, por lo tanto, no ejercitamos el otro hemisferio. El libro consta de datos te\u00f3ricos y t\u00e9cnicas pr\u00e1cticas; el autor ha estado utilizando los ejercicios descritos en su trabajo como psic\u00f3logo y terapeuta de arte durante d\u00e9cadas.<br \/>La publicaci\u00f3n est\u00e1 dirigida tanto a especialistas como a lectores interesados en la psicolog\u00eda, la arteterapia y el autodesarrollo creativo.<\/p>","protected":false},"excerpt":{"rendered":"<p>Autor: Lucia Capaccione Editorial: Genesis Especificaciones: tapa dura, 208 pp. \u00bfPor qu\u00e9 la sociedad ha elegido una mano sobre la otra durante siglos?<\/p>","protected":false},"featured_media":5718,"comment_status":"open","ping_status":"open","template":"","meta":[],"product_brand":[],"product_cat":[58],"product_tag":[],"class_list":{"0":"post-5717","1":"product","2":"type-product","3":"status-publish","4":"has-post-thumbnail","6":"product_cat-psychological-literature","8":"first","9":"outofstock","10":"product-type-simple"},"_links":{"self":[{"href":"https:\/\/shercards.com\/es\/wp-json\/wp\/v2\/product\/5717","targetHints":{"allow":["GET"]}}],"collection":[{"href":"https:\/\/shercards.com\/es\/wp-json\/wp\/v2\/product"}],"about":[{"href":"https:\/\/shercards.com\/es\/wp-json\/wp\/v2\/types\/product"}],"replies":[{"embeddable":true,"href":"https:\/\/shercards.com\/es\/wp-json\/wp\/v2\/comments?post=5717"}],"wp:featuredmedia":[{"embeddable":true,"href":"https:\/\/shercards.com\/es\/wp-json\/wp\/v2\/media\/5718"}],"wp:attachment":[{"href":"https:\/\/shercards.com\/es\/wp-json\/wp\/v2\/media?parent=5717"}],"wp:term":[{"taxonomy":"product_brand","embeddable":true,"href":"https:\/\/shercards.com\/es\/wp-json\/wp\/v2\/product_brand?post=5717"},{"taxonomy":"product_cat","embeddable":true,"href":"https:\/\/shercards.com\/es\/wp-json\/wp\/v2\/product_cat?post=5717"},{"taxonomy":"product_tag","embeddable":true,"href":"https:\/\/shercards.com\/es\/wp-json\/wp\/v2\/product_tag?post=5717"}],"curies":[{"name":"wp","href":"https:\/\/api.w.org\/{rel}","templated":true}]}}