{"id":5720,"date":"2024-08-04T19:48:37","date_gmt":"2024-08-04T19:48:37","guid":{"rendered":"https:\/\/shercards.com\/index.php\/product\/when-there-is-too-much-love-what-interferes-with-my-happiness\/"},"modified":"2025-10-20T10:33:43","modified_gmt":"2025-10-20T10:33:43","slug":"when-there-is-too-much-love-what-interferes-with-my-happiness","status":"publish","type":"product","link":"https:\/\/shercards.com\/es\/producto\/when-there-is-too-much-love-what-interferes-with-my-happiness\/","title":{"rendered":"\u201cCuando hay \u201cdemasiado\u201d amor, \u00bfqu\u00e9 interfiere en mi felicidad?\u201d"},"content":{"rendered":"<p>Autora: Valentina Moskalenko, profesora de medicina y psicoterapeuta familiar<br \/> Caracter\u00edsticas: tapa dura, 288 p\u00e1ginas, tama\u00f1o -nbsp;60X90\/16<br \/>\u201cCuando hay demasiado amor\u201d es un libro que te ayudar\u00e1 a evitar errores en las relaciones con tus seres queridos. Fue escrito por la psicoterapeuta familiar y doctora en ciencias m\u00e9dicas Valentina Dmitrievna Moskalenko.<br \/>Del libro aprender\u00e1s: <\/p>\n<ul>\n<li>Por qu\u00e9 amar con todas tus fuerzas no es suficiente<\/li>\n<li>\u00bfPor qu\u00e9 haces cualquier cosa por amor y a\u00fan as\u00ed te sientes infeliz?<\/li>\n<li>c\u00f3mo las relaciones de nuestros padres afectan las nuestras;&lt; \/li&gt;\n<li>Por qu\u00e9 a veces es necesario expresar insatisfacci\u00f3n;<\/li>\n<li>Por qu\u00e9 es importante reconocer los l\u00edmites de nuestra personalidad;<\/li>\n<li>Por qu\u00e9 es necesario el amor propio para amar al pr\u00f3jimo y en qu\u00e9 se diferencia del ego\u00edsmo.&lt; \/li&gt; <\/ul>\n<p> \u00bfA qui\u00e9n le interesar\u00e1 esta publicaci\u00f3n? <\/p>\n<ul>\n<li>todos aquellos que est\u00e9n preocupados por cuestiones de relaciones personales;<\/li>\n<li>todos aquellos que est\u00e9n interesados en libros sobre psicolog\u00eda de la personalidad y desarrollo personal;<\/li>\n<li>personas que buscan encontrar el amor y ser felices;&lt; \/li&gt;\n<li>aquellos que son infelices en el matrimonio, aunque se entregan completamente a la familia.<\/li>\n<\/ul>\n<p> 5 razones para comprar el libro \u201cCuando hay demasiado amor\u201d: <\/p>\n<li>12 mitos comunes impuestos por las revistas de relaciones son desacreditados;<\/li>\n<li>Se analizan situaciones cercanas a muchos utilizando ejemplos reales;<\/li>\n<li>El autor da recomendaciones espec\u00edficas sobre c\u00f3mo construir relaciones saludables;<\/li>\n<li>El autor habla con valent\u00eda sobre las relaciones \u00edntimas y se refiere a ellas no s\u00f3lo al sexo;<\/li>\n<li>El libro contiene un extenso ap\u00e9ndice: tablas comparativas, un \u00e1rbol de dependencias, tests, ejercicios y muchos otros materiales interesantes que te ayudar\u00e1n a trabajar sobre ti mismo y tus relaciones.<\/li>\n<p> <\/br><\/br><\/p>","protected":false},"excerpt":{"rendered":"<p>Autora: Valentina Moskalenko, profesora de medicina y psicoterapeuta familiar Caracter\u00edsticas: tapa dura, 288 p\u00e1ginas, tama\u00f1o -nbsp;60X90\/16\u201cCuando hay demasiado amor\u201d<\/p>","protected":false},"featured_media":5721,"comment_status":"open","ping_status":"open","template":"","meta":[],"product_brand":[],"product_cat":[58],"product_tag":[],"class_list":{"0":"post-5720","1":"product","2":"type-product","3":"status-publish","4":"has-post-thumbnail","6":"product_cat-psychological-literature","8":"first","9":"outofstock","10":"product-type-simple"},"_links":{"self":[{"href":"https:\/\/shercards.com\/es\/wp-json\/wp\/v2\/product\/5720","targetHints":{"allow":["GET"]}}],"collection":[{"href":"https:\/\/shercards.com\/es\/wp-json\/wp\/v2\/product"}],"about":[{"href":"https:\/\/shercards.com\/es\/wp-json\/wp\/v2\/types\/product"}],"replies":[{"embeddable":true,"href":"https:\/\/shercards.com\/es\/wp-json\/wp\/v2\/comments?post=5720"}],"wp:featuredmedia":[{"embeddable":true,"href":"https:\/\/shercards.com\/es\/wp-json\/wp\/v2\/media\/5721"}],"wp:attachment":[{"href":"https:\/\/shercards.com\/es\/wp-json\/wp\/v2\/media?parent=5720"}],"wp:term":[{"taxonomy":"product_brand","embeddable":true,"href":"https:\/\/shercards.com\/es\/wp-json\/wp\/v2\/product_brand?post=5720"},{"taxonomy":"product_cat","embeddable":true,"href":"https:\/\/shercards.com\/es\/wp-json\/wp\/v2\/product_cat?post=5720"},{"taxonomy":"product_tag","embeddable":true,"href":"https:\/\/shercards.com\/es\/wp-json\/wp\/v2\/product_tag?post=5720"}],"curies":[{"name":"wp","href":"https:\/\/api.w.org\/{rel}","templated":true}]}}