{"id":5727,"date":"2024-08-04T19:48:37","date_gmt":"2024-08-04T19:48:37","guid":{"rendered":"https:\/\/shercards.com\/index.php\/product\/sources-of-conscious-living-turn-problems-into-resources\/"},"modified":"2025-10-20T10:31:15","modified_gmt":"2025-10-20T10:31:15","slug":"sources-of-conscious-living-turn-problems-into-resources","status":"publish","type":"product","link":"https:\/\/shercards.com\/es\/producto\/sources-of-conscious-living-turn-problems-into-resources\/","title":{"rendered":"\u201cFuentes de vida consciente. Convertir los problemas en recursos\u201d"},"content":{"rendered":"<p>Autor: Elizabeth Lucas<br \/> Caracter\u00edsticas: tapa dura, 160 p\u00e1ginas, tama\u00f1o -nbsp;60X90\/16<br \/>\u201cFuentes de vida consciente. Convertir los problemas en recursos\u201d es el libro de la famosa psicoterapeuta austriaca Elisabeth Lucas. En esta publicaci\u00f3n, una seguidora del gran Viktor Frankl se\u00f1ala a los lectores las fuentes importantes de las que cada persona puede sacar fuerza y motivaci\u00f3n para vivir, alegrarse y crear. La filosof\u00eda de la autora es sencilla: no existen situaciones sin esperanza, cualquier crisis puede convertirse en un recurso, en un nuevo punto de crecimiento y desarrollo personal.<br \/> En el libro encontrar\u00e1s: nbsp; <\/p>\n<ul>\n<li>nueve cap\u00edtulos, cada uno de los cuales indica un \u00e1rea en la que podemos encontrar nuevas fuentes de vitalidad e inspiraci\u00f3n;<\/li>\n<li>ejemplos de la rica pr\u00e1ctica del autor en los que los lectores se reconocen a s\u00ed mismos y a sus problemas, y tambi\u00e9n encontrar\u00e1n formas de resolverlos;<\/li>\n<li>an\u00e1lisis de las declaraciones de Viktor Frankl y otros famosos expertos en el campo de la psicoterapia;<\/li>\n<li>Palabras de consuelo que apoyar\u00e1n en situaciones dif\u00edciles de la vida.<\/li>\n<\/ul>\n<p> \u00bfA qui\u00e9n le interesar\u00e1 esta publicaci\u00f3n? <\/p>\n<ul>\n<li>todos los amantes de los libros de psicolog\u00eda popular;<\/li>\n<li>personas que se encuentran en una situaci\u00f3n dif\u00edcil, de crisis o de des\u00e1nimo;<\/li>\n<li>aquellos que est\u00e9n interesados en la logoterapia, el legado de Viktor Frankl y sus estudiantes.<\/li>\n<\/ul>\n<p> Citas: <br \/>\u201cEl significado puede compararse con el aire: s\u00f3lo se recuerda en su ausencia\u201d. <br \/>\u201cLa felicidad no tiene nada que ver con el aspecto exterior de la vida, no se puede alcanzar mediante la posesi\u00f3n de algo o alguien; por el contrario, es un fen\u00f3meno puramente interno, una especie de condimento espiritual para la existencia humana. Simb\u00f3licamente, una persona feliz puede ser imaginada como \u201cdesnuda\u201d. <br \/>\u201cUna persona que vive en constante ansiedad teme al sufrimiento m\u00e1s que a cualquier otra cosa\u201d.<br \/>5 razones para comprar el libro \u201cFuentes de Vida Consciente. Convierte los problemas en recursos\u201d:nbsp; <\/p>\n<li>Elizabeth Lucas no s\u00f3lo es una te\u00f3rica seria, sino tambi\u00e9n una practicante, con muchos a\u00f1os de experiencia en asesoramiento;<\/li>\n<li>El autor escribe bas\u00e1ndose en el m\u00e9todo de la logoterapia, cuya idea principal es la b\u00fasqueda de significado;<\/li>\n<li>una gran cantidad de ejemplos reales de la pr\u00e1ctica del autor con comentarios y explicaciones;<\/li>\n<li>Elisabeth Lucas es la alumna m\u00e1s cercana de Viktor Frankl, famoso psic\u00f3logo, fil\u00f3sofo y pensador, fundador del m\u00e9todo de logoterapia;<\/li>\n<li>El autor ofrece fuentes extraordinarias de recursos de vida, motivaci\u00f3n e inspiraci\u00f3n: por ejemplo, el sentido, la fe, el humor, la buena literatura, el silencio e incluso las situaciones dif\u00edciles y las crisis.<\/li>","protected":false},"excerpt":{"rendered":"<p>Autor: Elizabeth Lucas Caracter\u00edsticas: tapa dura, 160 p\u00e1ginas, tama\u00f1o -nbsp;60X90\/16\u201cFuentes de vida consciente. Convierte los problemas en recursos\u201d \u2013 un libro<\/p>","protected":false},"featured_media":5728,"comment_status":"open","ping_status":"open","template":"","meta":[],"product_brand":[],"product_cat":[58],"product_tag":[],"class_list":{"0":"post-5727","1":"product","2":"type-product","3":"status-publish","4":"has-post-thumbnail","6":"product_cat-psychological-literature","8":"first","9":"outofstock","10":"product-type-simple"},"_links":{"self":[{"href":"https:\/\/shercards.com\/es\/wp-json\/wp\/v2\/product\/5727","targetHints":{"allow":["GET"]}}],"collection":[{"href":"https:\/\/shercards.com\/es\/wp-json\/wp\/v2\/product"}],"about":[{"href":"https:\/\/shercards.com\/es\/wp-json\/wp\/v2\/types\/product"}],"replies":[{"embeddable":true,"href":"https:\/\/shercards.com\/es\/wp-json\/wp\/v2\/comments?post=5727"}],"wp:featuredmedia":[{"embeddable":true,"href":"https:\/\/shercards.com\/es\/wp-json\/wp\/v2\/media\/5728"}],"wp:attachment":[{"href":"https:\/\/shercards.com\/es\/wp-json\/wp\/v2\/media?parent=5727"}],"wp:term":[{"taxonomy":"product_brand","embeddable":true,"href":"https:\/\/shercards.com\/es\/wp-json\/wp\/v2\/product_brand?post=5727"},{"taxonomy":"product_cat","embeddable":true,"href":"https:\/\/shercards.com\/es\/wp-json\/wp\/v2\/product_cat?post=5727"},{"taxonomy":"product_tag","embeddable":true,"href":"https:\/\/shercards.com\/es\/wp-json\/wp\/v2\/product_tag?post=5727"}],"curies":[{"name":"wp","href":"https:\/\/api.w.org\/{rel}","templated":true}]}}