{"id":5730,"date":"2024-08-04T19:48:37","date_gmt":"2024-08-04T19:48:37","guid":{"rendered":"https:\/\/shercards.com\/index.php\/product\/how-not-to-get-lost-in-the-labyrinth-of-psychosomatics-but-simply-get-out-of-it\/"},"modified":"2025-10-20T10:31:15","modified_gmt":"2025-10-20T10:31:15","slug":"how-not-to-get-lost-in-the-labyrinth-of-psychosomatics-but-simply-get-out-of-it","status":"publish","type":"product","link":"https:\/\/shercards.com\/es\/producto\/how-not-to-get-lost-in-the-labyrinth-of-psychosomatics-but-simply-get-out-of-it\/","title":{"rendered":"\u201cC\u00f3mo no perderse en el laberinto de la psicosom\u00e1tica, sino simplemente salir de \u00e9l\u201d"},"content":{"rendered":"<p>Autora: Kolendo-Smirnova Anastasia \u2013 Psic\u00f3loga, hipnoterapeuta. Especialista en el trabajo con psicosom\u00e1tica, autora de los juegos psicol\u00f3gicos \u201cPsico\u201d, \u201cPsicosom\u00e1tica\u201d y otros, autora de libros, tarjetas metaf\u00f3ricas, cursos de formaci\u00f3n, art\u00edculos, miembro de la Asociaci\u00f3n de Hipnoterapeutas y Psic\u00f3logos Cl\u00ednicos de Europa del Este.<br \/>Especificaciones: tapa dura, 128 p\u00e1ginas, 2019<br \/> Editorial: Variant<br \/>En el libro \u201cC\u00f3mo no perderse en el laberinto de la psicosom\u00e1tica, sino simplemente salir de \u00e9l\u201d, el autor, que se especializa en el trabajo con psicosom\u00e1tica, comparte su experiencia personal de lucha y superaci\u00f3n de los s\u00edntomas y, adem\u00e1s, con ejemplos de su pr\u00e1ctica profesional, muestra posibles salidas del \u201claberinto\u201d.<br \/>El libro ayudar\u00e1 tanto a especialistas como a profanos a navegar por los complejos entresijos y teor\u00edas de la direcci\u00f3n psicosom\u00e1tica. El lector encontrar\u00e1 en el libro tanto una teor\u00eda de f\u00e1cil acceso como t\u00e9cnicas pr\u00e1cticas que se pueden utilizar tanto de forma independiente como en actividades profesionales.<br \/> En el libro encontrar\u00e1s: <\/p>\n<ul>\n<li>Descripci\u00f3n de c\u00f3mo una persona descubre los s\u00edntomas y qu\u00e9 acciones realiza para resolver el problema.<\/li>\n<li>\u00bfQu\u00e9 acciones en la curaci\u00f3n de un s\u00edntoma psicosom\u00e1tico no dan resultados?<\/li>\n<li>\u00bfQu\u00e9 hay que hacer para emprender el camino de la sanaci\u00f3n?<\/li>\n<li>Numerosos ejemplos de la pr\u00e1ctica del autor, as\u00ed como de su experiencia personal.<\/li>\n<li>Ejercicios y t\u00e9cnicas psicol\u00f3gicas<\/li>\n<\/ul>\n<p> Esta publicaci\u00f3n ser\u00e1 de inter\u00e9s para: <\/p>\n<ul>\n<li>\u00bfAlguien interesado en este tema?<\/li>\n<li >Aquellos que tienen un s\u00edntoma psicosom\u00e1tico y nada ayuda en la lucha contra \u00e9l.<\/li>\n<li>Aquellos que quieran comprender de forma independiente las causas de su psicosom\u00e1tica.<\/li>\n<li>Principiantes y psic\u00f3logos ya en ejercicio que reci\u00e9n comienzan a trabajar en este \u00e1rea.<\/li>\n<li>Profesionales que est\u00e9n interesados en el punto de vista de un colega especializado espec\u00edficamente en psicosom\u00e1tica.<\/li>\n<li>Cualquier persona que necesite herramientas espec\u00edficas con las que empezar a trabajar con un problema psicosom\u00e1tico.<\/li>\n<\/ul>\n<p> Citas :<br \/> \u201cAqu\u00ed tenemos una versi\u00f3n cl\u00e1sica de c\u00f3mo la gente acaba en el laberinto de la psicosom\u00e1tica. Adem\u00e1s, esto ocurre, la mayor\u00eda de las veces, en un momento completamente inesperado para la persona. Al menos eso es lo que piensa. De repente aparece un s\u00edntoma determinado: dolor en uno de los \u00f3rganos, asfixia, n\u00e1useas, palpitaciones, etc.\u201d<br \/> \u201cUn hombre abre una puerta que, seg\u00fan le parece, conduce a la libertad. Tiene plena confianza en que a su alrededor hay un espacio largamente esperado y que los pasillos del laberinto quedan atr\u00e1s. Pero esto\u2026 \u00a1es s\u00f3lo una sensaci\u00f3n! En realidad, se encuentra en una enorme sala laber\u00edntica, en cuyas paredes se proyectan im\u00e1genes de la realidad. Ilusiones. Blendas. Fantas\u00edas. Cualquier cosa, pero no la realidad objetiva. Aunque uno puede vivir dentro de estas paredes ilusorias toda su vida sin comprender la esencia de lo que est\u00e1 sucediendo\u201d.<br \/> \u201cSi volvemos metaf\u00f3ricamente al laberinto, podemos imaginar esta inconsistencia como el deseo de salir de \u00e9l y el deseo de permanecer en \u00e9l. Despu\u00e9s de todo, en el hecho de que una persona est\u00e9 dentro de un laberinto y camine por \u00e9l, tambi\u00e9n se pueden encontrar pros y contras, beneficios y significados. \u00bfCu\u00e1les son?\u201d<br \/>Vale la pena comprar este libro porque: <\/p>\n<ul>\n<li>Est\u00e1 escrito por un especialista en el campo de la psicosom\u00e1tica en un lenguaje accesible.<\/li>\n<li>El libro permite comprender de forma independiente las complejas teor\u00edas de la psicosom\u00e1tica.<\/li>\n<li>Una gran cantidad de ejemplos pr\u00e1cticos y ejercicios para realizar.<\/li>\n<li>El libro no s\u00f3lo responde a la pregunta \u201c\u00bfQu\u00e9?\u201d, sino tambi\u00e9n a la pregunta \u201c\u00bfC\u00f3mo?\u201d.<\/li>\n<\/ul>\n<p> &lt; \/br&gt;<\/p>","protected":false},"excerpt":{"rendered":"<p>Autora: Kolendo-Smirnova Anastasia \u2013 Psic\u00f3loga, hipnoterapeuta. Especialista en el trabajo con psicosom\u00e1tica, autora de los juegos psicol\u00f3gicos \u201cPsico\u201d, \u201cPsicosom\u00e1tica\u201d y otros, autora<\/p>","protected":false},"featured_media":5731,"comment_status":"open","ping_status":"open","template":"","meta":[],"product_brand":[],"product_cat":[58],"product_tag":[],"class_list":{"0":"post-5730","1":"product","2":"type-product","3":"status-publish","4":"has-post-thumbnail","6":"product_cat-psychological-literature","8":"first","9":"outofstock","10":"product-type-simple"},"_links":{"self":[{"href":"https:\/\/shercards.com\/es\/wp-json\/wp\/v2\/product\/5730","targetHints":{"allow":["GET"]}}],"collection":[{"href":"https:\/\/shercards.com\/es\/wp-json\/wp\/v2\/product"}],"about":[{"href":"https:\/\/shercards.com\/es\/wp-json\/wp\/v2\/types\/product"}],"replies":[{"embeddable":true,"href":"https:\/\/shercards.com\/es\/wp-json\/wp\/v2\/comments?post=5730"}],"wp:featuredmedia":[{"embeddable":true,"href":"https:\/\/shercards.com\/es\/wp-json\/wp\/v2\/media\/5731"}],"wp:attachment":[{"href":"https:\/\/shercards.com\/es\/wp-json\/wp\/v2\/media?parent=5730"}],"wp:term":[{"taxonomy":"product_brand","embeddable":true,"href":"https:\/\/shercards.com\/es\/wp-json\/wp\/v2\/product_brand?post=5730"},{"taxonomy":"product_cat","embeddable":true,"href":"https:\/\/shercards.com\/es\/wp-json\/wp\/v2\/product_cat?post=5730"},{"taxonomy":"product_tag","embeddable":true,"href":"https:\/\/shercards.com\/es\/wp-json\/wp\/v2\/product_tag?post=5730"}],"curies":[{"name":"wp","href":"https:\/\/api.w.org\/{rel}","templated":true}]}}