{"id":5751,"date":"2024-08-04T19:49:37","date_gmt":"2024-08-04T19:49:37","guid":{"rendered":"https:\/\/shercards.com\/index.php\/product\/metaphorical-cards-in-psychotherapy-of-anxiety-phobic-disorders-algorithms-techniques-schemes\/"},"modified":"2025-10-20T10:31:15","modified_gmt":"2025-10-20T10:31:15","slug":"metaphorical-cards-in-psychotherapy-of-anxiety-phobic-disorders-algorithms-techniques-schemes","status":"publish","type":"product","link":"https:\/\/shercards.com\/es\/producto\/metaphorical-cards-in-psychotherapy-of-anxiety-phobic-disorders-algorithms-techniques-schemes\/","title":{"rendered":"\u201cLas tarjetas metaf\u00f3ricas en la psicoterapia de los trastornos ansioso-f\u00f3bicos: algoritmos, t\u00e9cnicas, esquemas\u201d"},"content":{"rendered":"<p>Colecci\u00f3n de materiales did\u00e1cticos<br \/>Autor: NV Buravtsova<br \/> Tama\u00f1o: 14,8 x 21 cm, papel grueso, laminado mate.<br \/>La colecci\u00f3n de materiales did\u00e1cticos contiene conceptos b\u00e1sicos, diagramas, t\u00e9cnicas y algoritmos para el uso de tarjetas asociativas metaf\u00f3ricas en psicoterapia para la ansiedad personal, miedos obsesivos, ataques de p\u00e1nico y otras manifestaciones de los trastornos ansioso-f\u00f3bicos.<br \/>Esta colecci\u00f3n consta de una carpeta y 16 tarjetas (formato A5), impresas en papel grueso con laminado mate. Cada t\u00e9cnica se coloca en una tarjeta independiente de doble cara.<br \/>Contiene: <\/p>\n<ul>\n<li>el prop\u00f3sito de la obra,<\/li>\n<li>recomendaciones para el uso de determinados conjuntos MAC,<\/li>\n<li>un algoritmo paso a paso para utilizar la t\u00e9cnica o un algoritmo, <\/li>\n<li>Un diagrama detallado, orden y secuencia de disposici\u00f3n de las cartas.<\/li>\n<\/ul>\n<p> Para algunas t\u00e9cnicas, se indica adicionalmente en qu\u00e9 caso y en qu\u00e9 etapa del trabajo es mejor utilizarla; en algunas se explican los mecanismos psicol\u00f3gicos de formaci\u00f3n de una nueva conducta; y para la t\u00e9cnica del \u201cLaberinto del Miedo\u201d se propone un dibujo esquem\u00e1tico del laberinto y se justifica cu\u00e1ndo es m\u00e1s efectivo utilizarlo y cu\u00e1ndo el propio dibujo del cliente.<br \/>En total, la colecci\u00f3n incluye 15 t\u00e9cnicas propias efectivas.<br \/>Se presentan en una tarjeta aparte una serie de conceptos y definiciones te\u00f3ricas que dan una idea general de los miedos obsesivos, las fobias y los ataques de p\u00e1nico; se dan los par\u00e1metros de adecuaci\u00f3n-inadecuaci\u00f3n de los miedos; se dan recomendaciones para la selecci\u00f3n y el uso de tarjetas asociativas metaf\u00f3ricas.<br \/>El tiempo aproximado de trabajo con cada t\u00e9cnica es de unos 35-45 minutos, es decir, para una sesi\u00f3n ser\u00e1 necesario utilizar una sola tarjeta.<br \/>El tama\u00f1o de fuente conveniente y los diagramas le permiten utilizar las tarjetas sin mucho esfuerzo ni estr\u00e9s.<br \/>Contenido: <\/p>\n<ul>\n<li>Conceptos b\u00e1sicos y recomendaciones<\/li>\n<li>Norma \u2013 patolog\u00eda<\/li>\n<li>Significados ocultos<\/li>\n<li>Gui\u00f3n gr\u00e1fico<\/li>\n<li>An\u00e1lisis cuatripartito<\/li>\n<li>Actitud, actitudes, acciones<\/li>\n<li>Pentagrama<\/li>\n<li>Limitaciones y beneficios<\/li>\n<li>Cuadr\u00edcula de ataque de p\u00e1nico<\/li>\n<li>Aceptaci\u00f3n y afrontamiento<\/li>\n<li>Laberinto del miedo<\/li>\n<li>P\u00e9ndulo de la ansiedad<\/li>\n<li>Mariposa<\/li>\n<li>Autoeficacia<\/li>\n<li>Puente<\/li>\n<li>Ascensor<\/li>\n<\/ul>\n<p> Recomendaciones para elegir sets MAC:<br \/>Dado que existen cientos de variedades de miedo obsesivo, es imposible abarcarlas todas en un \u00fanico conjunto tem\u00e1tico de cartas metaf\u00f3ricas. Por ello, para trabajar con TDF, se pueden utilizar todas las cartas que el cliente asocie con su miedo espec\u00edfico (situaci\u00f3n o persona).<br \/> <\/br><\/p>","protected":false},"excerpt":{"rendered":"<p>Colecci\u00f3n de materiales did\u00e1cticosAutor: NV Buravtsova Tama\u00f1o: 14,8 x 21 cm, papel grueso, laminado mate.La colecci\u00f3n de materiales did\u00e1cticos contiene<\/p>","protected":false},"featured_media":5752,"comment_status":"open","ping_status":"open","template":"","meta":[],"product_brand":[],"product_cat":[41],"product_tag":[],"class_list":{"0":"post-5751","1":"product","2":"type-product","3":"status-publish","4":"has-post-thumbnail","6":"product_cat-books-on-metaphorical-cards","8":"first","9":"outofstock","10":"product-type-simple"},"_links":{"self":[{"href":"https:\/\/shercards.com\/es\/wp-json\/wp\/v2\/product\/5751","targetHints":{"allow":["GET"]}}],"collection":[{"href":"https:\/\/shercards.com\/es\/wp-json\/wp\/v2\/product"}],"about":[{"href":"https:\/\/shercards.com\/es\/wp-json\/wp\/v2\/types\/product"}],"replies":[{"embeddable":true,"href":"https:\/\/shercards.com\/es\/wp-json\/wp\/v2\/comments?post=5751"}],"wp:featuredmedia":[{"embeddable":true,"href":"https:\/\/shercards.com\/es\/wp-json\/wp\/v2\/media\/5752"}],"wp:attachment":[{"href":"https:\/\/shercards.com\/es\/wp-json\/wp\/v2\/media?parent=5751"}],"wp:term":[{"taxonomy":"product_brand","embeddable":true,"href":"https:\/\/shercards.com\/es\/wp-json\/wp\/v2\/product_brand?post=5751"},{"taxonomy":"product_cat","embeddable":true,"href":"https:\/\/shercards.com\/es\/wp-json\/wp\/v2\/product_cat?post=5751"},{"taxonomy":"product_tag","embeddable":true,"href":"https:\/\/shercards.com\/es\/wp-json\/wp\/v2\/product_tag?post=5751"}],"curies":[{"name":"wp","href":"https:\/\/api.w.org\/{rel}","templated":true}]}}