{"id":5754,"date":"2024-08-04T19:50:40","date_gmt":"2024-08-04T19:50:40","guid":{"rendered":"https:\/\/shercards.com\/index.php\/product\/emotional-addiction-from-diagnosis-to-coping-strategies\/"},"modified":"2025-10-20T10:17:15","modified_gmt":"2025-10-20T10:17:15","slug":"emotional-addiction-from-diagnosis-to-coping-strategies","status":"publish","type":"product","link":"https:\/\/shercards.com\/es\/producto\/emotional-addiction-from-diagnosis-to-coping-strategies\/","title":{"rendered":"\u201cAdicci\u00f3n emocional: del diagn\u00f3stico a las estrategias de afrontamiento\u201d"},"content":{"rendered":"<p>Autor: Maxim Pestov<\/p>\n<p> Caracter\u00edsticas: 176 p\u00e1ginas, tapa dura.<\/p>\n<p> El trabajo presentado al lector ofrece una comprensi\u00f3n te\u00f3rica y emp\u00edrica de los fen\u00f3menos de la adicci\u00f3n y el tipo de personalidad dependiente, as\u00ed como una descripci\u00f3n de la estrategia para trabajar con la dependencia emocional dentro de la psicoterapia individual y grupal, una de las tareas m\u00e1s dif\u00edciles para un profesional. Varias de las t\u00e9cnicas discutidas se pueden utilizar para organizar capacitaciones tem\u00e1ticas tanto sobre el tema de la dependencia emocional como en el trabajo con problemas de sensibilidad corporal, l\u00edmites personales y otras dificultades psicol\u00f3gicas.<br \/> El libro est\u00e1 dirigido a terapeutas en ejercicio, estudiantes de especialidades psicol\u00f3gicas, as\u00ed como a un amplio espectro de lectores interesados en los problemas de la dependencia psicol\u00f3gica. <\/br><\/br><\/p>","protected":false},"excerpt":{"rendered":"<p>Autor: Maxim Pestov Caracter\u00edsticas: 176 p\u00e1ginas, tapa dura La obra que se presenta al lector ofrece una comprensi\u00f3n te\u00f3rica y emp\u00edrica de<\/p>","protected":false},"featured_media":5755,"comment_status":"open","ping_status":"closed","template":"","meta":[],"product_brand":[],"product_cat":[58],"product_tag":[],"class_list":{"0":"post-5754","1":"product","2":"type-product","3":"status-publish","4":"has-post-thumbnail","6":"product_cat-psychological-literature","8":"first","9":"outofstock","10":"product-type-simple"},"_links":{"self":[{"href":"https:\/\/shercards.com\/es\/wp-json\/wp\/v2\/product\/5754","targetHints":{"allow":["GET"]}}],"collection":[{"href":"https:\/\/shercards.com\/es\/wp-json\/wp\/v2\/product"}],"about":[{"href":"https:\/\/shercards.com\/es\/wp-json\/wp\/v2\/types\/product"}],"replies":[{"embeddable":true,"href":"https:\/\/shercards.com\/es\/wp-json\/wp\/v2\/comments?post=5754"}],"wp:featuredmedia":[{"embeddable":true,"href":"https:\/\/shercards.com\/es\/wp-json\/wp\/v2\/media\/5755"}],"wp:attachment":[{"href":"https:\/\/shercards.com\/es\/wp-json\/wp\/v2\/media?parent=5754"}],"wp:term":[{"taxonomy":"product_brand","embeddable":true,"href":"https:\/\/shercards.com\/es\/wp-json\/wp\/v2\/product_brand?post=5754"},{"taxonomy":"product_cat","embeddable":true,"href":"https:\/\/shercards.com\/es\/wp-json\/wp\/v2\/product_cat?post=5754"},{"taxonomy":"product_tag","embeddable":true,"href":"https:\/\/shercards.com\/es\/wp-json\/wp\/v2\/product_tag?post=5754"}],"curies":[{"name":"wp","href":"https:\/\/api.w.org\/{rel}","templated":true}]}}