{"id":576,"date":"2024-08-04T11:47:27","date_gmt":"2024-08-04T11:47:27","guid":{"rendered":"https:\/\/shercards.com\/index.php\/product\/metaphorical-cards-happiness-is\/"},"modified":"2025-10-20T10:46:21","modified_gmt":"2025-10-20T10:46:21","slug":"metaphorical-cards-happiness-is","status":"publish","type":"product","link":"https:\/\/shercards.com\/es\/producto\/metaphorical-cards-happiness-is\/","title":{"rendered":"Tarjetas metaf\u00f3ricas \u201cLA FELICIDAD ES\u201d"},"content":{"rendered":"<p>Autores: Anna Zakharova, Zhanna Sinitsina<br \/> Artista: Svetlana Zagarina<\/p>\n<p> La baraja contiene 60 cartas de 120x90x50 mm. Cart\u00f3n plastificado a doble cara suave al tacto, cantos redondeados.<br \/> La baraja viene empaquetada en un estuche de madera. <br \/> Las instrucciones adjuntas a la baraja contienen una descripci\u00f3n de 5 t\u00e9cnicas para trabajar con cartas.<\/p>\n<p> MAC \u201cLa felicidad es\u201d puede ser utilizado por psic\u00f3logos, psicoterapeutas, arteterapeutas, coaches, presentadores de juegos psicol\u00f3gicos transformacionales, especialistas en trabajar con cartas asociativas metaf\u00f3ricas, especialistas en el campo de la p\u00e9rdida de peso.<br \/> Las tarjetas se pueden utilizar como una herramienta adicional para comprender el problema del aumento excesivo de peso, las posibles causas de comer en exceso y la \u201crenuencia\u201d a desprenderse de los kilos de m\u00e1s.<br \/> Esta baraja es una parte importante del juego de diagn\u00f3stico psicol\u00f3gico \u201cBuffet\u201d. Sin embargo, tambi\u00e9n se puede utilizar por separado para resolver problemas de relaci\u00f3n con la comida y con uno mismo.<br \/> La baraja es eficaz tanto en asesoramiento individual como en entrenamientos grupales.<\/p>\n<p> La comida es necesaria para vivir y se considera una fuente de energ\u00eda. Otra cosa es obvia: la comida debe ser agradable. \u00a1Un plato dise\u00f1ado est\u00e9ticamente no solo es agradable a la vista!<br \/> La comida tambi\u00e9n es un medio de comunicaci\u00f3n: las reuniones de negocios o las reuniones de amigos no suelen estar completas sin el consumo de alimentos. Para algunos, la comida se convierte en una recompensa, un est\u00edmulo por el \u00e9xito, una tarea completada, y para otros, se convierte en un relleno de tiempo libre, un intento de escapar de la pereza y la ociosidad. <br \/> Se hace evidente c\u00f3mo una persona se relaciona consigo misma a trav\u00e9s de su relaci\u00f3n con la comida.<br \/> As\u00ed se va construyendo una relaci\u00f3n ineficaz con la comida, que conduce a comer en exceso y a ganar peso excesivamente. <br \/> La baraja de cartas metaf\u00f3ricas \u201cLa felicidad es\u201d te ayudar\u00e1 a responder las preguntas:<br \/> \u00bfQu\u00e9 significa para ti la comida? <br \/> \u00bfQu\u00e9 haces cuando comes? \u00bfC\u00f3mo te sientes?<br \/>\u00bfQu\u00e9 o qui\u00e9n es para ti comida? \u00bfQu\u00e9 sustituye a tu plato favorito?<br \/> \u00bfQu\u00e9 contribuye a comer en exceso?<br \/> \u00bfQu\u00e9 emociones te impiden perder peso?<br \/> \u00bfQu\u00e9 h\u00e1bitos debes abandonar para perder peso?<\/p>\n<p> T\u00e9cnica \u201cBeneficios de mi peso\u201d <br \/> Autor: Zhanna Sinitsina<br \/> La t\u00e9cnica ayudar\u00e1 a descubrir las razones por las que la existencia de exceso de peso es beneficiosa para el cliente.<br \/> Saque una tarjeta boca arriba o boca abajo para cada pregunta:<br \/> 1. \u00bfQu\u00e9 dijo? \u00bfTendr\u00eda sobrepeso si pudiera hablar?<br \/> 2. \u00bfDe qu\u00e9 me protege el sobrepeso\/de tener problemas por tener sobrepeso?<br \/> 3. \u00bfQu\u00e9 beneficios me aporta tener sobrepeso?<br \/> 4.\u00bfQu\u00e9 beneficios obtengo de esto?<\/p>\n<p> T\u00e9cnica \u201cNecesidades a trav\u00e9s de la alimentaci\u00f3n\u201d<br \/> Autor: Zhanna Sinitsina<br \/> Las necesidades que se satisfacen a trav\u00e9s de la comida suelen permanecer inconscientes. La t\u00e9cnica te ayudar\u00e1 a ver exactamente qu\u00e9 necesidades se est\u00e1n satisfaciendo y c\u00f3mo se pueden satisfacer de otras maneras.<br \/> Tome una tarjeta abierta a la pregunta:<br \/> 1. \u00bfC\u00f3mo me siento en mi cuerpo? \u00bfQu\u00e9 emociones me surgen al mirar la carta?<br \/> Cerrado, saque una tarjeta a la vez para las siguientes preguntas:<br \/> 2. \u00bfQu\u00e9 necesidad satisfago a trav\u00e9s de la comida?<br \/> 3. \u00bfC\u00f3mo puedo satisfacer esta necesidad?<br > 4. \u00bfC\u00f3mo me sentir\u00e9 cuando mi necesidad sea satisfecha de una manera diferente?<br \/> 5. \u00bfQu\u00e9 estoy dispuesto a empezar a hacer ahora mismo para acercarme a la imagen deseada?<br \/> <\/br><\/p>","protected":false},"excerpt":{"rendered":"<p>Autores: Anna Zakharova, Zhanna Sinitsina Artista: Svetlana Zagarina La baraja contiene 60 cartas de 120x90x50 mm. Cart\u00f3n con doble cara suave<\/p>","protected":false},"featured_media":577,"comment_status":"open","ping_status":"open","template":"","meta":[],"product_brand":[],"product_cat":[21],"product_tag":[],"class_list":{"0":"post-576","1":"product","2":"type-product","3":"status-publish","4":"has-post-thumbnail","6":"product_cat-psychosomatics-weight-theme","8":"first","9":"outofstock","10":"purchasable","11":"product-type-simple"},"_links":{"self":[{"href":"https:\/\/shercards.com\/es\/wp-json\/wp\/v2\/product\/576","targetHints":{"allow":["GET"]}}],"collection":[{"href":"https:\/\/shercards.com\/es\/wp-json\/wp\/v2\/product"}],"about":[{"href":"https:\/\/shercards.com\/es\/wp-json\/wp\/v2\/types\/product"}],"replies":[{"embeddable":true,"href":"https:\/\/shercards.com\/es\/wp-json\/wp\/v2\/comments?post=576"}],"wp:featuredmedia":[{"embeddable":true,"href":"https:\/\/shercards.com\/es\/wp-json\/wp\/v2\/media\/577"}],"wp:attachment":[{"href":"https:\/\/shercards.com\/es\/wp-json\/wp\/v2\/media?parent=576"}],"wp:term":[{"taxonomy":"product_brand","embeddable":true,"href":"https:\/\/shercards.com\/es\/wp-json\/wp\/v2\/product_brand?post=576"},{"taxonomy":"product_cat","embeddable":true,"href":"https:\/\/shercards.com\/es\/wp-json\/wp\/v2\/product_cat?post=576"},{"taxonomy":"product_tag","embeddable":true,"href":"https:\/\/shercards.com\/es\/wp-json\/wp\/v2\/product_tag?post=576"}],"curies":[{"name":"wp","href":"https:\/\/api.w.org\/{rel}","templated":true}]}}