{"id":5761,"date":"2024-08-04T19:50:40","date_gmt":"2024-08-04T19:50:40","guid":{"rendered":"https:\/\/shercards.com\/index.php\/product\/descent-and-ascent-with-metaphorical-maps\/"},"modified":"2025-10-20T10:14:26","modified_gmt":"2025-10-20T10:14:26","slug":"descent-and-ascent-with-metaphorical-maps","status":"publish","type":"product","link":"https:\/\/shercards.com\/es\/producto\/descent-and-ascent-with-metaphorical-maps\/","title":{"rendered":"\u201cDescenso y ascenso con mapas metaf\u00f3ricos\u201d"},"content":{"rendered":"<p>Autoras: Elena Ratnikova y Angelika Gavrik son conocidas por sus libros en el campo de la terapia de arena: \u201cJuegos educativos en la arena\u201d, \u201cEl mito del \u00e1rbol Yggdrasil en la terapia de arena. Trabajo con crisis relacionadas con la edad\u201d, as\u00ed como por las tarjetas metaf\u00f3ricas \u201cEscaleras: una met\u00e1fora de descenso y ascenso\u201d; presentadoras de cursos sobre terapia de arena en la Escuela Superior de Psicolog\u00eda.<br \/>Caracter\u00edsticas: Tapa dura, 2020<br \/> Editorial \u201cMACards\u201d<br \/>El libro \u201cDescenso y ascenso con mapas metaf\u00f3ricos\u201d analiza la met\u00e1fora del camino de vida de una persona. Para ascender o renacer, hay que descender. El descenso representa un encuentro con la sombra, con los problemas y los miedos. Aqu\u00ed se hace un inventario de los sentimientos, se gestionan las emociones y se acepta la imagen propia. A continuaci\u00f3n, hay que elegir: a d\u00f3nde ir, a qu\u00e9 ritmo, seg\u00fan qu\u00e9 leyes y qu\u00e9 l\u00edmites respetar. Tras recorrer el camino de la exploraci\u00f3n de los sentimientos, llegaremos inevitablemente a la dial\u00e9ctica de los estados contradictorios, a su armonizaci\u00f3n. Y con esto estaremos preparados para emprender el ascenso. Trabajar con cartas metaf\u00f3ricas es un proceso creativo de trabajo con el simbolismo o con un s\u00edmbolo. Y el s\u00edmbolo desencadena un trabajo interno profundo en la persona. Existe una teor\u00eda sobre el espacio peripersonal: cuando una persona percibe visualmente una imagen, un s\u00edmbolo en un mapa metaf\u00f3rico, este \u201centra\u201d en el espacio de la persona, empezando a desencadenar procesos de transformaci\u00f3n a nivel neuronal. En consecuencia, la persona empieza a pensar y a actuar de forma diferente.<br \/>La ventaja del libro es la estructura tem\u00e1tica del material y de los ejercicios: trabajo con la Sombra, la imagen, el uso de las cartas en las relaciones familiares y profesionales, el descenso y el ascenso como exploraci\u00f3n de los propios sentimientos, el ritmo al que vivo, la ayuda para elegir y establecer l\u00edmites en las relaciones interpersonales. La singularidad de los ejercicios es que se pueden realizar con cualquier baraja de cartas metaf\u00f3ricas.<br \/> El manual est\u00e1 dirigido a psic\u00f3logos, profesores, trabajadores sociales, estudiantes y profesores universitarios. <\/br><\/br><\/p>","protected":false},"excerpt":{"rendered":"<p>Autores: Elena Ratnikova y Angelika Gavrik son conocidas por sus libros en el campo de la terapia de arena: \u201cJuegos educativos sobre<\/p>","protected":false},"featured_media":5762,"comment_status":"open","ping_status":"open","template":"","meta":[],"product_brand":[],"product_cat":[41],"product_tag":[],"class_list":{"0":"post-5761","1":"product","2":"type-product","3":"status-publish","4":"has-post-thumbnail","6":"product_cat-books-on-metaphorical-cards","8":"first","9":"outofstock","10":"product-type-simple"},"_links":{"self":[{"href":"https:\/\/shercards.com\/es\/wp-json\/wp\/v2\/product\/5761","targetHints":{"allow":["GET"]}}],"collection":[{"href":"https:\/\/shercards.com\/es\/wp-json\/wp\/v2\/product"}],"about":[{"href":"https:\/\/shercards.com\/es\/wp-json\/wp\/v2\/types\/product"}],"replies":[{"embeddable":true,"href":"https:\/\/shercards.com\/es\/wp-json\/wp\/v2\/comments?post=5761"}],"wp:featuredmedia":[{"embeddable":true,"href":"https:\/\/shercards.com\/es\/wp-json\/wp\/v2\/media\/5762"}],"wp:attachment":[{"href":"https:\/\/shercards.com\/es\/wp-json\/wp\/v2\/media?parent=5761"}],"wp:term":[{"taxonomy":"product_brand","embeddable":true,"href":"https:\/\/shercards.com\/es\/wp-json\/wp\/v2\/product_brand?post=5761"},{"taxonomy":"product_cat","embeddable":true,"href":"https:\/\/shercards.com\/es\/wp-json\/wp\/v2\/product_cat?post=5761"},{"taxonomy":"product_tag","embeddable":true,"href":"https:\/\/shercards.com\/es\/wp-json\/wp\/v2\/product_tag?post=5761"}],"curies":[{"name":"wp","href":"https:\/\/api.w.org\/{rel}","templated":true}]}}