{"id":5765,"date":"2024-08-04T19:50:40","date_gmt":"2024-08-04T19:50:40","guid":{"rendered":"https:\/\/shercards.com\/index.php\/product\/metaphorical-associative-maps-in-the-development-of-financial-success-algorithms-techniques-schemes\/"},"modified":"2025-10-20T10:14:26","modified_gmt":"2025-10-20T10:14:26","slug":"metaphorical-associative-maps-in-the-development-of-financial-success-algorithms-techniques-schemes","status":"publish","type":"product","link":"https:\/\/shercards.com\/es\/producto\/metaphorical-associative-maps-in-the-development-of-financial-success-algorithms-techniques-schemes\/","title":{"rendered":"\u201cMapas asociativos metaf\u00f3ricos en el desarrollo del \u00e9xito financiero: algoritmos, t\u00e9cnicas, esquemas\u201d"},"content":{"rendered":"<p>Colecci\u00f3n de materiales did\u00e1cticos<br \/> Autor: Natalia Buravtsova<br \/> Editorial: MAK-Masterskaya Natalia Buravtsova<br \/> A\u00f1o de publicaci\u00f3n: 2022<br \/> Tama\u00f1o: 14,8 x 21 cm, papel grueso, laminado mate.<\/p>\n<p> La colecci\u00f3n contiene conceptos b\u00e1sicos, diagramas, t\u00e9cnicas y algoritmos para el uso de mapas asociativos metaf\u00f3ricos orientados a:<br \/> \u2022nbsp;nbsp;nbsp;nbsp;conciencia y correcci\u00f3n de escenarios de decisiones financieras;<br \/> \u2022nbsp;nbsp;nbsp ;nbsp;formaci\u00f3n de una actitud consciente y responsable hacia el dinero;<br \/> \u2022nbsp;nbsp;nbsp;nbsp;desarrollo del bienestar financiero.<\/p>\n<p> La colecci\u00f3n se compone de una carpeta y 16 tarjetas de doble cara (formato A5, papel grueso, plastificado mate).<br \/> Cada t\u00e9cnica se coloca en una tarjeta separada.<br \/> Las tarjetas con t\u00e9cnicas contienen:<br \/> \u2022nbsp;nbsp;nbsp;nbsp;informaci\u00f3n sobre el prop\u00f3sito de la obra y conjuntos recomendados de tarjetas metaf\u00f3ricas,<br \/> \u2022nbsp;nbsp; nbsp;nbsp;algoritmo detallado para utilizar la t\u00e9cnica,<br \/> \u2022nbsp;nbsp;nbsp;nbsp;esquema y secuencia de disposici\u00f3n de las tarjetas.<br \/> Algunas t\u00e9cnicas indican adem\u00e1s en qu\u00e9 etapa del trabajo utilizarlo, algunas explican los mecanismos psicol\u00f3gicos de formaci\u00f3n de una u otra actitud hacia el dinero.<br \/> La colecci\u00f3n incluye 15 t\u00e9cnicas patentadas efectivas.<br \/> Una tarjeta separada proporciona informaci\u00f3n breve sobre el concepto de escenario monetario, pensamiento monetario y decisiones financieras, as\u00ed como recomendaciones para la selecci\u00f3n y uso de tarjetas asociativas metaf\u00f3ricas.&lt; br&gt; <br \/> Trabajar con cada t\u00e9cnica requiere aproximadamente 35-45 minutos, es decir, una sesi\u00f3n implica el uso de una tarjeta.<\/p>\n<p> Contenido:<br \/> \u2022nbsp;nbsp;nbsp;nbsp; La mosca y el dinero<br \/> \u2022nbsp;nbsp;nbsp;nbsp;Met\u00e1foras del dinero<br \/> \u2022nbsp;nbsp;nbsp;nbsp;Actitudes monetarias<br \/> \u2022nbsp;nbsp;nbsp;nbsp;Acciones monetarias<br \/> \u2022nbsp;nbsp;nbsp;nbsp;Patrocinio financiero<br \/> \u2022nbsp;nbsp;nbsp;nbsp;Estaciones<br \/> \u2022nbsp;nbsp;nbsp;nbsp;Edad del dinero<br \/> \u2022nbsp;nbsp;nbsp;nbsp;Bienestar financiero en el hogar<br \/> \u2022nbsp;nbsp;nbsp;nbsp;Crecimiento de la abundancia monetaria<br \/> \u2022nbsp;nbsp;nbsp;nbsp;Iceberg<br \/> \u2022nbsp;nbsp;nbsp;nbsp;De los deseos a la realizaci\u00f3n<br \/> \u2022 nbsp;nbsp;nbsp;nbsp;Recursos del \u00e9xito financiero<br \/> \u2022nbsp;nbsp;nbsp;nbsp;\u00c1rbol del dinero<br \/> \u2022nbsp;nbsp;nbsp;nbsp;Pensar \u2013 Actuar \u2013 Lograr<br \/> \u2022nbsp;nbsp; nbsp;nbsp;Puente hacia el \u00e9xito financiero<\/p>","protected":false},"excerpt":{"rendered":"<p>Colecci\u00f3n de materiales did\u00e1cticos Autor: Natalia Buravtsova Editorial: MAK-Masterskaya Natalia Buravtsova A\u00f1o de publicaci\u00f3n: 2022 Tama\u00f1o: 14,8 x 21 cm,<\/p>","protected":false},"featured_media":5766,"comment_status":"open","ping_status":"open","template":"","meta":[],"product_brand":[],"product_cat":[41],"product_tag":[],"class_list":{"0":"post-5765","1":"product","2":"type-product","3":"status-publish","4":"has-post-thumbnail","6":"product_cat-books-on-metaphorical-cards","8":"first","9":"outofstock","10":"product-type-simple"},"_links":{"self":[{"href":"https:\/\/shercards.com\/es\/wp-json\/wp\/v2\/product\/5765","targetHints":{"allow":["GET"]}}],"collection":[{"href":"https:\/\/shercards.com\/es\/wp-json\/wp\/v2\/product"}],"about":[{"href":"https:\/\/shercards.com\/es\/wp-json\/wp\/v2\/types\/product"}],"replies":[{"embeddable":true,"href":"https:\/\/shercards.com\/es\/wp-json\/wp\/v2\/comments?post=5765"}],"wp:featuredmedia":[{"embeddable":true,"href":"https:\/\/shercards.com\/es\/wp-json\/wp\/v2\/media\/5766"}],"wp:attachment":[{"href":"https:\/\/shercards.com\/es\/wp-json\/wp\/v2\/media?parent=5765"}],"wp:term":[{"taxonomy":"product_brand","embeddable":true,"href":"https:\/\/shercards.com\/es\/wp-json\/wp\/v2\/product_brand?post=5765"},{"taxonomy":"product_cat","embeddable":true,"href":"https:\/\/shercards.com\/es\/wp-json\/wp\/v2\/product_cat?post=5765"},{"taxonomy":"product_tag","embeddable":true,"href":"https:\/\/shercards.com\/es\/wp-json\/wp\/v2\/product_tag?post=5765"}],"curies":[{"name":"wp","href":"https:\/\/api.w.org\/{rel}","templated":true}]}}