{"id":5775,"date":"2024-08-04T19:51:39","date_gmt":"2024-08-04T19:51:39","guid":{"rendered":"https:\/\/shercards.com\/index.php\/product\/metaphorical-associative-maps-complete-course-for-practice\/"},"modified":"2025-10-20T10:14:26","modified_gmt":"2025-10-20T10:14:26","slug":"metaphorical-associative-maps-complete-course-for-practice","status":"publish","type":"product","link":"https:\/\/shercards.com\/es\/producto\/metaphorical-associative-maps-complete-course-for-practice\/","title":{"rendered":"\u201cMapas asociativos metaf\u00f3ricos. Curso completo para practicar\u201d"},"content":{"rendered":"<p>Autor: Mikhail Ingerleib<\/p>\n<p> Editorial: Peter, 2020<\/p>\n<p> Caracter\u00edsticas: tapa dura, 192 p\u00e1ginas.<\/p>\n<p> El libro le presenta el mundo m\u00e1gico de las tarjetas asociativas metaf\u00f3ricas, una herramienta \u00fanica para las actividades diarias de un psic\u00f3logo, psicoterapeuta, entrenador y docente pr\u00e1ctico. La publicaci\u00f3n establece principios y consejos pr\u00e1cticos sobre la organizaci\u00f3n del trabajo, la elecci\u00f3n del material de est\u00edmulo y la selecci\u00f3n de escenarios para grupos y asesoramiento individual.<br \/> El libro contiene casi cincuenta opciones de uso de cartas asociativas metaf\u00f3ricas, creando un arsenal para todas las ocasiones, m\u00e1s que suficiente para iniciarse, y demostrar principios sobre los que construir tus propias partidas. Teniendo en cuenta las opciones de uso adjuntas a cada baraja por sus autores, esto es m\u00e1s que suficiente.<br \/> <\/br><br \/>El libro ser\u00e1 de utilidad para psic\u00f3logos pr\u00e1cticos, profesores, educadores sociales, estudiantes y posgraduados de especialidades pedag\u00f3gicas y psicol\u00f3gicas. <\/br><\/br><\/p>","protected":false},"excerpt":{"rendered":"<p>Autor: Mikhail Ingerleib Editorial: Peter, 2020 Caracter\u00edsticas: tapa dura, 192 p\u00e1ginas El libro te introduce al mundo m\u00e1gico de las met\u00e1foras.<\/p>","protected":false},"featured_media":5776,"comment_status":"open","ping_status":"open","template":"","meta":[],"product_brand":[],"product_cat":[41],"product_tag":[],"class_list":{"0":"post-5775","1":"product","2":"type-product","3":"status-publish","4":"has-post-thumbnail","6":"product_cat-books-on-metaphorical-cards","8":"first","9":"outofstock","10":"product-type-simple"},"_links":{"self":[{"href":"https:\/\/shercards.com\/es\/wp-json\/wp\/v2\/product\/5775","targetHints":{"allow":["GET"]}}],"collection":[{"href":"https:\/\/shercards.com\/es\/wp-json\/wp\/v2\/product"}],"about":[{"href":"https:\/\/shercards.com\/es\/wp-json\/wp\/v2\/types\/product"}],"replies":[{"embeddable":true,"href":"https:\/\/shercards.com\/es\/wp-json\/wp\/v2\/comments?post=5775"}],"wp:featuredmedia":[{"embeddable":true,"href":"https:\/\/shercards.com\/es\/wp-json\/wp\/v2\/media\/5776"}],"wp:attachment":[{"href":"https:\/\/shercards.com\/es\/wp-json\/wp\/v2\/media?parent=5775"}],"wp:term":[{"taxonomy":"product_brand","embeddable":true,"href":"https:\/\/shercards.com\/es\/wp-json\/wp\/v2\/product_brand?post=5775"},{"taxonomy":"product_cat","embeddable":true,"href":"https:\/\/shercards.com\/es\/wp-json\/wp\/v2\/product_cat?post=5775"},{"taxonomy":"product_tag","embeddable":true,"href":"https:\/\/shercards.com\/es\/wp-json\/wp\/v2\/product_tag?post=5775"}],"curies":[{"name":"wp","href":"https:\/\/api.w.org\/{rel}","templated":true}]}}