{"id":5780,"date":"2024-08-04T19:51:39","date_gmt":"2024-08-04T19:51:39","guid":{"rendered":"https:\/\/shercards.com\/index.php\/product\/metaphorical-maps-in-the-correction-and-development-of-resource-states-and-life-meanings-algorithms-techniques-diagrams\/"},"modified":"2025-10-20T10:14:26","modified_gmt":"2025-10-20T10:14:26","slug":"metaphorical-maps-in-the-correction-and-development-of-resource-states-and-life-meanings-algorithms-techniques-diagrams","status":"publish","type":"product","link":"https:\/\/shercards.com\/es\/producto\/metaphorical-maps-in-the-correction-and-development-of-resource-states-and-life-meanings-algorithms-techniques-diagrams\/","title":{"rendered":"Mapas metaf\u00f3ricos en la correcci\u00f3n y desarrollo de estados de recursos y sentidos de vida: algoritmos, t\u00e9cnicas, diagramas"},"content":{"rendered":"<p>Colecci\u00f3n de materiales did\u00e1cticos<br \/>Autor: NV Buravtsova<br \/>A\u00f1o de publicaci\u00f3n: 2020<br \/>Tama\u00f1o: 14,8 x 21 cm, papel grueso, laminado mate.<br \/>La colecci\u00f3n de materiales metodol\u00f3gicos contiene conceptos b\u00e1sicos, diagramas, t\u00e9cnicas y algoritmos para el uso de tarjetas asociativas metaf\u00f3ricas en la correcci\u00f3n y desarrollo psicol\u00f3gico: <\/p>\n<ul>\n<li>recursos personales, espirituales y valorativos,<\/li>\n<li>el sentido de la vida,<\/li>\n<li>capacidad para gestionar los procesos de la vida,<\/li>\n<li>formas constructivas de autorrealizaci\u00f3n,&lt; \/li&gt;\n<li>manifestaciones efectivas de la esfera motivacional-sem\u00e1ntica de la personalidad.<\/li>\n<\/ul>\n<p> La colecci\u00f3n consta de una carpeta y 16 tarjetas de doble cara (formato A5, papel grueso, plastificado mate). Cada t\u00e9cnica se coloca en una tarjeta separada. <br \/> Las tarjetas con t\u00e9cnicas contienen: <\/p>\n<ul>\n<li>Informaci\u00f3n sobre el prop\u00f3sito de la obra y juegos recomendados de tarjetas metaf\u00f3ricas,<\/li>\n<li>Algoritmo detallado para utilizar la t\u00e9cnica,<\/li>\n<li>Diagrama y secuencia de disposici\u00f3n de tarjetas.&lt; \/li&gt; <\/ul>\n<p> Algunas t\u00e9cnicas indican adem\u00e1s en qu\u00e9 etapa del trabajo es m\u00e1s adecuado utilizarlas y algunas explican los mecanismos psicol\u00f3gicos de formaci\u00f3n de estrategias de comportamiento constructivo.<br \/>En total, la colecci\u00f3n incluye 15 t\u00e9cnicas propias efectivas.<br \/>En una tarjeta separada se presenta informaci\u00f3n breve sobre los estados de recursos, los componentes de la vida significativa, el carisma, los m\u00e9todos para formar estados de recursos, as\u00ed como recomendaciones para la selecci\u00f3n y el uso de tarjetas asociativas metaf\u00f3ricas.<br \/>Trabajar con cada t\u00e9cnica requiere de 35-45 minutos, es decir, una sesi\u00f3n implica el uso de una tarjeta.<br \/>Contenido: <\/p>\n<ul>\n<li>Subiendo<\/li>\n<li>Pilares de la vida<\/li>\n<li>Inventario<\/li>\n<li>El poder del deseo<\/li>\n<li>Buscar<\/li>\n<li>El hogar como soporte de la vida<\/li>\n<li>Hogar donde los sue\u00f1os se hacen realidad<\/li>\n<li>C\u00edrculo solar<\/li>\n<li>El poder de la familia<\/li>\n<p> &lt; li&gt;C\u00e1liz de fuego<\/li>\n<li>Cosmetolog\u00eda<\/li>\n<li>\u00c1rbol de recursos<\/li>\n<li>Energ\u00eda carism\u00e1tica<\/li>\n<li>Estado de flujo<\/li>\n<li>La felicidad de ser<\/li> <\/ul>\n<p> <\/br><\/br><\/p>","protected":false},"excerpt":{"rendered":"<p>Colecci\u00f3n de materiales did\u00e1cticosAutor: NV BuravtsovaA\u00f1o de publicaci\u00f3n: 2020Tama\u00f1o: 14,8 x 21 cm, papel grueso, laminado mate.La colecci\u00f3n de materiales metodol\u00f3gicos<\/p>","protected":false},"featured_media":5781,"comment_status":"open","ping_status":"open","template":"","meta":[],"product_brand":[],"product_cat":[41],"product_tag":[],"class_list":{"0":"post-5780","1":"product","2":"type-product","3":"status-publish","4":"has-post-thumbnail","6":"product_cat-books-on-metaphorical-cards","8":"first","9":"outofstock","10":"product-type-simple"},"_links":{"self":[{"href":"https:\/\/shercards.com\/es\/wp-json\/wp\/v2\/product\/5780","targetHints":{"allow":["GET"]}}],"collection":[{"href":"https:\/\/shercards.com\/es\/wp-json\/wp\/v2\/product"}],"about":[{"href":"https:\/\/shercards.com\/es\/wp-json\/wp\/v2\/types\/product"}],"replies":[{"embeddable":true,"href":"https:\/\/shercards.com\/es\/wp-json\/wp\/v2\/comments?post=5780"}],"wp:featuredmedia":[{"embeddable":true,"href":"https:\/\/shercards.com\/es\/wp-json\/wp\/v2\/media\/5781"}],"wp:attachment":[{"href":"https:\/\/shercards.com\/es\/wp-json\/wp\/v2\/media?parent=5780"}],"wp:term":[{"taxonomy":"product_brand","embeddable":true,"href":"https:\/\/shercards.com\/es\/wp-json\/wp\/v2\/product_brand?post=5780"},{"taxonomy":"product_cat","embeddable":true,"href":"https:\/\/shercards.com\/es\/wp-json\/wp\/v2\/product_cat?post=5780"},{"taxonomy":"product_tag","embeddable":true,"href":"https:\/\/shercards.com\/es\/wp-json\/wp\/v2\/product_tag?post=5780"}],"curies":[{"name":"wp","href":"https:\/\/api.w.org\/{rel}","templated":true}]}}