{"id":5786,"date":"2024-08-04T19:51:39","date_gmt":"2024-08-04T19:51:39","guid":{"rendered":"https:\/\/shercards.com\/index.php\/product\/metaphorical-cards-in-psychotherapy-of-identity-crises-algorithms-techniques-diagrams\/"},"modified":"2025-10-20T10:14:26","modified_gmt":"2025-10-20T10:14:26","slug":"metaphorical-cards-in-psychotherapy-of-identity-crises-algorithms-techniques-diagrams","status":"publish","type":"product","link":"https:\/\/shercards.com\/es\/producto\/metaphorical-cards-in-psychotherapy-of-identity-crises-algorithms-techniques-diagrams\/","title":{"rendered":"Tarjetas metaf\u00f3ricas en psicoterapia de crisis de identidad: algoritmos, t\u00e9cnicas, diagramas"},"content":{"rendered":"<p>Colecci\u00f3n de materiales did\u00e1cticos<br \/> <strong>Autor:<\/strong> NV Buravtsova<\/p>\n<p> A\u00f1o de publicaci\u00f3n: 2021<br \/> Tama\u00f1o: 14,8 x 21 cm, papel grueso, laminado mate.<\/p>\n<p> <strong>La colecci\u00f3n de materiales did\u00e1cticos contiene conceptos b\u00e1sicos, diagramas, t\u00e9cnicas y algoritmos de aplicaci\u00f3n de las tarjetas asociativas metaf\u00f3ricas:<\/strong><br \/> \u2022 en la formaci\u00f3n de diversos tipos de identidad (personal, de g\u00e9nero, sexual, profesional, \u00e9tnica, familiar, etc.);<br \/> \u2022 en psicoterapia de crisis de identidad;<br \/> \u2022 en el desarrollo y manifestaci\u00f3n del Ser, que KG Jung consideraba el v\u00ednculo entre el ego y el inconsciente, una fuente de energ\u00eda que da impulso a la personalidad en el deseo de \u201cconvertirse en uno mismo\u201d; una medida de madurez personal.<\/p>\n<p> La colecci\u00f3n consta de una carpeta y <strong>16 tarjetas de doble cara<\/strong> (Formato A5, papel grueso, laminado mate).<br \/> Cada t\u00e9cnica se coloca en una tarjeta separada.<br \/>&lt; fuerte&gt;Las tarjetas t\u00e9cnicas contienen:<\/strong><br \/> \u2022 informaci\u00f3n sobre el prop\u00f3sito de la obra y conjuntos recomendados de tarjetas metaf\u00f3ricas,<br \/> \u2022 un algoritmo detallado para utilizar la t\u00e9cnica,<br \/> \u2022 un diagrama y secuencia de disposici\u00f3n de las tarjetas.<\/p>\n<p> Algunas t\u00e9cnicas indican adem\u00e1s en qu\u00e9 etapa del trabajo es m\u00e1s adecuado utilizarlas y otras explican los mecanismos psicol\u00f3gicos para la formaci\u00f3n de estrategias de comportamiento constructivo.<\/p>\n<p> La colecci\u00f3n incluye 15 t\u00e9cnicas patentadas efectivas.<\/p>\n<p> En una tarjeta separada se presenta un breve resumen con informaci\u00f3n sobre los enfoques del concepto de \u201cidentidad\u201d, sus tipos y caracter\u00edsticas de las crisis de identidad, as\u00ed como recomendaciones para la selecci\u00f3n y el uso de tarjetas asociativas metaf\u00f3ricas.<\/p>\n<p> Trabajar con cada t\u00e9cnica requiere de 35-45 minutos, es decir, una sesi\u00f3n implica el uso de una tarjeta.<\/p>\n<p> <strong>Contenido:<\/strong><br \/> \u2022 Portafolio<br \/> \u2022 \u00c1reas de identidad<br \/> \u2022 Edades del yo<br \/> \u2022 Autopresentaci\u00f3n de g\u00e9nero<br \/> \u2022 Identidad sexual<br \/> \u2022 Autodeterminaci\u00f3n<br \/> \u2022 Integraci\u00f3n<br \/> \u2022 Fantasmas de identidad<br \/> \u2022 De los fantasmas al yo<br \/> \u2022 A trav\u00e9s de los ojos de los dem\u00e1s<br \/> \u2022 Espejos de identidad<br \/> \u2022 Identidad a trav\u00e9s del prisma de los valores<br \/> \u2022 Tiempo de vida<br \/> \u2022 Soledad \u2013 Intimidad \u2013 Yo<br \/> \u2022 Identidad lograda <\/br><\/br><\/p>","protected":false},"excerpt":{"rendered":"<p>Colecci\u00f3n de materiales did\u00e1cticos Autor: NV Buravtsova A\u00f1o de publicaci\u00f3n: 2021 Tama\u00f1o: 14,8 x 21 cm, papel grueso, laminado mate.<\/p>","protected":false},"featured_media":5787,"comment_status":"open","ping_status":"open","template":"","meta":[],"product_brand":[],"product_cat":[41],"product_tag":[],"class_list":{"0":"post-5786","1":"product","2":"type-product","3":"status-publish","4":"has-post-thumbnail","6":"product_cat-books-on-metaphorical-cards","8":"first","9":"outofstock","10":"product-type-simple"},"_links":{"self":[{"href":"https:\/\/shercards.com\/es\/wp-json\/wp\/v2\/product\/5786","targetHints":{"allow":["GET"]}}],"collection":[{"href":"https:\/\/shercards.com\/es\/wp-json\/wp\/v2\/product"}],"about":[{"href":"https:\/\/shercards.com\/es\/wp-json\/wp\/v2\/types\/product"}],"replies":[{"embeddable":true,"href":"https:\/\/shercards.com\/es\/wp-json\/wp\/v2\/comments?post=5786"}],"wp:featuredmedia":[{"embeddable":true,"href":"https:\/\/shercards.com\/es\/wp-json\/wp\/v2\/media\/5787"}],"wp:attachment":[{"href":"https:\/\/shercards.com\/es\/wp-json\/wp\/v2\/media?parent=5786"}],"wp:term":[{"taxonomy":"product_brand","embeddable":true,"href":"https:\/\/shercards.com\/es\/wp-json\/wp\/v2\/product_brand?post=5786"},{"taxonomy":"product_cat","embeddable":true,"href":"https:\/\/shercards.com\/es\/wp-json\/wp\/v2\/product_cat?post=5786"},{"taxonomy":"product_tag","embeddable":true,"href":"https:\/\/shercards.com\/es\/wp-json\/wp\/v2\/product_tag?post=5786"}],"curies":[{"name":"wp","href":"https:\/\/api.w.org\/{rel}","templated":true}]}}