{"id":5789,"date":"2024-08-04T19:53:00","date_gmt":"2024-08-04T19:53:00","guid":{"rendered":"https:\/\/shercards.com\/index.php\/product\/association-cards-in-psychocorrection-of-relationships-of-attachment-and-intimacy-algorithms-techniques-examples\/"},"modified":"2025-10-20T10:14:26","modified_gmt":"2025-10-20T10:14:26","slug":"association-cards-in-psychocorrection-of-relationships-of-attachment-and-intimacy-algorithms-techniques-examples","status":"publish","type":"product","link":"https:\/\/shercards.com\/es\/producto\/association-cards-in-psychocorrection-of-relationships-of-attachment-and-intimacy-algorithms-techniques-examples\/","title":{"rendered":"Tarjetas de asociaci\u00f3n en la psicocorrecci\u00f3n de las relaciones de apego e intimidad: algoritmos, t\u00e9cnicas, ejemplos"},"content":{"rendered":"<p>Autor: NV Buravtsova<\/p>\n<p> A\u00f1o de publicaci\u00f3n: 2016, 124 p\u00e1ginas<\/p>\n<p> Tama\u00f1o: 204\u00d7144, tapa blanda.<\/p>\n<p> Este libro es el siguiente de una serie de gu\u00edas sobre el uso de tarjetas de asociaci\u00f3n metaf\u00f3rica en las actividades pr\u00e1cticas de psic\u00f3logos, psicoterapeutas, especialistas en coaching y otros representantes de profesiones de ayuda.<\/p>\n<p> La especificidad de este libro es el intento de presentar de forma breve y esencial el material te\u00f3rico necesario, sin el cual es imposible aplicar las t\u00e9cnicas pr\u00e1cticas de psicocorrecci\u00f3n y psicoterapia de las dificultades en las relaciones \u00edntimas. El lugar central lo ocupa la correcci\u00f3n de las relaciones \u00edntimas (consideradas como la experiencia de la intimidad genuina y absoluta, la ternura y el amor), las posibilidades y los m\u00e9todos para desarrollar los sentimientos de amor, la psicoterapia de los celos y el miedo a perder el objeto del afecto.<\/p>\n<p> El lugar principal en este libro se dedica a una selecci\u00f3n bien planificada de t\u00e9cnicas y algoritmos para el uso de mapas asociativos. La descripci\u00f3n de cada t\u00e9cnica y t\u00e9cnica se apoya en la designaci\u00f3n del objetivo principal del trabajo; enumerando conjuntos recomendados de tarjetas asociativas. Muchas t\u00e9cnicas, adem\u00e1s de la descripci\u00f3n, se ilustran con ejemplos, fragmentos y an\u00e1lisis de trabajo pr\u00e1ctico con clientes.<br \/>Este libro puede ser utilizado como una gu\u00eda pr\u00e1ctica para especialistas y profesores universitarios, estudiantes de licenciatura, maestr\u00eda y posgrado que estudien los conceptos b\u00e1sicos del asesoramiento psicol\u00f3gico y la psicoterapia. Puede ser muy \u00fatil no solo para representantes de diversas profesiones de ayuda, sino tambi\u00e9n para aquellos que se encuentran en situaciones de crisis en las relaciones cercanas y se enfrentan a la b\u00fasqueda de soluciones y estrategias de comportamiento. Las t\u00e9cnicas simples pero muy efectivas para trabajar con tarjetas asociativas ayudar\u00e1n a muchas personas a tomar la decisi\u00f3n correcta, evaluar, analizar y encontrar soluciones de manera imparcial para situaciones de la vida relacionadas con dificultades en las relaciones de pareja. <\/br><\/br><\/p>","protected":false},"excerpt":{"rendered":"<p>Autor: NV Buravtsova A\u00f1o de publicaci\u00f3n: 2016, 124 p\u00e1ginas Tama\u00f1o: 204\u00d7144, tapa blanda. Este libro es el siguiente de una serie<\/p>","protected":false},"featured_media":5790,"comment_status":"open","ping_status":"open","template":"","meta":[],"product_brand":[],"product_cat":[41],"product_tag":[],"class_list":{"0":"post-5789","1":"product","2":"type-product","3":"status-publish","4":"has-post-thumbnail","6":"product_cat-books-on-metaphorical-cards","8":"first","9":"outofstock","10":"product-type-simple"},"_links":{"self":[{"href":"https:\/\/shercards.com\/es\/wp-json\/wp\/v2\/product\/5789","targetHints":{"allow":["GET"]}}],"collection":[{"href":"https:\/\/shercards.com\/es\/wp-json\/wp\/v2\/product"}],"about":[{"href":"https:\/\/shercards.com\/es\/wp-json\/wp\/v2\/types\/product"}],"replies":[{"embeddable":true,"href":"https:\/\/shercards.com\/es\/wp-json\/wp\/v2\/comments?post=5789"}],"wp:featuredmedia":[{"embeddable":true,"href":"https:\/\/shercards.com\/es\/wp-json\/wp\/v2\/media\/5790"}],"wp:attachment":[{"href":"https:\/\/shercards.com\/es\/wp-json\/wp\/v2\/media?parent=5789"}],"wp:term":[{"taxonomy":"product_brand","embeddable":true,"href":"https:\/\/shercards.com\/es\/wp-json\/wp\/v2\/product_brand?post=5789"},{"taxonomy":"product_cat","embeddable":true,"href":"https:\/\/shercards.com\/es\/wp-json\/wp\/v2\/product_cat?post=5789"},{"taxonomy":"product_tag","embeddable":true,"href":"https:\/\/shercards.com\/es\/wp-json\/wp\/v2\/product_tag?post=5789"}],"curies":[{"name":"wp","href":"https:\/\/api.w.org\/{rel}","templated":true}]}}