{"id":5793,"date":"2024-08-04T19:53:00","date_gmt":"2024-08-04T19:53:00","guid":{"rendered":"https:\/\/shercards.com\/index.php\/product\/methodical-manual-metaphorical-associative-cards-in-psychological-counseling\/"},"modified":"2025-10-20T10:14:26","modified_gmt":"2025-10-20T10:14:26","slug":"methodical-manual-metaphorical-associative-cards-in-psychological-counseling","status":"publish","type":"product","link":"https:\/\/shercards.com\/es\/producto\/methodical-manual-metaphorical-associative-cards-in-psychological-counseling\/","title":{"rendered":"Manual met\u00f3dico \u201cLas fichas asociativas metaf\u00f3ricas en el asesoramiento psicol\u00f3gico\u201d"},"content":{"rendered":"<p><strong>Autor-compilador:<\/strong>nbsp;Victoria Anatolyevna Goloborodova, directora general del Centro Internacional \u201cProfesional\u201d de la ANO DPO, psic\u00f3loga cl\u00ednica, doctora en Filosof\u00eda, profesora adjunta, autora de 11 barajas del IAC: \u201cRalph\u201d, \u201cSoledad\u201d, \u201cCrisis=Soluci\u00f3n\u201d, \u201cSue\u00f1os de acuarela\u201d, \u201cExplicaciones inteligentes\u201d, \u201cPruebas de pantalla\u201d, \u201cOficial de personal\u201d, \u201cRana en el agua\u201d, \u201cEstado de \u00e1nimo\u201d.<br \/>El libro consta de 2 partes.<br \/> N\u00famero de p\u00e1ginas \u2013 310 p\u00e1ginas.<br \/> A\u00f1o de lanzamiento \u2013 2021<br >La segunda edici\u00f3n del manual did\u00e1ctico \u201cMapas asociativos metaf\u00f3ricos en el asesoramiento psicol\u00f3gico\u201d consta de dos partes e incluye una descripci\u00f3n general de varios mapas asociativos metaf\u00f3ricos, m\u00e1s de 150 t\u00e9cnicas y ejercicios did\u00e1cticos, la mayor\u00eda de los cuales son del autor. El manual no solo contiene instrucciones paso a paso para las t\u00e9cnicas, sino que tambi\u00e9n muestra ejemplos espec\u00edficos de casos de clientes.<br \/> <strong>El manual est\u00e1 dividido estructuralmente por temas:<\/strong> <\/p>\n<ul>\n<li>Cartas metaf\u00f3ricas (revisi\u00f3n de barajas);<\/li>\n<li>Yo y mi vida;<\/li>\n<li>Familia y matrimonio;<\/li>\n<li>Trabajo y dinero;<\/li>\n<li>Trauma psicol\u00f3gico.<\/li>\n<\/ul>\n<p> Tambi\u00e9n se presenta en formato electr\u00f3nico el manual metodol\u00f3gico \u201cMapas asociativos metaf\u00f3ricos en el asesoramiento psicol\u00f3gico\u201d. <\/br><\/p>","protected":false},"excerpt":{"rendered":"<p>Autora-compiladora: Victoria Anatolyevna Goloborodova, directora general del Centro Internacional \u201cProfesional\u201d de la ANO DPO, psic\u00f3loga cl\u00ednica, doctora en Filosof\u00eda, profesora adjunta, autora de 11<\/p>","protected":false},"featured_media":5794,"comment_status":"open","ping_status":"open","template":"","meta":[],"product_brand":[],"product_cat":[41],"product_tag":[],"class_list":{"0":"post-5793","1":"product","2":"type-product","3":"status-publish","4":"has-post-thumbnail","6":"product_cat-books-on-metaphorical-cards","8":"first","9":"outofstock","10":"product-type-simple"},"_links":{"self":[{"href":"https:\/\/shercards.com\/es\/wp-json\/wp\/v2\/product\/5793","targetHints":{"allow":["GET"]}}],"collection":[{"href":"https:\/\/shercards.com\/es\/wp-json\/wp\/v2\/product"}],"about":[{"href":"https:\/\/shercards.com\/es\/wp-json\/wp\/v2\/types\/product"}],"replies":[{"embeddable":true,"href":"https:\/\/shercards.com\/es\/wp-json\/wp\/v2\/comments?post=5793"}],"wp:featuredmedia":[{"embeddable":true,"href":"https:\/\/shercards.com\/es\/wp-json\/wp\/v2\/media\/5794"}],"wp:attachment":[{"href":"https:\/\/shercards.com\/es\/wp-json\/wp\/v2\/media?parent=5793"}],"wp:term":[{"taxonomy":"product_brand","embeddable":true,"href":"https:\/\/shercards.com\/es\/wp-json\/wp\/v2\/product_brand?post=5793"},{"taxonomy":"product_cat","embeddable":true,"href":"https:\/\/shercards.com\/es\/wp-json\/wp\/v2\/product_cat?post=5793"},{"taxonomy":"product_tag","embeddable":true,"href":"https:\/\/shercards.com\/es\/wp-json\/wp\/v2\/product_tag?post=5793"}],"curies":[{"name":"wp","href":"https:\/\/api.w.org\/{rel}","templated":true}]}}