{"id":5798,"date":"2024-08-04T19:53:00","date_gmt":"2024-08-04T19:53:00","guid":{"rendered":"https:\/\/shercards.com\/index.php\/product\/journey-to-gestalt-theory-and-practice\/"},"modified":"2025-10-20T10:14:26","modified_gmt":"2025-10-20T10:14:26","slug":"journey-to-gestalt-theory-and-practice","status":"publish","type":"product","link":"https:\/\/shercards.com\/es\/producto\/journey-to-gestalt-theory-and-practice\/","title":{"rendered":"\u201cViaje a la Gestalt. Teor\u00eda y pr\u00e1ctica\u201d"},"content":{"rendered":"<p>Autores: Natalya Lebedeva, Elena Ivanova<\/p>\n<p> Editorial: Rech<\/p>\n<p> Caracter\u00edsticas: tapa dura, 400 p\u00e1ginas.<br \/>El primer libro de texto ruso sobre terapia Gestalt, que cubre en detalle los fundamentos te\u00f3ricos y metodol\u00f3gicos de esta direcci\u00f3n (as\u00ed como la conexi\u00f3n de la terapia Gestalt con el psicoan\u00e1lisis, la psicolog\u00eda existencial, las pr\u00e1cticas espirituales orientales, etc.), el proceso de la terapia Gestalt (con muchos ejemplos de la pr\u00e1ctica), caracter\u00edsticas de la relaci\u00f3n terap\u00e9utica. <\/br><\/br><\/p>","protected":false},"excerpt":{"rendered":"<p>Autores: Natalya Lebedeva, Elena Ivanova Editorial: Rech Caracter\u00edsticas: tapa dura, 400 p\u00e1ginasEl primer libro de texto ruso sobre terapia Gestalt, que cubre en<\/p>","protected":false},"featured_media":5799,"comment_status":"open","ping_status":"open","template":"","meta":[],"product_brand":[],"product_cat":[58],"product_tag":[],"class_list":{"0":"post-5798","1":"product","2":"type-product","3":"status-publish","4":"has-post-thumbnail","6":"product_cat-psychological-literature","8":"first","9":"outofstock","10":"product-type-simple"},"_links":{"self":[{"href":"https:\/\/shercards.com\/es\/wp-json\/wp\/v2\/product\/5798","targetHints":{"allow":["GET"]}}],"collection":[{"href":"https:\/\/shercards.com\/es\/wp-json\/wp\/v2\/product"}],"about":[{"href":"https:\/\/shercards.com\/es\/wp-json\/wp\/v2\/types\/product"}],"replies":[{"embeddable":true,"href":"https:\/\/shercards.com\/es\/wp-json\/wp\/v2\/comments?post=5798"}],"wp:featuredmedia":[{"embeddable":true,"href":"https:\/\/shercards.com\/es\/wp-json\/wp\/v2\/media\/5799"}],"wp:attachment":[{"href":"https:\/\/shercards.com\/es\/wp-json\/wp\/v2\/media?parent=5798"}],"wp:term":[{"taxonomy":"product_brand","embeddable":true,"href":"https:\/\/shercards.com\/es\/wp-json\/wp\/v2\/product_brand?post=5798"},{"taxonomy":"product_cat","embeddable":true,"href":"https:\/\/shercards.com\/es\/wp-json\/wp\/v2\/product_cat?post=5798"},{"taxonomy":"product_tag","embeddable":true,"href":"https:\/\/shercards.com\/es\/wp-json\/wp\/v2\/product_tag?post=5798"}],"curies":[{"name":"wp","href":"https:\/\/api.w.org\/{rel}","templated":true}]}}