{"id":5802,"date":"2024-08-04T19:53:00","date_gmt":"2024-08-04T19:53:00","guid":{"rendered":"https:\/\/shercards.com\/index.php\/product\/me-and-psychology\/"},"modified":"2025-10-20T10:14:26","modified_gmt":"2025-10-20T10:14:26","slug":"me-and-psychology","status":"publish","type":"product","link":"https:\/\/shercards.com\/es\/producto\/me-and-psychology\/","title":{"rendered":"\u201cYo y la psicolog\u00eda\u201d"},"content":{"rendered":"<p>Autor: Yulia Durymanova<\/p>\n<p> Libro de tapa blanda con cubierta brillante. La portada est\u00e1 ilustrada por el propio autor.<\/p>\n<p> El libro contiene 16 art\u00edculos cient\u00edficos y pr\u00e1cticos en 101 p\u00e1ginas.<br \/>Observaciones e investigaciones en el campo de la psicolog\u00eda y el asesoramiento psicol\u00f3gico, ejemplos pr\u00e1cticos. La publicaci\u00f3n presenta ampliamente el m\u00e9todo EOT (terapia emocional-imaginativa), de la doctora Linde (Mosc\u00fa), as\u00ed como uno de los m\u00e9todos de la doctora DSV Petrushina (Kaz\u00e1n). El libro se recomienda a todos los especialistas en ejercicio en el campo de la psicolog\u00eda y la psicoterapia, la sociolog\u00eda y la filosof\u00eda, as\u00ed como a todos los interesados y sedientos de conocimiento. <\/br><\/br><\/p>","protected":false},"excerpt":{"rendered":"<p>Autora: Yulia Durymanova Libro de tapa blanda con cubierta brillante. La portada est\u00e1 ilustrada por el propio autor. El libro contiene<\/p>","protected":false},"featured_media":5803,"comment_status":"open","ping_status":"open","template":"","meta":[],"product_brand":[],"product_cat":[58],"product_tag":[],"class_list":{"0":"post-5802","1":"product","2":"type-product","3":"status-publish","4":"has-post-thumbnail","6":"product_cat-psychological-literature","8":"first","9":"outofstock","10":"product-type-simple"},"_links":{"self":[{"href":"https:\/\/shercards.com\/es\/wp-json\/wp\/v2\/product\/5802","targetHints":{"allow":["GET"]}}],"collection":[{"href":"https:\/\/shercards.com\/es\/wp-json\/wp\/v2\/product"}],"about":[{"href":"https:\/\/shercards.com\/es\/wp-json\/wp\/v2\/types\/product"}],"replies":[{"embeddable":true,"href":"https:\/\/shercards.com\/es\/wp-json\/wp\/v2\/comments?post=5802"}],"wp:featuredmedia":[{"embeddable":true,"href":"https:\/\/shercards.com\/es\/wp-json\/wp\/v2\/media\/5803"}],"wp:attachment":[{"href":"https:\/\/shercards.com\/es\/wp-json\/wp\/v2\/media?parent=5802"}],"wp:term":[{"taxonomy":"product_brand","embeddable":true,"href":"https:\/\/shercards.com\/es\/wp-json\/wp\/v2\/product_brand?post=5802"},{"taxonomy":"product_cat","embeddable":true,"href":"https:\/\/shercards.com\/es\/wp-json\/wp\/v2\/product_cat?post=5802"},{"taxonomy":"product_tag","embeddable":true,"href":"https:\/\/shercards.com\/es\/wp-json\/wp\/v2\/product_tag?post=5802"}],"curies":[{"name":"wp","href":"https:\/\/api.w.org\/{rel}","templated":true}]}}