{"id":5805,"date":"2024-08-04T19:53:00","date_gmt":"2024-08-04T19:53:00","guid":{"rendered":"https:\/\/shercards.com\/index.php\/product\/this-is-my-body-and-i-can-do-what-i-want-with-it\/"},"modified":"2025-10-20T10:14:26","modified_gmt":"2025-10-20T10:14:26","slug":"this-is-my-body-and-i-can-do-what-i-want-with-it","status":"publish","type":"product","link":"https:\/\/shercards.com\/es\/producto\/this-is-my-body-and-i-can-do-what-i-want-with-it\/","title":{"rendered":"\u201cEste es mi cuerpo\u2026 y puedo hacer lo que quiera con \u00e9l\u201d."},"content":{"rendered":"<p>Autor: Matthias Hirsch<\/p>\n<p> Especificaciones: tapa dura, 381 pp.<\/p>\n<p> El inter\u00e9s por la b\u00fasqueda del significado psicoanal\u00edtico del cuerpo est\u00e1 relacionado con el contexto social (reflexiones sobre el \u201catractivo del cuerpo\u201d y el uso de la \u201ccirug\u00eda est\u00e9tica\u201d) y con diversas manifestaciones patol\u00f3gicas, como por ejemplo las autolesiones y los trastornos alimentarios. El contenido psicol\u00f3gico principal de estos trastornos es el intento de la persona de controlar su cuerpo lo m\u00e1ximo posible para evitar sentimientos de impotencia y sacrificar el cuerpo o parte de \u00e9l para salvar su identidad. Para preservar su identidad, las personas siempre han modificado sus cuerpos y los han manipulado como si fueran de su propiedad, pero al mismo tiempo, a veces el cuerpo ha sido tratado con extrema crueldad, como un objeto perteneciente al mundo exterior.<br \/> <\/br><br \/>El libro contiene v\u00edvidas ilustraciones cl\u00ednicas de formas modernas, a menudo extra\u00f1as, de tratamiento del cuerpo, que se consideran manifestaciones de relaciones psicol\u00f3gicas complejas entre personas. <\/br><\/br><\/p>","protected":false},"excerpt":{"rendered":"<p>Autor: Matthias Hirsch Especificaciones: tapa dura, 381 pp. El inter\u00e9s permanente por la b\u00fasqueda del significado psicoanal\u00edtico del cuerpo<\/p>","protected":false},"featured_media":5806,"comment_status":"open","ping_status":"open","template":"","meta":[],"product_brand":[],"product_cat":[58],"product_tag":[],"class_list":{"0":"post-5805","1":"product","2":"type-product","3":"status-publish","4":"has-post-thumbnail","6":"product_cat-psychological-literature","8":"first","9":"outofstock","10":"product-type-simple"},"_links":{"self":[{"href":"https:\/\/shercards.com\/es\/wp-json\/wp\/v2\/product\/5805","targetHints":{"allow":["GET"]}}],"collection":[{"href":"https:\/\/shercards.com\/es\/wp-json\/wp\/v2\/product"}],"about":[{"href":"https:\/\/shercards.com\/es\/wp-json\/wp\/v2\/types\/product"}],"replies":[{"embeddable":true,"href":"https:\/\/shercards.com\/es\/wp-json\/wp\/v2\/comments?post=5805"}],"wp:featuredmedia":[{"embeddable":true,"href":"https:\/\/shercards.com\/es\/wp-json\/wp\/v2\/media\/5806"}],"wp:attachment":[{"href":"https:\/\/shercards.com\/es\/wp-json\/wp\/v2\/media?parent=5805"}],"wp:term":[{"taxonomy":"product_brand","embeddable":true,"href":"https:\/\/shercards.com\/es\/wp-json\/wp\/v2\/product_brand?post=5805"},{"taxonomy":"product_cat","embeddable":true,"href":"https:\/\/shercards.com\/es\/wp-json\/wp\/v2\/product_cat?post=5805"},{"taxonomy":"product_tag","embeddable":true,"href":"https:\/\/shercards.com\/es\/wp-json\/wp\/v2\/product_tag?post=5805"}],"curies":[{"name":"wp","href":"https:\/\/api.w.org\/{rel}","templated":true}]}}