{"id":5809,"date":"2024-08-04T19:54:18","date_gmt":"2024-08-04T19:54:18","guid":{"rendered":"https:\/\/shercards.com\/index.php\/product\/absence-is-a-bridge-between-us-depressive-experience-in-the-perspective-of-gestalt-therapy\/"},"modified":"2025-10-20T10:14:26","modified_gmt":"2025-10-20T10:14:26","slug":"absence-is-a-bridge-between-us-depressive-experience-in-the-perspective-of-gestalt-therapy","status":"publish","type":"product","link":"https:\/\/shercards.com\/es\/producto\/absence-is-a-bridge-between-us-depressive-experience-in-the-perspective-of-gestalt-therapy\/","title":{"rendered":"\u201cLa ausencia es un puente entre nosotros. La experiencia depresiva en la perspectiva de la terapia Gestalt\u201d"},"content":{"rendered":"<p>Editado por Gianni Francesetti<\/p>\n<p> Especificaciones: tapa dura, 396 pp.<\/p>\n<p> Este libro es una descripci\u00f3n fundamental de la fenomenolog\u00eda y la terapia de la depresi\u00f3n desde la perspectiva del enfoque Gestalt. Se revelan las particularidades de la depresi\u00f3n melanc\u00f3lica y reactiva, as\u00ed como de los estados man\u00edacos, las caracter\u00edsticas de la experiencia depresiva en varios estilos personales (narcisista, lim\u00edtrofe, hist\u00e9rica, dependiente, obsesivo-compulsiva) y se proporcionan numerosas ilustraciones cl\u00ednicas. Un cap\u00edtulo aparte describe las experiencias del terapeuta mientras trabaja con pacientes deprimidos y ciertas din\u00e1micas de la relaci\u00f3n terap\u00e9utica inherentes a este trabajo.<br \/>Una parte importante del libro est\u00e1 dedicada a las caracter\u00edsticas de los trastornos depresivos en determinadas etapas de la vida (maternidad, infancia, adolescencia, vejez), que requieren formas espec\u00edficas de apoyo terap\u00e9utico. El lenguaje de los autores refleja su profundidad e inspiraci\u00f3n, lo que resulta inestimable a la hora de trabajar con esta categor\u00eda de pacientes. <\/br><\/br><\/p>","protected":false},"excerpt":{"rendered":"<p>Editado por Gianni Francesetti Especificaciones: tapa dura, 396 pp. Este libro es una descripci\u00f3n fundamental de la fenomenolog\u00eda y la terapia de<\/p>","protected":false},"featured_media":5810,"comment_status":"open","ping_status":"open","template":"","meta":[],"product_brand":[],"product_cat":[58],"product_tag":[],"class_list":{"0":"post-5809","1":"product","2":"type-product","3":"status-publish","4":"has-post-thumbnail","6":"product_cat-psychological-literature","8":"first","9":"outofstock","10":"product-type-simple"},"_links":{"self":[{"href":"https:\/\/shercards.com\/es\/wp-json\/wp\/v2\/product\/5809","targetHints":{"allow":["GET"]}}],"collection":[{"href":"https:\/\/shercards.com\/es\/wp-json\/wp\/v2\/product"}],"about":[{"href":"https:\/\/shercards.com\/es\/wp-json\/wp\/v2\/types\/product"}],"replies":[{"embeddable":true,"href":"https:\/\/shercards.com\/es\/wp-json\/wp\/v2\/comments?post=5809"}],"wp:featuredmedia":[{"embeddable":true,"href":"https:\/\/shercards.com\/es\/wp-json\/wp\/v2\/media\/5810"}],"wp:attachment":[{"href":"https:\/\/shercards.com\/es\/wp-json\/wp\/v2\/media?parent=5809"}],"wp:term":[{"taxonomy":"product_brand","embeddable":true,"href":"https:\/\/shercards.com\/es\/wp-json\/wp\/v2\/product_brand?post=5809"},{"taxonomy":"product_cat","embeddable":true,"href":"https:\/\/shercards.com\/es\/wp-json\/wp\/v2\/product_cat?post=5809"},{"taxonomy":"product_tag","embeddable":true,"href":"https:\/\/shercards.com\/es\/wp-json\/wp\/v2\/product_tag?post=5809"}],"curies":[{"name":"wp","href":"https:\/\/api.w.org\/{rel}","templated":true}]}}