{"id":5813,"date":"2024-08-04T19:54:18","date_gmt":"2024-08-04T19:54:18","guid":{"rendered":"https:\/\/shercards.com\/index.php\/product\/hug-your-inner-child\/"},"modified":"2025-10-20T10:14:26","modified_gmt":"2025-10-20T10:14:26","slug":"hug-your-inner-child","status":"publish","type":"product","link":"https:\/\/shercards.com\/es\/producto\/hug-your-inner-child\/","title":{"rendered":"\u201cAbraza a tu ni\u00f1o interior\u201d"},"content":{"rendered":"<p>Autor: Evgenia Pogudina<br \/>Caracter\u00edsticas: tapa dura, 128 p\u00e1ginas.<br \/>Establecer contacto con nuestra parte infantil, nuestro ni\u00f1o interior, es una tarea importante y gratificante. Cada vez m\u00e1s profesionales en el campo de la psicolog\u00eda pr\u00e1ctica llegan a la conclusi\u00f3n de que la interacci\u00f3n con el ni\u00f1o interior tiene un efecto curativo en nuestras vidas. Al mismo tiempo, a menudo existe un malentendido: \u00bfc\u00f3mo se puede establecer este contacto de forma competente y cuidadosa? \u00bfQu\u00e9 palabras decirle a nuestro ni\u00f1o interior? \u00bfA qu\u00e9 hay que prestar especial atenci\u00f3n?<br \/>En el libro encontrar\u00e1s consejos sobre todas estas cuestiones. Contiene 108 de los mensajes m\u00e1s importantes que se aplican a una variedad de situaciones en la vida de cualquier persona. Los mensajes est\u00e1n formulados espec\u00edficamente para el ni\u00f1o interior, cada mensaje tiene una explicaci\u00f3n de por qu\u00e9 esta formulaci\u00f3n en particular es importante y a qu\u00e9 debes prestar atenci\u00f3n cuando pronunciamos este mensaje. Gracias al trabajo regular con este libro, aprender\u00e1s a tratarte a ti mismo con cuidado y compasi\u00f3n.<br \/>Esta publicaci\u00f3n ser\u00e1 de inter\u00e9s para: <\/p>\n<ul> <\/p>\n<li>\u00bfAlguien interesado en este tema?<\/li>\n<li>Aspirantes a psic\u00f3logos, para comprender mejor las caracter\u00edsticas del trabajo con el \u201cni\u00f1o interior\u201d<\/li>\n<li>Profesionales que quieran enriquecer su pr\u00e1ctica<\/li>\n<li>L\u00edderes de grupos terap\u00e9uticos, maestros del calmante<\/li>\n<li>Cualquier persona que necesite herramientas espec\u00edficas para trabajar con la infancia de un adulto.<\/li>\n<p> <\/br><\/ul>\n<p> Citas:<br \/>\u201cS\u00e9 que cuando nos dirigimos a nuestro Ni\u00f1o Interior como una parte separada de nosotros con la que podemos construir un di\u00e1logo que pueda ser observado, salimos del estado de fusi\u00f3n con el Ni\u00f1o Interior y entrenamos una posici\u00f3n de observaci\u00f3n amable hacia nosotros mismos. A trav\u00e9s de esto realmente comenzamos a recibir apoyo y comenzamos el proceso de curaci\u00f3n de nuestro mundo emocional interior.<br \/>Nuestro Ni\u00f1o Interior necesita que alguien lo cuide. Este libro de mensajes es precisamente una herramienta que ayuda a cultivar la parte receptiva y observadora de nosotros mismos que ya no rechaza. Para muchos de nosotros, nuestro padre interior es un mat\u00f3n con un l\u00e1tigo que solo critica y culpa. Si nos ayudara, nos habr\u00edamos dado cuenta hace mucho tiempo. Pero los golpes emocionales nunca ayudar\u00e1n. Y la habilidad de apoyarnos a nosotros mismos, nuestra parte infantil, por desgracia, no suele transmitirse por herencia...<br \/>\u201cSi nos han dicho o hecho entender algo despectivo y devaluador sobre nosotros un mill\u00f3n de veces, para detener el impacto de tales declaraciones, necesitamos recibir un mill\u00f3n y un mensaje de apoyo m\u00e1s. Nunca hay suficiente apoyo. Seg\u00fan mis observaciones, para la mayor\u00eda de nosotros, el apoyo sano, sincero y sanador es dolorosamente insuficiente. Por lo tanto, lee los mensajes, rel\u00e9elos, dilos en voz alta, d\u00edselos a tu Ni\u00f1o Interior tanto como lo necesites\u201d.<br \/>Razones por las que deber\u00edas comprar este libro:<br \/>1. Adquirir\u00e1s una gu\u00eda \u00fanica para el trabajo independiente y cuidadoso con el ni\u00f1o interior.<br \/>2. El libro est\u00e1 escrito en un lenguaje sencillo, figurativo y accesible.<br \/>3. El autor del libro da pautas claras para trabajar con la parte infantil del adulto.<\/p>\n<p> 4. Los mensajes del libro se pueden utilizar en una variedad de formatos de trabajo psicol\u00f3gico con el ni\u00f1o interior. <\/br><\/br><\/p>","protected":false},"excerpt":{"rendered":"<p>Autor: Evgenia PogudinaCaracter\u00edsticas: tapa dura, 128 p\u00e1ginasEstablecer contacto con nuestra parte infantil, nuestro ni\u00f1o interior, es una tarea importante y gratificante.<\/p>","protected":false},"featured_media":5814,"comment_status":"open","ping_status":"open","template":"","meta":[],"product_brand":[],"product_cat":[58],"product_tag":[],"class_list":{"0":"post-5813","1":"product","2":"type-product","3":"status-publish","4":"has-post-thumbnail","6":"product_cat-psychological-literature","8":"first","9":"outofstock","10":"product-type-simple"},"_links":{"self":[{"href":"https:\/\/shercards.com\/es\/wp-json\/wp\/v2\/product\/5813","targetHints":{"allow":["GET"]}}],"collection":[{"href":"https:\/\/shercards.com\/es\/wp-json\/wp\/v2\/product"}],"about":[{"href":"https:\/\/shercards.com\/es\/wp-json\/wp\/v2\/types\/product"}],"replies":[{"embeddable":true,"href":"https:\/\/shercards.com\/es\/wp-json\/wp\/v2\/comments?post=5813"}],"wp:featuredmedia":[{"embeddable":true,"href":"https:\/\/shercards.com\/es\/wp-json\/wp\/v2\/media\/5814"}],"wp:attachment":[{"href":"https:\/\/shercards.com\/es\/wp-json\/wp\/v2\/media?parent=5813"}],"wp:term":[{"taxonomy":"product_brand","embeddable":true,"href":"https:\/\/shercards.com\/es\/wp-json\/wp\/v2\/product_brand?post=5813"},{"taxonomy":"product_cat","embeddable":true,"href":"https:\/\/shercards.com\/es\/wp-json\/wp\/v2\/product_cat?post=5813"},{"taxonomy":"product_tag","embeddable":true,"href":"https:\/\/shercards.com\/es\/wp-json\/wp\/v2\/product_tag?post=5813"}],"curies":[{"name":"wp","href":"https:\/\/api.w.org\/{rel}","templated":true}]}}