{"id":5817,"date":"2024-08-04T19:54:18","date_gmt":"2024-08-04T19:54:18","guid":{"rendered":"https:\/\/shercards.com\/index.php\/product\/everyday-mysteries-existential-dimensions-of-psychotherapy\/"},"modified":"2025-10-20T10:14:26","modified_gmt":"2025-10-20T10:14:26","slug":"everyday-mysteries-existential-dimensions-of-psychotherapy","status":"publish","type":"product","link":"https:\/\/shercards.com\/es\/producto\/everyday-mysteries-existential-dimensions-of-psychotherapy\/","title":{"rendered":"\u201cMisterios cotidianos. Dimensiones existenciales de la psicoterapia\u201d"},"content":{"rendered":"<p>Autor: Emmy Van Dorzen<\/p>\n<p> Especificaciones: tapa dura, 446 pp.<\/p>\n<p> Todav\u00eda no se ha encontrado una respuesta definitiva a la pregunta de qu\u00e9 es la psicoterapia existencial. Al mismo tiempo, algunos, como Ernesto Spinelli, est\u00e1n convencidos de que es necesario hablar de terapia existencial, ya que la adici\u00f3n de \u201cpsico\u201d distorsiona el significado. Y otros, como Mick Cooper, creen que esta frase deber\u00eda usarse en plural, es decir, \u201cterapia\u201d, porque una alfombra tan heterog\u00e9nea de pr\u00e1cticas no se puede peinar con un solo cepillo.<br \/>El libro que se ofrece a los lectores fue escrito hace m\u00e1s de 20 a\u00f1os y se convirti\u00f3 no s\u00f3lo en uno de los primeros intentos de describir el enfoque, sino tambi\u00e9n en una excelente herramienta did\u00e1ctica para muchos practicantes existencialistas. Una presentaci\u00f3n inspirada de los fundamentos filos\u00f3ficos te\u00f3ricos se complementa no s\u00f3lo con un repaso de los intentos de aplicarlos en la pr\u00e1ctica \u2013desde los primeros Binswanger y Boss hist\u00f3ricamente hasta los actuales Yalom y Achenbach\u2013, sino tambi\u00e9n con la propia idea del autor sobre los objetivos, las reglas y la estructura del proyecto existencialista. El libro termina con una descripci\u00f3n detallada de un estudio de caso. <\/br><\/br><\/p>","protected":false},"excerpt":{"rendered":"<p>Autor: Emmy Van Dorzen Especificaciones: tapa dura, 446 pp. Una respuesta definitiva a la pregunta de qu\u00e9 es la psicoterapia existencial.<\/p>","protected":false},"featured_media":5818,"comment_status":"open","ping_status":"open","template":"","meta":[],"product_brand":[],"product_cat":[58],"product_tag":[],"class_list":{"0":"post-5817","1":"product","2":"type-product","3":"status-publish","4":"has-post-thumbnail","6":"product_cat-psychological-literature","8":"first","9":"outofstock","10":"product-type-simple"},"_links":{"self":[{"href":"https:\/\/shercards.com\/es\/wp-json\/wp\/v2\/product\/5817","targetHints":{"allow":["GET"]}}],"collection":[{"href":"https:\/\/shercards.com\/es\/wp-json\/wp\/v2\/product"}],"about":[{"href":"https:\/\/shercards.com\/es\/wp-json\/wp\/v2\/types\/product"}],"replies":[{"embeddable":true,"href":"https:\/\/shercards.com\/es\/wp-json\/wp\/v2\/comments?post=5817"}],"wp:featuredmedia":[{"embeddable":true,"href":"https:\/\/shercards.com\/es\/wp-json\/wp\/v2\/media\/5818"}],"wp:attachment":[{"href":"https:\/\/shercards.com\/es\/wp-json\/wp\/v2\/media?parent=5817"}],"wp:term":[{"taxonomy":"product_brand","embeddable":true,"href":"https:\/\/shercards.com\/es\/wp-json\/wp\/v2\/product_brand?post=5817"},{"taxonomy":"product_cat","embeddable":true,"href":"https:\/\/shercards.com\/es\/wp-json\/wp\/v2\/product_cat?post=5817"},{"taxonomy":"product_tag","embeddable":true,"href":"https:\/\/shercards.com\/es\/wp-json\/wp\/v2\/product_tag?post=5817"}],"curies":[{"name":"wp","href":"https:\/\/api.w.org\/{rel}","templated":true}]}}